{"id":6912,"date":"2025-08-29T06:16:54","date_gmt":"2025-08-29T06:16:54","guid":{"rendered":"https:\/\/dersuessestopp.com\/?post_type=product&#038;p=6912"},"modified":"2025-09-24T20:01:57","modified_gmt":"2025-09-24T20:01:57","slug":"nissei-power-combi-tt-compact-power","status":"publish","type":"product","link":"https:\/\/dersuessestopp.com\/it\/product\/nissei-power-combi-tt-compact-power\/","title":{"rendered":"Nissei Power Combi TT - Potenza compatta"},"content":{"rendered":"<div data-breakout=\"normal\">\n<p id=\"viewer-eq1yj396\" class=\"LThh9 tL1tz t3L08 qufKF\" dir=\"auto\"><span class=\"AAYkC\">Il Power Combi TT di Nissei \u00e8 il pi\u00f9 piccolo della serie combi, ma non per questo \u00e8 meno performante. Con una capacit\u00e0 di 55 litri all'ora e la possibilit\u00e0 di servire un gusto soft serve e quattro variet\u00e0 di milkshake, \u00e8 perfetto per i locali con spazio limitato ma con una domanda elevata, come i piccoli bar e i minimarket. Le dimensioni compatte e il design ad alta efficienza energetica ne fanno una scelta intelligente per le aziende che desiderano massimizzare la produzione senza compromettere lo spazio.<\/span><\/p>\n<\/div>\n<div data-breakout=\"normal\">\n<h3 id=\"viewer-5wnel4422\" class=\"RsvCW _3Z2KS t3L08 qufKF\" dir=\"auto\"><span class=\"qnKJ9\"><strong>NISSEI - Fiducia nei professionisti alla ricerca della perfezione<\/strong><\/span><\/h3>\n<\/div>\n<div data-breakout=\"normal\">\n<p id=\"viewer-big1i4951\" class=\"LThh9 tL1tz t3L08 qufKF\" dir=\"auto\"><span class=\"AAYkC\">Con oltre 35 anni di continue innovazioni, NISSEI NL \u00e8 all'avanguardia nella tecnologia del soft serve e del frozen yogurt. Le nostre macchine sono realizzate a mano con precisione e costruite per durare nel tempo, per garantire un funzionamento regolare ed efficiente della vostra attivit\u00e0.<\/span><\/p>\n<\/div>\n<div data-hook=\"rcv-block8\"><strong>Con un curriculum impressionante negli ultimi 30 anni in Europa.<\/strong><\/div>\n<div data-breakout=\"normal\">\n<ul class=\"Ior1H t3L08\">\n<li class=\"w4rN-\" dir=\"auto\">\n<p id=\"viewer-hd7ob265\" class=\"LThh9 tL1tz t3L08 qufKF\" dir=\"\"><span class=\"AAYkC\"><strong>Oltre 7.000 macchine<\/strong>\u00a0lavorati con precisione e venduti in tutta Europa<\/span><\/p>\n<\/li>\n<li class=\"w4rN-\" dir=\"auto\">\n<p id=\"viewer-0ddhr269\" class=\"LThh9 tL1tz t3L08 qufKF\" dir=\"\"><span class=\"AAYkC\"><strong>Oltre 4.500 unit\u00e0<\/strong>\u00a0ancora oggi in funzione<\/span><\/p>\n<\/li>\n<li class=\"w4rN-\" dir=\"auto\">\n<p id=\"viewer-8mxss273\" class=\"LThh9 tL1tz t3L08 qufKF\" dir=\"\"><span class=\"AAYkC\"><strong>Fiducia da parte di aziende leader<\/strong><\/span><\/p>\n<\/li>\n<\/ul>\n<\/div>\n<div data-hook=\"rcv-block12\">\n<div>\n<div class=\"V7Yu5 tJLLb\" data-hook=\"collapsible-list-item expanded\">\n<div class=\"Qd-Py\">\n<div class=\"UfDyV _1n3i3 FXHR4 FMcOw\" data-hook=\"collapsible-list-item-title\">\n<div>\n<p id=\"viewer-y10fv2602\" class=\"LThh9 tL1tz qufKF\" dir=\"auto\"><span class=\"AAYkC\"><strong>Descrizione<\/strong><\/span><\/p>\n<\/div>\n<\/div>\n<div>\n<div class=\"UfDyV _1n3i3 FXHR4 FMcOw\" data-hook=\"collapsible-list-item-title\">\n<div>\n<p id=\"viewer-w4b6w18044\" class=\"LThh9 tL1tz qufKF\" dir=\"auto\"><span class=\"AAYkC\">Il Power Combi TT \u00e8 unico nel suo genere. Perch\u00e9? Perch\u00e9 \u00e8 il modello pi\u00f9 compatto ed efficiente dal punto di vista energetico. Grazie alle sue dimensioni contenute, questa macchina si adatta a qualsiasi attivit\u00e0 commerciale. \u00c8 sufficiente posizionarla su un tavolo o un piano di lavoro per iniziare a vendere gelati e frapp\u00e9. Grazie al suo intuitivo touchscreen, questa macchina \u00e8 facile da usare per voi e per i vostri dipendenti. Grazie alla tecnologia RAPP, questa macchina \u00e8 in grado di offrire costantemente gelati e frapp\u00e9 di alta qualit\u00e0.<\/span><\/p>\n<\/div>\n<\/div>\n<\/div>\n<\/div>\n<\/div>\n<\/div>\n<div>\n<div class=\"V7Yu5 tJLLb\" data-hook=\"collapsible-list-item expanded\">\n<div class=\"_0--Hh\">\n<div class=\"lZBgD has-custom-focus\" role=\"button\" data-hook=\"collapsible-list-expand-button\" aria-label=\"L&#039;articolo \u00e8 espanso\">\n<div>\n<div class=\"V7Yu5 tJLLb\" data-hook=\"collapsible-list-item expanded\">\n<div class=\"Qd-Py\">\n<div class=\"UfDyV _1n3i3 FXHR4 FMcOw\" data-hook=\"collapsible-list-item-title\">\n<div>\n<p id=\"viewer-c41nd2678\" class=\"LThh9 tL1tz qufKF\" dir=\"auto\"><span class=\"AAYkC\"><strong>Caratteristiche<\/strong><\/span><\/p>\n<\/div>\n<\/div>\n<div>\n<div class=\"UfDyV _1n3i3 FXHR4 FMcOw\" data-hook=\"collapsible-list-item-title\">\n<div>\n<ul class=\"Ior1H\">\n<li class=\"w4rN-\" dir=\"auto\">\n<p id=\"viewer-f40qu18166\" class=\"LThh9 tL1tz qufKF\" dir=\"\"><span class=\"AAYkC\">Tecnologia RAPP<\/span><\/p>\n<\/li>\n<li class=\"w4rN-\" dir=\"auto\">\n<p id=\"viewer-jfjva18220\" class=\"LThh9 tL1tz qufKF\" dir=\"\"><span class=\"AAYkC\">Touchscreen intuitivo<\/span><\/p>\n<\/li>\n<li class=\"w4rN-\" dir=\"auto\">\n<p id=\"viewer-reqoh18258\" class=\"LThh9 tL1tz qufKF\" dir=\"\"><span class=\"AAYkC\">1 gusto di soft serve<\/span><\/p>\n<\/li>\n<li class=\"w4rN-\" dir=\"auto\">\n<p id=\"viewer-bqj7118335\" class=\"LThh9 tL1tz qufKF\" dir=\"\"><span class=\"AAYkC\">4 gusti di frullato<\/span><\/p>\n<\/li>\n<li class=\"w4rN-\" dir=\"auto\">\n<p id=\"viewer-vp87k18480\" class=\"LThh9 tL1tz qufKF\" dir=\"\"><span class=\"AAYkC\">Frullato autoporzionato (APM)<\/span><\/p>\n<\/li>\n<li class=\"w4rN-\" dir=\"auto\">\n<p id=\"viewer-zmwp118565\" class=\"LThh9 tL1tz qufKF\" dir=\"\"><span class=\"AAYkC\">Scomparto di congelamento a 3 camere<\/span><\/p>\n<\/li>\n<li class=\"w4rN-\" dir=\"auto\">\n<p id=\"viewer-89ea918611\" class=\"LThh9 tL1tz qufKF\" dir=\"\"><span class=\"AAYkC\">Smontaggio e pulizia solo 1 volta ogni 6 settimane<\/span><\/p>\n<\/li>\n<li class=\"w4rN-\" dir=\"auto\">\n<p id=\"viewer-nrbvy18777\" class=\"LThh9 tL1tz qufKF\" dir=\"\"><span class=\"AAYkC\">Pastorizzazione<\/span><\/p>\n<\/li>\n<li class=\"w4rN-\" dir=\"auto\">\n<p id=\"viewer-s2yec18827\" class=\"LThh9 tL1tz qufKF\" dir=\"\"><span class=\"AAYkC\">Garanzia unica di 5 anni<br \/>\n<\/span><\/p>\n<\/li>\n<\/ul>\n<p><span class=\"AAYkC\"><strong>Specifiche<\/strong><\/span><\/p>\n<div class=\"_5G9RM\">\n<table>\n<thead>\n<tr>\n<th>Specifiche<\/th>\n<th>Dettagli<\/th>\n<\/tr>\n<\/thead>\n<tbody>\n<tr>\n<td><strong>Capacit\u00e0<\/strong><\/td>\n<td>55 litri all'ora<\/td>\n<\/tr>\n<tr>\n<td><strong>Volume<\/strong><\/td>\n<td>Cilindro congelatore da 2,5 litri<\/td>\n<\/tr>\n<tr>\n<td><strong>Pompa<\/strong><\/td>\n<td>Pompa RAPP innovativa<\/td>\n<\/tr>\n<tr>\n<td><strong>Raffreddato ad acqua<\/strong><\/td>\n<td>Ca. 40m\u00b3 di consumo di acqua di raffreddamento all'anno<\/td>\n<\/tr>\n<tr>\n<td><strong>Peso<\/strong><\/td>\n<td>135 kg<\/td>\n<\/tr>\n<tr>\n<td><strong>Dimensioni<\/strong><\/td>\n<td>H 82 \u00d7 B 46 \u00d7 P 76 cm<\/td>\n<\/tr>\n<tr>\n<td><strong>Connessione<\/strong><\/td>\n<td>400 Volt + 0 + A, 3 kWh<\/td>\n<\/tr>\n<\/tbody>\n<\/table>\n<\/div>\n<\/div>\n<\/div>\n<\/div>\n<\/div>\n<\/div>\n<\/div>\n<div>\n<div class=\"V7Yu5 tJLLb\" data-hook=\"collapsible-list-item expanded\">\n<div class=\"_0--Hh\">\n<div class=\"lZBgD has-custom-focus\" role=\"button\" data-hook=\"collapsible-list-expand-button\" aria-label=\"L&#039;articolo \u00e8 espanso\">\n<div class=\"UfDyV _1n3i3 FXHR4 FMcOw\" data-hook=\"collapsible-list-item-title\">\n<div>\n<p id=\"viewer-ftvx24683\" class=\"LThh9 tL1tz qufKF\" dir=\"auto\"><span class=\"AAYkC\"><strong>Opzioni extra<\/strong><\/span><\/p>\n<\/div>\n<\/div>\n<div>\n<div class=\"UfDyV _1n3i3 FXHR4 FMcOw\" data-hook=\"collapsible-list-item-title\">\n<div>\n<ul class=\"Ior1H\">\n<li class=\"w4rN-\" dir=\"auto\">\n<p id=\"viewer-ep1ca20745\" class=\"LThh9 tL1tz qufKF\" dir=\"\"><span class=\"AAYkC\">Sistema di riempimento a secco per miscele in polvere<\/span><\/p>\n<\/li>\n<li class=\"w4rN-\" dir=\"auto\">\n<p id=\"viewer-dald520874\" class=\"LThh9 tL1tz qufKF\" dir=\"\"><span class=\"AAYkC\">Funzione Thickshake<\/span><\/p>\n<\/li>\n<li class=\"w4rN-\" dir=\"auto\">\n<p id=\"viewer-hqofp20962\" class=\"LThh9 tL1tz qufKF\" dir=\"\"><span class=\"AAYkC\">Ghiaccio Twister<\/span><\/p>\n<\/li>\n<li class=\"w4rN-\" dir=\"auto\">\n<p id=\"viewer-k4cel21052\" class=\"LThh9 tL1tz qufKF\" dir=\"\"><span class=\"AAYkC\">Filtro dell'acqua<\/span><\/p>\n<\/li>\n<\/ul>\n<\/div>\n<\/div>\n<\/div>\n<\/div>\n<\/div>\n<\/div>\n<\/div>\n<\/div>\n<\/div>\n<\/div>\n<\/div>\n<\/div>","protected":false},"excerpt":{"rendered":"<p>The Nissei Power Combi TT is the smallest in the combi series but doesn&#8217;t fall short on performance. With a capacity of 55 liters per hour and the ability to serve one soft serve flavor and four milkshake varieties, it&#8217;s perfect for establishments with limited space but high demand, such as small cafes and convenience [&hellip;]<\/p>\n","protected":false},"featured_media":6913,"comment_status":"open","ping_status":"closed","template":"","meta":[],"product_brand":[],"product_cat":[62],"product_tag":[],"class_list":{"0":"post-6912","1":"product","2":"type-product","3":"status-publish","4":"has-post-thumbnail","6":"product_cat-combi-ice-cream-milkshake","8":"first","9":"instock","10":"shipping-taxable","11":"product-type-simple"},"_links":{"self":[{"href":"https:\/\/dersuessestopp.com\/it\/wp-json\/wp\/v2\/product\/6912","targetHints":{"allow":["GET"]}}],"collection":[{"href":"https:\/\/dersuessestopp.com\/it\/wp-json\/wp\/v2\/product"}],"about":[{"href":"https:\/\/dersuessestopp.com\/it\/wp-json\/wp\/v2\/types\/product"}],"replies":[{"embeddable":true,"href":"https:\/\/dersuessestopp.com\/it\/wp-json\/wp\/v2\/comments?post=6912"}],"version-history":[{"count":1,"href":"https:\/\/dersuessestopp.com\/it\/wp-json\/wp\/v2\/product\/6912\/revisions"}],"predecessor-version":[{"id":6915,"href":"https:\/\/dersuessestopp.com\/it\/wp-json\/wp\/v2\/product\/6912\/revisions\/6915"}],"wp:featuredmedia":[{"embeddable":true,"href":"https:\/\/dersuessestopp.com\/it\/wp-json\/wp\/v2\/media\/6913"}],"wp:attachment":[{"href":"https:\/\/dersuessestopp.com\/it\/wp-json\/wp\/v2\/media?parent=6912"}],"wp:term":[{"taxonomy":"product_brand","embeddable":true,"href":"https:\/\/dersuessestopp.com\/it\/wp-json\/wp\/v2\/product_brand?post=6912"},{"taxonomy":"product_cat","embeddable":true,"href":"https:\/\/dersuessestopp.com\/it\/wp-json\/wp\/v2\/product_cat?post=6912"},{"taxonomy":"product_tag","embeddable":true,"href":"https:\/\/dersuessestopp.com\/it\/wp-json\/wp\/v2\/product_tag?post=6912"}],"curies":[{"name":"wp","href":"https:\/\/api.w.org\/{rel}","templated":true}]}}