{"id":6904,"date":"2025-08-29T05:39:40","date_gmt":"2025-08-29T05:39:40","guid":{"rendered":"https:\/\/dersuessestopp.com\/?post_type=product&#038;p=6904"},"modified":"2025-08-29T05:40:39","modified_gmt":"2025-08-29T05:40:39","slug":"spaceman-6235ab-c-congelatore-compatto-twin-twist-per-servizio-soft","status":"publish","type":"product","link":"https:\/\/dersuessestopp.com\/it\/product\/spaceman-6235ab-c-compact-twin-twist-soft-serve-freezer\/","title":{"rendered":"Spaceman 6235AB-C - Congelatore compatto Twin-Twist per bevande analcoliche"},"content":{"rendered":"<p data-start=\"192\" data-end=\"589\">Spaceman 6235AB-C \u00e8 un versatile congelatore twin-twist progettato per gli operatori che desiderano servire due gusti pi\u00f9 un'opzione twist in un ingombro ridotto. Con la capacit\u00e0 di produrre fino a <strong data-start=\"390\" data-end=\"421\">380 porzioni (80 g) all'ora<\/strong>, Questo modello \u00e8 ideale per caffetterie, piccole gelaterie, negozi di frozen yogurt, ristoranti e minimarket che cercano prestazioni affidabili e flessibilit\u00e0 nei menu.<\/p>\n<p data-start=\"591\" data-end=\"933\">Caratterizzato da <strong data-start=\"601\" data-end=\"632\">due tramogge refrigerate da 5L<\/strong> e <strong data-start=\"637\" data-end=\"668\">due cilindri congelatori da 1,7L<\/strong>, Il 6235AB-C assicura una qualit\u00e0 costante del prodotto, una consistenza omogenea e un funzionamento efficiente. Il suo design salvaspazio lo rende una scelta eccellente per le aziende con spazio limitato sul bancone, mentre l'avanzata tecnologia di congelamento Spaceman garantisce una produzione affidabile.<\/p>\n<hr data-start=\"935\" data-end=\"938\" \/>\n<h3 data-start=\"935\" data-end=\"953\">Caratteristiche principali<\/h3>\n<ul data-start=\"954\" data-end=\"1803\">\n<li data-start=\"954\" data-end=\"1050\">\n<p data-start=\"956\" data-end=\"1050\"><strong data-start=\"956\" data-end=\"981\">Erogazione Twin Twist<\/strong> - Offre due gusti pi\u00f9 un'opzione twist per una maggiore variet\u00e0 di menu.<\/p>\n<\/li>\n<li data-start=\"1051\" data-end=\"1167\">\n<p data-start=\"1053\" data-end=\"1167\"><strong data-start=\"1053\" data-end=\"1073\">Produzione efficiente<\/strong> - Produce fino a <strong data-start=\"1091\" data-end=\"1122\">380 porzioni (80 g) all'ora<\/strong>, ideale per le aziende con volumi medio-piccoli.<\/p>\n<\/li>\n<li data-start=\"1168\" data-end=\"1266\">\n<p data-start=\"1170\" data-end=\"1266\"><strong data-start=\"1170\" data-end=\"1197\">Doppio cilindro di congelamento<\/strong> - 2 cilindri da 1,7L garantiscono una consistenza omogenea e un recupero rapido.<\/p>\n<\/li>\n<li data-start=\"1267\" data-end=\"1351\">\n<p data-start=\"1269\" data-end=\"1351\"><strong data-start=\"1269\" data-end=\"1293\">Tramogge refrigerate<\/strong> - 2 tramogge da 5L mantengono il prodotto fresco per tutto il giorno.<\/p>\n<\/li>\n<li data-start=\"1352\" data-end=\"1455\">\n<p data-start=\"1354\" data-end=\"1455\"><strong data-start=\"1354\" data-end=\"1388\">Controlli semplici e facili da usare<\/strong> - Funzionamento semplice con monitoraggio della consistenza e della temperatura.<\/p>\n<\/li>\n<li data-start=\"1456\" data-end=\"1534\">\n<p data-start=\"1458\" data-end=\"1534\"><strong data-start=\"1458\" data-end=\"1474\">Modalit\u00e0 standby<\/strong> - Garantisce la sicurezza e la freschezza dei prodotti durante i periodi di inattivit\u00e0.<\/p>\n<\/li>\n<li data-start=\"1535\" data-end=\"1642\">\n<p data-start=\"1537\" data-end=\"1642\"><strong data-start=\"1537\" data-end=\"1565\">Caratteristiche di sicurezza integrate<\/strong> - Include l'avviso di basso livello di miscela, la protezione da sovraccarico e le protezioni di temperatura.<\/p>\n<\/li>\n<li data-start=\"1643\" data-end=\"1733\">\n<p data-start=\"1645\" data-end=\"1733\"><strong data-start=\"1645\" data-end=\"1685\">Struttura resistente in acciaio inox<\/strong> - Design compatto e affidabile per un utilizzo a lungo termine.<\/p>\n<\/li>\n<li data-start=\"1734\" data-end=\"1803\">\n<p data-start=\"1736\" data-end=\"1803\"><strong data-start=\"1736\" data-end=\"1756\">Opzione disponibile<\/strong> - Scivolo d'aria per esigenze di installazione flessibili.<\/p>\n<\/li>\n<\/ul>\n<hr data-start=\"935\" data-end=\"938\" \/>\n<h3 data-start=\"1805\" data-end=\"1825\">Specifiche tecniche<\/h3>\n<table>\n<thead>\n<tr>\n<th>Caratteristica<\/th>\n<th>Dettagli<\/th>\n<\/tr>\n<\/thead>\n<tbody>\n<tr>\n<td><strong>I sapori<\/strong><\/td>\n<td>2 + Torsione<\/td>\n<\/tr>\n<tr>\n<td><strong>Capacit\u00e0 (80g)<\/strong><\/td>\n<td>380 servizi\/ora<\/td>\n<\/tr>\n<tr>\n<td><strong>Cilindri<\/strong><\/td>\n<td>2 \u00d7 1.7L<\/td>\n<\/tr>\n<tr>\n<td><strong>Tramogge<\/strong><\/td>\n<td>2 \u00d7 5L<\/td>\n<\/tr>\n<tr>\n<td><strong>Potenza (50Hz \/ 60Hz)<\/strong><\/td>\n<td>2,4kW \/ 2,5kW<\/td>\n<\/tr>\n<tr>\n<td><strong>Peso netto\/spedizione (Kg)<\/strong><\/td>\n<td>154 \/ 170<\/td>\n<\/tr>\n<tr>\n<td><strong>Dimensioni nette (mm)<\/strong><\/td>\n<td>444 \u00d7 705 \u00d7 880<\/td>\n<\/tr>\n<tr>\n<td><strong>Dimensioni della nave (mm)<\/strong><\/td>\n<td>530 \u00d7 830 \u00d7 1080<\/td>\n<\/tr>\n<tr>\n<td><strong>Alimentazione<\/strong><\/td>\n<td>220V\/1Ph\/50Hz, 220V\/1Ph\/60Hz<\/td>\n<\/tr>\n<tr>\n<td><strong>Opzioni disponibili<\/strong><\/td>\n<td>Scivolo d'aria<\/td>\n<\/tr>\n<\/tbody>\n<\/table>","protected":false},"excerpt":{"rendered":"<p>The Spaceman 6235AB-C is a versatile twin-twist soft serve freezer designed for operators who want to serve two flavors plus a twist option in a compact footprint. With the ability to produce up to 380 servings (80g) per hour, this model is ideal for caf\u00e9s, small ice cream shops, frozen yogurt outlets, restaurants, and convenience [&hellip;]<\/p>\n","protected":false},"featured_media":6905,"comment_status":"open","ping_status":"closed","template":"","meta":[],"product_brand":[],"product_cat":[33],"product_tag":[],"class_list":{"0":"post-6904","1":"product","2":"type-product","3":"status-publish","4":"has-post-thumbnail","6":"product_cat-elite-series","8":"first","9":"instock","10":"shipping-taxable","11":"product-type-simple"},"_links":{"self":[{"href":"https:\/\/dersuessestopp.com\/it\/wp-json\/wp\/v2\/product\/6904","targetHints":{"allow":["GET"]}}],"collection":[{"href":"https:\/\/dersuessestopp.com\/it\/wp-json\/wp\/v2\/product"}],"about":[{"href":"https:\/\/dersuessestopp.com\/it\/wp-json\/wp\/v2\/types\/product"}],"replies":[{"embeddable":true,"href":"https:\/\/dersuessestopp.com\/it\/wp-json\/wp\/v2\/comments?post=6904"}],"version-history":[{"count":1,"href":"https:\/\/dersuessestopp.com\/it\/wp-json\/wp\/v2\/product\/6904\/revisions"}],"predecessor-version":[{"id":6906,"href":"https:\/\/dersuessestopp.com\/it\/wp-json\/wp\/v2\/product\/6904\/revisions\/6906"}],"wp:featuredmedia":[{"embeddable":true,"href":"https:\/\/dersuessestopp.com\/it\/wp-json\/wp\/v2\/media\/6905"}],"wp:attachment":[{"href":"https:\/\/dersuessestopp.com\/it\/wp-json\/wp\/v2\/media?parent=6904"}],"wp:term":[{"taxonomy":"product_brand","embeddable":true,"href":"https:\/\/dersuessestopp.com\/it\/wp-json\/wp\/v2\/product_brand?post=6904"},{"taxonomy":"product_cat","embeddable":true,"href":"https:\/\/dersuessestopp.com\/it\/wp-json\/wp\/v2\/product_cat?post=6904"},{"taxonomy":"product_tag","embeddable":true,"href":"https:\/\/dersuessestopp.com\/it\/wp-json\/wp\/v2\/product_tag?post=6904"}],"curies":[{"name":"wp","href":"https:\/\/api.w.org\/{rel}","templated":true}]}}