{"id":6898,"date":"2025-08-29T05:28:39","date_gmt":"2025-08-29T05:28:39","guid":{"rendered":"https:\/\/dersuessestopp.com\/?post_type=product&#038;p=6898"},"modified":"2025-08-29T05:28:40","modified_gmt":"2025-08-29T05:28:40","slug":"spaceman-6234ab-c-congelatore-compatto-twin-twist-per-servizio-soft","status":"publish","type":"product","link":"https:\/\/dersuessestopp.com\/it\/product\/spaceman-6234ab-c-compact-twin-twist-soft-serve-freezer\/","title":{"rendered":"Spaceman 6234AB-C - Congelatore compatto Twin-Twist per bevande analcoliche"},"content":{"rendered":"<p data-start=\"208\" data-end=\"596\">Spaceman 6234AB-C \u00e8 un congelatore compatto per soft serve twin-twist progettato per le aziende che desiderano offrire due gusti pi\u00f9 un'opzione twist senza occupare troppo spazio. Con la capacit\u00e0 di produrre fino a <strong data-start=\"416\" data-end=\"447\">280 porzioni (80 g) all'ora<\/strong>, Questo modello \u00e8 ideale per caffetterie, piccoli ristoranti, negozi di frozen yogurt e minimarket che desiderano aggiungere variet\u00e0 al loro menu di dessert.<\/p>\n<p data-start=\"598\" data-end=\"888\">Dotato di <strong data-start=\"612\" data-end=\"643\">due tramogge refrigerate da 5L<\/strong> e <strong data-start=\"648\" data-end=\"679\">due cilindri congelatori da 1,2L<\/strong>, Il 6234AB-C garantisce una qualit\u00e0 costante del prodotto e una consistenza omogenea. L'ingombro ridotto lo rende ideale per l'uso da banco, mentre l'avanzata tecnologia di congelamento Spaceman garantisce efficienza e affidabilit\u00e0.<\/p>\n<hr data-start=\"935\" data-end=\"938\" \/>\n<h3 data-start=\"890\" data-end=\"908\">Caratteristiche principali<\/h3>\n<ul data-start=\"909\" data-end=\"1782\">\n<li data-start=\"909\" data-end=\"1014\">\n<p data-start=\"911\" data-end=\"1014\"><strong data-start=\"911\" data-end=\"936\">Erogazione Twin Twist<\/strong> - Offre due gusti singoli pi\u00f9 un'opzione twist per una maggiore variet\u00e0 del menu.<\/p>\n<\/li>\n<li data-start=\"1015\" data-end=\"1134\">\n<p data-start=\"1017\" data-end=\"1134\"><strong data-start=\"1017\" data-end=\"1040\">Prestazioni compatte<\/strong> - Produce fino a <strong data-start=\"1058\" data-end=\"1089\">280 porzioni (80 g) all'ora<\/strong>, ideale per operazioni di volume medio-basso.<\/p>\n<\/li>\n<li data-start=\"1135\" data-end=\"1234\">\n<p data-start=\"1137\" data-end=\"1234\"><strong data-start=\"1137\" data-end=\"1164\">Doppio cilindro di congelamento<\/strong> - 2 cilindri da 1,2 l garantiscono un congelamento costante e un recupero rapido.<\/p>\n<\/li>\n<li data-start=\"1235\" data-end=\"1327\">\n<p data-start=\"1237\" data-end=\"1327\"><strong data-start=\"1237\" data-end=\"1261\">Tramogge refrigerate<\/strong> - 2 tramogge da 5 litri mantengono la miscela fresca e refrigerata per tutto il giorno.<\/p>\n<\/li>\n<li data-start=\"1328\" data-end=\"1422\">\n<p data-start=\"1330\" data-end=\"1422\"><strong data-start=\"1330\" data-end=\"1356\">Controlli di facile utilizzo<\/strong> - Interfaccia semplice con monitoraggio della temperatura e della consistenza.<\/p>\n<\/li>\n<li data-start=\"1423\" data-end=\"1513\">\n<p data-start=\"1425\" data-end=\"1513\"><strong data-start=\"1425\" data-end=\"1441\">Modalit\u00e0 standby<\/strong> - Contribuisce a mantenere la sicurezza alimentare e la freschezza dei prodotti durante i periodi di inattivit\u00e0.<\/p>\n<\/li>\n<li data-start=\"1514\" data-end=\"1615\">\n<p data-start=\"1516\" data-end=\"1615\"><strong data-start=\"1516\" data-end=\"1535\">Caratteristiche di sicurezza<\/strong> - Include avvisi sul livello di miscela, protezione da sovraccarico e protezione dalla temperatura.<\/p>\n<\/li>\n<li data-start=\"1616\" data-end=\"1718\">\n<p data-start=\"1618\" data-end=\"1718\"><strong data-start=\"1618\" data-end=\"1652\">Design resistente in acciaio inox<\/strong> - Costruito per garantire l'affidabilit\u00e0 con un ingombro ridotto.<\/p>\n<\/li>\n<li data-start=\"1719\" data-end=\"1782\">\n<p data-start=\"1721\" data-end=\"1782\"><strong data-start=\"1721\" data-end=\"1741\">Opzione disponibile<\/strong> - Scivolo d'aria per un'installazione flessibile.<\/p>\n<\/li>\n<\/ul>\n<hr data-start=\"935\" data-end=\"938\" \/>\n<h3 data-start=\"1784\" data-end=\"1804\">Specifiche tecniche<\/h3>\n<table>\n<thead>\n<tr>\n<th>Caratteristica<\/th>\n<th>Dettagli<\/th>\n<\/tr>\n<\/thead>\n<tbody>\n<tr>\n<td><strong>I sapori<\/strong><\/td>\n<td>2 + Torsione<\/td>\n<\/tr>\n<tr>\n<td><strong>Capacit\u00e0 (80g)<\/strong><\/td>\n<td>280 servizi\/ora<\/td>\n<\/tr>\n<tr>\n<td><strong>Cilindri<\/strong><\/td>\n<td>2 \u00d7 1.2L<\/td>\n<\/tr>\n<tr>\n<td><strong>Tramogge<\/strong><\/td>\n<td>2 \u00d7 5L<\/td>\n<\/tr>\n<tr>\n<td><strong>Potenza (50Hz \/ 60Hz)<\/strong><\/td>\n<td>2,3kW \/ 2,4kW<\/td>\n<\/tr>\n<tr>\n<td><strong>Peso netto\/spedizione (Kg)<\/strong><\/td>\n<td>145 \/ 160<\/td>\n<\/tr>\n<tr>\n<td><strong>Dimensioni nette (mm)<\/strong><\/td>\n<td>444 \u00d7 705 \u00d7 880<\/td>\n<\/tr>\n<tr>\n<td><strong>Dimensioni della nave (mm)<\/strong><\/td>\n<td>530 \u00d7 830 \u00d7 1080<\/td>\n<\/tr>\n<tr>\n<td><strong>Alimentazione<\/strong><\/td>\n<td>220V\/1Ph\/50Hz, 220V\/1Ph\/60Hz<\/td>\n<\/tr>\n<tr>\n<td><strong>Opzioni disponibili<\/strong><\/td>\n<td>Scivolo d'aria<\/td>\n<\/tr>\n<\/tbody>\n<\/table>","protected":false},"excerpt":{"rendered":"<p>The Spaceman 6234AB-C is a compact twin-twist soft serve freezer designed for businesses that want to offer two flavors plus a twist option without taking up too much space. With the ability to produce up to 280 servings (80g) per hour, this model is a great fit for caf\u00e9s, small restaurants, frozen yogurt shops, and [&hellip;]<\/p>\n","protected":false},"featured_media":6899,"comment_status":"open","ping_status":"closed","template":"","meta":[],"product_brand":[],"product_cat":[33],"product_tag":[],"class_list":{"0":"post-6898","1":"product","2":"type-product","3":"status-publish","4":"has-post-thumbnail","6":"product_cat-elite-series","8":"first","9":"instock","10":"shipping-taxable","11":"product-type-simple"},"_links":{"self":[{"href":"https:\/\/dersuessestopp.com\/it\/wp-json\/wp\/v2\/product\/6898","targetHints":{"allow":["GET"]}}],"collection":[{"href":"https:\/\/dersuessestopp.com\/it\/wp-json\/wp\/v2\/product"}],"about":[{"href":"https:\/\/dersuessestopp.com\/it\/wp-json\/wp\/v2\/types\/product"}],"replies":[{"embeddable":true,"href":"https:\/\/dersuessestopp.com\/it\/wp-json\/wp\/v2\/comments?post=6898"}],"version-history":[{"count":1,"href":"https:\/\/dersuessestopp.com\/it\/wp-json\/wp\/v2\/product\/6898\/revisions"}],"predecessor-version":[{"id":6900,"href":"https:\/\/dersuessestopp.com\/it\/wp-json\/wp\/v2\/product\/6898\/revisions\/6900"}],"wp:featuredmedia":[{"embeddable":true,"href":"https:\/\/dersuessestopp.com\/it\/wp-json\/wp\/v2\/media\/6899"}],"wp:attachment":[{"href":"https:\/\/dersuessestopp.com\/it\/wp-json\/wp\/v2\/media?parent=6898"}],"wp:term":[{"taxonomy":"product_brand","embeddable":true,"href":"https:\/\/dersuessestopp.com\/it\/wp-json\/wp\/v2\/product_brand?post=6898"},{"taxonomy":"product_cat","embeddable":true,"href":"https:\/\/dersuessestopp.com\/it\/wp-json\/wp\/v2\/product_cat?post=6898"},{"taxonomy":"product_tag","embeddable":true,"href":"https:\/\/dersuessestopp.com\/it\/wp-json\/wp\/v2\/product_tag?post=6898"}],"curies":[{"name":"wp","href":"https:\/\/api.w.org\/{rel}","templated":true}]}}