{"id":6643,"date":"2025-08-28T05:44:00","date_gmt":"2025-08-28T05:44:00","guid":{"rendered":"https:\/\/dersuessestopp.com\/?post_type=product&#038;p=6643"},"modified":"2025-08-28T06:00:13","modified_gmt":"2025-08-28T06:00:13","slug":"macchina-per-granite-modello-sc-1-1-serbatoio-12l","status":"publish","type":"product","link":"https:\/\/dersuessestopp.com\/it\/product\/slush-machine-model-sc-1-1-tank-12l\/","title":{"rendered":"Macchina per granite - Modello SC-1 (1 serbatoio, 12L)"},"content":{"rendered":"<p data-start=\"182\" data-end=\"443\">Cercate una soluzione compatta per servire bevande ghiacciate rinfrescanti? Il <strong data-start=\"252\" data-end=\"275\">Macchina per granite SC-1<\/strong> \u00e8 la scelta perfetta! Con un serbatoio da 12 litri, questa macchina combina prestazioni, durata e facilit\u00e0 d'uso, ideale per bar, ristoranti e piccoli eventi.<\/p>\n<h4 data-start=\"445\" data-end=\"464\">Caratteristiche principali<\/h4>\n<ul data-start=\"465\" data-end=\"1056\">\n<li data-start=\"465\" data-end=\"567\">\n<p data-start=\"467\" data-end=\"567\"><strong data-start=\"467\" data-end=\"486\">Design compatto:<\/strong> Con un ingombro di soli 305 \u00d7 475 \u00d7 700 mm, si adatta facilmente a spazi ridotti.<\/p>\n<\/li>\n<li data-start=\"568\" data-end=\"642\">\n<p data-start=\"570\" data-end=\"642\"><strong data-start=\"570\" data-end=\"595\">Prestazioni potenti:<\/strong> Motore da 500 W con un efficiente sistema di raffreddamento.<\/p>\n<\/li>\n<li data-start=\"643\" data-end=\"756\">\n<p data-start=\"645\" data-end=\"756\"><strong data-start=\"645\" data-end=\"674\">Opzioni di tensione flessibili:<\/strong> Compatibile con 220V\/50Hz, 60Hz e 110V\/60Hz - perfetto per l'uso internazionale.<\/p>\n<\/li>\n<li data-start=\"757\" data-end=\"871\">\n<p data-start=\"759\" data-end=\"871\"><strong data-start=\"759\" data-end=\"779\">Raffreddamento ottimale:<\/strong> Temperatura di esercizio da <strong data-start=\"807\" data-end=\"823\">Da -1\u00b0C a -4\u00b0C<\/strong>, ideale per granite, granite e bevande ghiacciate.<\/p>\n<\/li>\n<li data-start=\"872\" data-end=\"952\">\n<p data-start=\"874\" data-end=\"952\"><strong data-start=\"874\" data-end=\"892\">Costruzione durevole:<\/strong> Materiali di alta qualit\u00e0 progettati per un uso commerciale quotidiano.<\/p>\n<\/li>\n<li data-start=\"953\" data-end=\"1056\">\n<p data-start=\"955\" data-end=\"1056\"><strong data-start=\"955\" data-end=\"973\">Facile da maneggiare:<\/strong> Leggero con soli 28 kg (netti); imballato in modo sicuro con 40 kg (lordi) per il trasporto.<\/p>\n<\/li>\n<\/ul>\n<h4 data-start=\"1058\" data-end=\"1077\">Applicazioni<\/h4>\n<p data-start=\"1078\" data-end=\"1118\">Il <strong data-start=\"1082\" data-end=\"1090\">SC-1<\/strong> \u00e8 perfetto per la preparazione:<\/p>\n<ul data-start=\"1119\" data-end=\"1202\">\n<li data-start=\"1119\" data-end=\"1140\">\n<p data-start=\"1121\" data-end=\"1140\">Granite e granite<\/p>\n<\/li>\n<li data-start=\"1141\" data-end=\"1161\">\n<p data-start=\"1143\" data-end=\"1161\">Cocktail ghiacciati<\/p>\n<\/li>\n<li data-start=\"1162\" data-end=\"1202\">\n<p data-start=\"1164\" data-end=\"1202\">Frullati e altre bevande fredde<\/p>\n<\/li>\n<\/ul>\n<h4 data-start=\"1204\" data-end=\"1232\">Qualit\u00e0 e affidabilit\u00e0<\/h4>\n<p data-start=\"1233\" data-end=\"1412\">Come tutti i nostri modelli, l'SC-1 si distingue per la sua struttura resistente, la facilit\u00e0 di pulizia e l'affidabilit\u00e0 delle prestazioni di raffreddamento, che lo rendono una scelta ideale per qualsiasi attivit\u00e0 di ristorazione.<\/p>\n<h4 data-start=\"1204\" data-end=\"1232\">Specifiche<\/h4>\n<table>\n<thead>\n<tr>\n<th><strong>Modello<\/strong><\/th>\n<th><strong>SC-1<\/strong><\/th>\n<\/tr>\n<\/thead>\n<tbody>\n<tr>\n<td><strong>Capacit\u00e0<\/strong><\/td>\n<td>12L<\/td>\n<\/tr>\n<tr>\n<td><strong>Tensione<\/strong><\/td>\n<td>220V \/ 50Hz, 60Hz \/ 110V 60Hz<\/td>\n<\/tr>\n<tr>\n<td><strong>Potenza<\/strong><\/td>\n<td>500W<\/td>\n<\/tr>\n<tr>\n<td><strong>Temperatura di raffreddamento<\/strong><\/td>\n<td>-1\u00b0C ~ -4\u00b0C<\/td>\n<\/tr>\n<tr>\n<td><strong>Dimensioni nette (L \u00d7 P \u00d7 A)<\/strong><\/td>\n<td>305 \u00d7 475 \u00d7 700 mm<\/td>\n<\/tr>\n<tr>\n<td><strong>Dimensioni dell'imballaggio (L \u00d7 P \u00d7 A)<\/strong><\/td>\n<td>375 \u00d7 545 \u00d7 735 mm<\/td>\n<\/tr>\n<tr>\n<td><strong>Peso netto (N.W.)<\/strong><\/td>\n<td>28 kg<\/td>\n<\/tr>\n<tr>\n<td><strong>Peso lordo (G.W.)<\/strong><\/td>\n<td>40 kg<\/td>\n<\/tr>\n<\/tbody>\n<\/table>","protected":false},"excerpt":{"rendered":"<p>Looking for a compact solution to serve refreshing frozen drinks? The SC-1 Slush Machine is the perfect choice! With one 12-liter tank, this machine combines performance, durability, and ease of use \u2013 ideal for caf\u00e9s, bars, restaurants, and small events. Key Features Compact Design: Measuring just 305 \u00d7 475 \u00d7 700 mm, it fits easily [&hellip;]<\/p>\n","protected":false},"featured_media":6646,"comment_status":"open","ping_status":"closed","template":"","meta":[],"product_brand":[],"product_cat":[34],"product_tag":[],"class_list":{"0":"post-6643","1":"product","2":"type-product","3":"status-publish","4":"has-post-thumbnail","6":"product_cat-slush-machines","8":"first","9":"instock","10":"shipping-taxable","11":"product-type-simple"},"_links":{"self":[{"href":"https:\/\/dersuessestopp.com\/it\/wp-json\/wp\/v2\/product\/6643","targetHints":{"allow":["GET"]}}],"collection":[{"href":"https:\/\/dersuessestopp.com\/it\/wp-json\/wp\/v2\/product"}],"about":[{"href":"https:\/\/dersuessestopp.com\/it\/wp-json\/wp\/v2\/types\/product"}],"replies":[{"embeddable":true,"href":"https:\/\/dersuessestopp.com\/it\/wp-json\/wp\/v2\/comments?post=6643"}],"version-history":[{"count":6,"href":"https:\/\/dersuessestopp.com\/it\/wp-json\/wp\/v2\/product\/6643\/revisions"}],"predecessor-version":[{"id":6654,"href":"https:\/\/dersuessestopp.com\/it\/wp-json\/wp\/v2\/product\/6643\/revisions\/6654"}],"wp:featuredmedia":[{"embeddable":true,"href":"https:\/\/dersuessestopp.com\/it\/wp-json\/wp\/v2\/media\/6646"}],"wp:attachment":[{"href":"https:\/\/dersuessestopp.com\/it\/wp-json\/wp\/v2\/media?parent=6643"}],"wp:term":[{"taxonomy":"product_brand","embeddable":true,"href":"https:\/\/dersuessestopp.com\/it\/wp-json\/wp\/v2\/product_brand?post=6643"},{"taxonomy":"product_cat","embeddable":true,"href":"https:\/\/dersuessestopp.com\/it\/wp-json\/wp\/v2\/product_cat?post=6643"},{"taxonomy":"product_tag","embeddable":true,"href":"https:\/\/dersuessestopp.com\/it\/wp-json\/wp\/v2\/product_tag?post=6643"}],"curies":[{"name":"wp","href":"https:\/\/api.w.org\/{rel}","templated":true}]}}