{"id":6335,"date":"2025-08-26T12:41:23","date_gmt":"2025-08-26T12:41:23","guid":{"rendered":"https:\/\/dersuessestopp.com\/?post_type=product&#038;p=6335"},"modified":"2025-08-27T10:02:45","modified_gmt":"2025-08-27T10:02:45","slug":"macchina-per-gelato-soft-serve-spaceman-6378-c-6378a-c","status":"publish","type":"product","link":"https:\/\/dersuessestopp.com\/it\/product\/spaceman-6378-c-6378a-c-soft-serve-ice-cream-machine\/","title":{"rendered":"Macchina per gelato soft serve Spaceman 6378-C \/ 6378A-C"},"content":{"rendered":"<p data-start=\"254\" data-end=\"606\">Il <strong data-start=\"258\" data-end=\"287\">Spaceman 6378-C \/ 6378A-C<\/strong> \u00e8 un <strong data-start=\"293\" data-end=\"341\">congelatore a doppia rotazione ad alta capacit\u00e0 per servizi analcolici<\/strong> progettato per le aziende che richiedono la massima produzione e una qualit\u00e0 costante. Con la capacit\u00e0 di produrre fino a <strong data-start=\"453\" data-end=\"484\">720 porzioni (80 g) all'ora<\/strong>, Questo modello \u00e8 ideale per <strong data-start=\"510\" data-end=\"603\">gelaterie affollate, catene di frozen yogurt, locali di divertimento e ristoranti ad alto volume<\/strong>.<\/p>\n<p data-start=\"608\" data-end=\"933\">Offerta <strong data-start=\"617\" data-end=\"652\">due gusti pi\u00f9 un'opzione twist<\/strong>, La serie 6378 offre versatilit\u00e0, mantenendo la consistenza del prodotto grazie all'avanzata tecnologia di congelamento e miscelazione Spaceman. Disponibile in <strong data-start=\"799\" data-end=\"824\">alimentazione a gravit\u00e0 (6378-C)<\/strong> o <strong data-start=\"828\" data-end=\"851\">alimentazione pompa (6378A-C)<\/strong>, consente agli operatori di scegliere la configurazione migliore per il proprio modello di business.<\/p>\n<hr data-start=\"935\" data-end=\"938\" \/>\n<h3 data-start=\"940\" data-end=\"958\">Caratteristiche principali<\/h3>\n<ul data-start=\"959\" data-end=\"1997\">\n<li data-start=\"959\" data-end=\"1045\">\n<p data-start=\"961\" data-end=\"1045\"><strong data-start=\"961\" data-end=\"986\">Erogazione Twin Twist<\/strong> - Due gusti pi\u00f9 una combinazione di twist per variare il menu.<\/p>\n<\/li>\n<li data-start=\"1046\" data-end=\"1158\">\n<p data-start=\"1048\" data-end=\"1158\"><strong data-start=\"1048\" data-end=\"1069\">Uscita ultra-elevata<\/strong> - Fornisce fino a <strong data-start=\"1087\" data-end=\"1109\">720 porzioni (80 g)<\/strong> all'ora, progettato per operazioni ad alto volume.<\/p>\n<\/li>\n<li data-start=\"1159\" data-end=\"1261\">\n<p data-start=\"1161\" data-end=\"1261\"><strong data-start=\"1161\" data-end=\"1185\">Doppio cilindro di grandi dimensioni<\/strong> - 2 cilindri di congelamento da 3,2L per una produzione prolungata e un recupero rapido.<\/p>\n<\/li>\n<li data-start=\"1262\" data-end=\"1374\">\n<p data-start=\"1264\" data-end=\"1374\"><strong data-start=\"1264\" data-end=\"1293\">Tramogge doppie refrigerate<\/strong> - Mantenere la miscela fresca per tutto il giorno (capacit\u00e0 2 \u00d7 12L, o 2 \u00d7 10L sul modello A).<\/p>\n<\/li>\n<li data-start=\"1375\" data-end=\"1459\">\n<p data-start=\"1377\" data-end=\"1459\"><strong data-start=\"1377\" data-end=\"1397\">Agitatori a tramoggia<\/strong> - Assicurano una qualit\u00e0 costante del prodotto e ne impediscono la separazione.<\/p>\n<\/li>\n<li data-start=\"1460\" data-end=\"1577\">\n<p data-start=\"1462\" data-end=\"1577\"><strong data-start=\"1462\" data-end=\"1496\">Controlli digitali di facile utilizzo<\/strong> - Funzionamento semplice con monitoraggio della temperatura, della consistenza e delle prestazioni.<\/p>\n<\/li>\n<li data-start=\"1578\" data-end=\"1678\">\n<p data-start=\"1580\" data-end=\"1678\"><strong data-start=\"1580\" data-end=\"1619\">Modalit\u00e0 standby, avvio graduale e sbrinamento<\/strong> - Massimizzare la convenienza, la sicurezza e la facilit\u00e0 di manutenzione.<\/p>\n<\/li>\n<li data-start=\"1679\" data-end=\"1810\">\n<p data-start=\"1681\" data-end=\"1810\"><strong data-start=\"1681\" data-end=\"1708\">Sistemi di sicurezza integrati<\/strong> - Include l'allarme di bassa miscela, le protezioni per il sovraccarico del motore, l'interruttore di alta pressione e le protezioni per la temperatura.<\/p>\n<\/li>\n<li data-start=\"1811\" data-end=\"1908\">\n<p data-start=\"1813\" data-end=\"1908\"><strong data-start=\"1813\" data-end=\"1840\">Costruzione per impieghi gravosi<\/strong> - Design durevole in acciaio inox con rotelle per la mobilit\u00e0.<\/p>\n<\/li>\n<li data-start=\"1909\" data-end=\"1997\">\n<p data-start=\"1911\" data-end=\"1997\"><strong data-start=\"1911\" data-end=\"1932\">Opzioni disponibili<\/strong> - Sistema raffreddato ad acqua e scivolo d'aria per un'installazione flessibile.<\/p>\n<\/li>\n<\/ul>\n<hr data-start=\"1999\" data-end=\"2002\" \/>\n<h3><strong>Specifiche tecniche<\/strong><\/h3>\n<table>\n<tbody>\n<tr>\n<td>I sapori<\/td>\n<td>2 + Torsione<\/td>\n<\/tr>\n<tr>\n<td>Capacit\u00e0 (80g)<\/td>\n<td>720 conserve\/ora<\/td>\n<\/tr>\n<tr>\n<td>Cilindri<\/td>\n<td>2 x 3,2L<\/td>\n<\/tr>\n<tr>\n<td>Tramogge<\/td>\n<td>\n<p class=\"p1\">2 x 12L (10L per A)<\/p>\n<\/td>\n<\/tr>\n<tr>\n<td>\n<p class=\"p1\">Potenza (50Hz \/ 60Hz)<\/p>\n<\/td>\n<td>\n<p class=\"p1\">4,7kW \/ 5,0kW<\/p>\n<\/td>\n<\/tr>\n<tr>\n<td>\n<p class=\"p1\">Peso netto\/spedizione (Kg)<\/p>\n<\/td>\n<td>\n<p class=\"p1\">253 \/ 273 263 \/ 283 (A)<\/p>\n<\/td>\n<\/tr>\n<tr>\n<td>Dimensioni nette (mm)<\/td>\n<td>\n<p class=\"p1\">532 x 704 x 1563<\/p>\n<\/td>\n<\/tr>\n<tr>\n<td>Dimensioni della nave (mm)<\/td>\n<td>\n<p class=\"p1\">710 x 890 x 1720<\/p>\n<\/td>\n<\/tr>\n<tr>\n<td>\n<p class=\"p1\">Alimentazione<\/p>\n<\/td>\n<td>\n<p class=\"p1\">380V\/3Ph\/50Hz, 220V\/3Ph\/60Hz<\/p>\n<\/td>\n<\/tr>\n<tr>\n<td>Opzioni disponibili<\/td>\n<td>Raffreddato ad acqua, scivolo d'aria<\/td>\n<\/tr>\n<\/tbody>\n<\/table>","protected":false},"excerpt":{"rendered":"<p>The Spaceman 6378-C \/ 6378A-C is a high-capacity, twin-twist soft serve freezer engineered for businesses that demand maximum output and consistent quality. With the ability to produce up to 720 servings (80g) per hour, this model is ideal for busy ice cream shops, frozen yogurt chains, amusement venues, and high-volume restaurants. Offering two flavors plus [&hellip;]<\/p>\n","protected":false},"featured_media":6336,"comment_status":"open","ping_status":"closed","template":"","meta":[],"product_brand":[],"product_cat":[32],"product_tag":[],"class_list":{"0":"post-6335","1":"product","2":"type-product","3":"status-publish","4":"has-post-thumbnail","6":"product_cat-premier-series","8":"first","9":"instock","10":"shipping-taxable","11":"product-type-simple"},"_links":{"self":[{"href":"https:\/\/dersuessestopp.com\/it\/wp-json\/wp\/v2\/product\/6335","targetHints":{"allow":["GET"]}}],"collection":[{"href":"https:\/\/dersuessestopp.com\/it\/wp-json\/wp\/v2\/product"}],"about":[{"href":"https:\/\/dersuessestopp.com\/it\/wp-json\/wp\/v2\/types\/product"}],"replies":[{"embeddable":true,"href":"https:\/\/dersuessestopp.com\/it\/wp-json\/wp\/v2\/comments?post=6335"}],"version-history":[{"count":5,"href":"https:\/\/dersuessestopp.com\/it\/wp-json\/wp\/v2\/product\/6335\/revisions"}],"predecessor-version":[{"id":6380,"href":"https:\/\/dersuessestopp.com\/it\/wp-json\/wp\/v2\/product\/6335\/revisions\/6380"}],"wp:featuredmedia":[{"embeddable":true,"href":"https:\/\/dersuessestopp.com\/it\/wp-json\/wp\/v2\/media\/6336"}],"wp:attachment":[{"href":"https:\/\/dersuessestopp.com\/it\/wp-json\/wp\/v2\/media?parent=6335"}],"wp:term":[{"taxonomy":"product_brand","embeddable":true,"href":"https:\/\/dersuessestopp.com\/it\/wp-json\/wp\/v2\/product_brand?post=6335"},{"taxonomy":"product_cat","embeddable":true,"href":"https:\/\/dersuessestopp.com\/it\/wp-json\/wp\/v2\/product_cat?post=6335"},{"taxonomy":"product_tag","embeddable":true,"href":"https:\/\/dersuessestopp.com\/it\/wp-json\/wp\/v2\/product_tag?post=6335"}],"curies":[{"name":"wp","href":"https:\/\/api.w.org\/{rel}","templated":true}]}}