{"id":6331,"date":"2025-08-26T12:36:35","date_gmt":"2025-08-26T12:36:35","guid":{"rendered":"https:\/\/dersuessestopp.com\/?post_type=product&#038;p=6331"},"modified":"2025-08-27T09:17:33","modified_gmt":"2025-08-27T09:17:33","slug":"macchina-per-gelato-soft-serve-spaceman-6235-c-6235a-c","status":"publish","type":"product","link":"https:\/\/dersuessestopp.com\/it\/product\/spaceman-6235-c-6235a-c-soft-serve-ice-cream-machine\/","title":{"rendered":"Macchina per gelato soft serve Spaceman 6235-C \/ 6235A-C"},"content":{"rendered":"<p data-start=\"336\" data-end=\"753\">Il <strong data-start=\"340\" data-end=\"369\">Spaceman 6235-C \/ 6235A-C<\/strong> \u00e8 un <strong data-start=\"375\" data-end=\"425\">macchina per soft service a doppia rotazione di media capacit\u00e0<\/strong> progettato per gli operatori che necessitano di versatilit\u00e0 e prestazioni in un ingombro ridotto. Offerta <strong data-start=\"519\" data-end=\"554\">due gusti pi\u00f9 un'opzione twist<\/strong>, Questo modello \u00e8 perfetto per gelaterie, frozen yogurt bar, ristoranti e bar che desiderano servire una variet\u00e0 di prodotti soft serve, tra cui <strong data-start=\"702\" data-end=\"750\">gelato, frozen yogurt, gelato e sorbetto<\/strong>.<\/p>\n<p data-start=\"755\" data-end=\"1052\">Con la capacit\u00e0 di produrre fino a <strong data-start=\"789\" data-end=\"820\">450 porzioni (80 g) all'ora<\/strong>, La serie 6235 offre una produzione affidabile e uniforme. Disponibile in <strong data-start=\"901\" data-end=\"926\">alimentazione a gravit\u00e0 (6235-C)<\/strong> o <strong data-start=\"930\" data-end=\"953\">alimentazione pompa (6235A-C)<\/strong> versioni, offre agli operatori una flessibilit\u00e0 basata sullo stile di servizio e sulle esigenze di superamento.<\/p>\n<hr data-start=\"1054\" data-end=\"1057\" \/>\n<h3 data-start=\"1059\" data-end=\"1077\">Caratteristiche principali<\/h3>\n<ul data-start=\"1078\" data-end=\"2120\">\n<li data-start=\"1078\" data-end=\"1162\">\n<p data-start=\"1080\" data-end=\"1162\"><strong data-start=\"1080\" data-end=\"1105\">Erogazione Twin Twist<\/strong> - Servire due gusti singoli o una combinazione di twist.<\/p>\n<\/li>\n<li data-start=\"1163\" data-end=\"1243\">\n<p data-start=\"1165\" data-end=\"1243\"><strong data-start=\"1165\" data-end=\"1191\">Uscita a media capacit\u00e0<\/strong> - Produce fino a <strong data-start=\"1209\" data-end=\"1231\">450 porzioni (80 g)<\/strong> all'ora.<\/p>\n<\/li>\n<li data-start=\"1244\" data-end=\"1347\">\n<p data-start=\"1246\" data-end=\"1347\"><strong data-start=\"1246\" data-end=\"1273\">Doppio cilindro di congelamento<\/strong> - 2 cilindri da 1,7 l per una consistenza uniforme del prodotto e un recupero rapido.<\/p>\n<\/li>\n<li data-start=\"1348\" data-end=\"1441\">\n<p data-start=\"1350\" data-end=\"1441\"><strong data-start=\"1350\" data-end=\"1379\">Tramogge doppie refrigerate<\/strong> - Mantenere la miscela fresca (capacit\u00e0 2 \u00d7 12L, o 2 \u00d7 8L per il modello A).<\/p>\n<\/li>\n<li data-start=\"1442\" data-end=\"1536\">\n<p data-start=\"1444\" data-end=\"1536\"><strong data-start=\"1444\" data-end=\"1464\">Agitatori a tramoggia<\/strong> - Mantenere la qualit\u00e0 del prodotto e prevenire la separazione durante la giornata.<\/p>\n<\/li>\n<li data-start=\"1537\" data-end=\"1652\">\n<p data-start=\"1539\" data-end=\"1652\"><strong data-start=\"1539\" data-end=\"1573\">Controlli digitali di facile utilizzo<\/strong> - Interfaccia semplice per il monitoraggio della temperatura, della consistenza e delle prestazioni.<\/p>\n<\/li>\n<li data-start=\"1653\" data-end=\"1748\">\n<p data-start=\"1655\" data-end=\"1748\"><strong data-start=\"1655\" data-end=\"1682\">Modalit\u00e0 standby e sbrinamento<\/strong> - Mantiene il prodotto al sicuro durante le ore di inattivit\u00e0 e semplifica la pulizia.<\/p>\n<\/li>\n<li data-start=\"1749\" data-end=\"1837\">\n<p data-start=\"1751\" data-end=\"1837\"><strong data-start=\"1751\" data-end=\"1776\">Tecnologia Soft Start<\/strong> - Protegge i componenti meccanici e prolunga la vita della macchina.<\/p>\n<\/li>\n<li data-start=\"1838\" data-end=\"1959\">\n<p data-start=\"1840\" data-end=\"1959\"><strong data-start=\"1840\" data-end=\"1867\">Sistemi di sicurezza integrati<\/strong> - Indicatore di bassa miscela, sovraccarico termico, protezione dall'alta pressione e protezione dalla temperatura.<\/p>\n<\/li>\n<li data-start=\"1960\" data-end=\"2057\">\n<p data-start=\"1962\" data-end=\"2057\"><strong data-start=\"1962\" data-end=\"1989\">Design compatto e resistente<\/strong> - Corpo in acciaio inox con ruote per impieghi gravosi per una facile mobilit\u00e0.<\/p>\n<\/li>\n<li data-start=\"2058\" data-end=\"2120\">\n<p data-start=\"2060\" data-end=\"2120\"><strong data-start=\"2060\" data-end=\"2081\">Opzioni disponibili<\/strong> - Sistema di raffreddamento ad acqua e scivolo d'aria.<\/p>\n<\/li>\n<\/ul>\n<hr data-start=\"2122\" data-end=\"2125\" \/>\n<h3 data-start=\"1059\" data-end=\"1077\">Specifiche tecniche<\/h3>\n<table>\n<tbody>\n<tr>\n<td>I sapori<\/td>\n<td>2 + Torsione<\/td>\n<\/tr>\n<tr>\n<td>Capacit\u00e0 (80g)<\/td>\n<td>450 servizi\/ora<\/td>\n<\/tr>\n<tr>\n<td>Cilindri<\/td>\n<td>2 x 1,7L<\/td>\n<\/tr>\n<tr>\n<td>Tramogge<\/td>\n<td>\n<p class=\"p1\">2 x 12L (8L per A)<\/p>\n<\/td>\n<\/tr>\n<tr>\n<td>\n<p class=\"p1\">Potenza (50Hz \/ 60Hz)<\/p>\n<\/td>\n<td>\n<p class=\"p1\">3,3kW \/ 3,6kW<\/p>\n<\/td>\n<\/tr>\n<tr>\n<td>Peso netto\/spedizione (Kg)<\/td>\n<td>\n<p class=\"p1\">186\/ 200 196 \/ 210 (A)<\/p>\n<\/td>\n<\/tr>\n<tr>\n<td>\n<p class=\"p1\">Dimensioni nette (mm)<\/p>\n<\/td>\n<td>\n<p class=\"p1\">532 x 651 x 977<\/p>\n<\/td>\n<\/tr>\n<tr>\n<td>Dimensioni della nave (mm)<\/td>\n<td>\n<p class=\"p1\">610 x 805 x 1100<\/p>\n<\/td>\n<\/tr>\n<tr>\n<td>\n<p class=\"p1\">Alimentazione<\/p>\n<\/td>\n<td>\n<p class=\"p1\">220V\/1Ph\/50Hz, 220V\/1Ph\/60Hz<\/p>\n<\/td>\n<\/tr>\n<tr>\n<td>Opzioni disponibili<\/td>\n<td>Raffreddato ad acqua, scivolo d'aria<\/td>\n<\/tr>\n<\/tbody>\n<\/table>","protected":false},"excerpt":{"rendered":"<p>The Spaceman 6235-C \/ 6235A-C is a medium-capacity, twin-twist soft serve machine designed for operators who need versatility and performance in a compact footprint. Offering two flavors plus a twist option, this model is perfect for ice cream shops, frozen yogurt bars, restaurants, and caf\u00e9s looking to serve a variety of soft serve products including [&hellip;]<\/p>\n","protected":false},"featured_media":6332,"comment_status":"open","ping_status":"closed","template":"","meta":[],"product_brand":[],"product_cat":[32],"product_tag":[],"class_list":{"0":"post-6331","1":"product","2":"type-product","3":"status-publish","4":"has-post-thumbnail","6":"product_cat-premier-series","8":"first","9":"instock","10":"shipping-taxable","11":"product-type-simple"},"_links":{"self":[{"href":"https:\/\/dersuessestopp.com\/it\/wp-json\/wp\/v2\/product\/6331","targetHints":{"allow":["GET"]}}],"collection":[{"href":"https:\/\/dersuessestopp.com\/it\/wp-json\/wp\/v2\/product"}],"about":[{"href":"https:\/\/dersuessestopp.com\/it\/wp-json\/wp\/v2\/types\/product"}],"replies":[{"embeddable":true,"href":"https:\/\/dersuessestopp.com\/it\/wp-json\/wp\/v2\/comments?post=6331"}],"version-history":[{"count":5,"href":"https:\/\/dersuessestopp.com\/it\/wp-json\/wp\/v2\/product\/6331\/revisions"}],"predecessor-version":[{"id":6375,"href":"https:\/\/dersuessestopp.com\/it\/wp-json\/wp\/v2\/product\/6331\/revisions\/6375"}],"wp:featuredmedia":[{"embeddable":true,"href":"https:\/\/dersuessestopp.com\/it\/wp-json\/wp\/v2\/media\/6332"}],"wp:attachment":[{"href":"https:\/\/dersuessestopp.com\/it\/wp-json\/wp\/v2\/media?parent=6331"}],"wp:term":[{"taxonomy":"product_brand","embeddable":true,"href":"https:\/\/dersuessestopp.com\/it\/wp-json\/wp\/v2\/product_brand?post=6331"},{"taxonomy":"product_cat","embeddable":true,"href":"https:\/\/dersuessestopp.com\/it\/wp-json\/wp\/v2\/product_cat?post=6331"},{"taxonomy":"product_tag","embeddable":true,"href":"https:\/\/dersuessestopp.com\/it\/wp-json\/wp\/v2\/product_tag?post=6331"}],"curies":[{"name":"wp","href":"https:\/\/api.w.org\/{rel}","templated":true}]}}