{"id":6257,"date":"2025-08-26T09:50:26","date_gmt":"2025-08-26T09:50:26","guid":{"rendered":"https:\/\/dersuessestopp.com\/?post_type=product&#038;p=6257"},"modified":"2025-08-27T08:44:55","modified_gmt":"2025-08-27T08:44:55","slug":"macchina-per-gelato-soft-serve-spaceman-6210-c-6210a-c","status":"publish","type":"product","link":"https:\/\/dersuessestopp.com\/it\/product\/spaceman-6210-c-6210a-c-soft-serve-ice-cream-machine\/","title":{"rendered":"Macchina per gelato soft serve Spaceman 6210-C \/ 6210A-C"},"content":{"rendered":"<p data-start=\"311\" data-end=\"691\">Il <strong data-start=\"315\" data-end=\"344\">Spaceman 6210-C \/ 6210A-C<\/strong> \u00e8 un congelatore soft serve compatto ed efficiente, progettato per i punti vendita pi\u00f9 piccoli o per le aziende che cercano una soluzione affidabile e poco ingombrante. Con la capacit\u00e0 di servire fino a <strong data-start=\"513\" data-end=\"538\">360 porzioni all'ora<\/strong>, Questa macchina \u00e8 ideale per caffetterie, negozi di dolci e ristoranti che desiderano offrire gelati soft serve, frozen yogurt, creme pasticcere o sorbetti di alta qualit\u00e0.<\/p>\n<p data-start=\"693\" data-end=\"1005\">Costruito con <strong data-start=\"704\" data-end=\"729\">alimentazione a gravit\u00e0 (6210-C)<\/strong> o <strong data-start=\"733\" data-end=\"756\">alimentazione pompa (6210A-C)<\/strong> L'unit\u00e0 offre un'eccellente versatilit\u00e0 a seconda delle esigenze operative. I controlli digitali, le protezioni di sicurezza e le comode funzioni di standby ne semplificano l'utilizzo, garantendo sempre un prodotto omogeneo e cremoso.<\/p>\n<hr data-start=\"1007\" data-end=\"1010\" \/>\n<h3 data-start=\"1012\" data-end=\"1030\">Caratteristiche principali<\/h3>\n<ul data-start=\"1031\" data-end=\"2108\">\n<li data-start=\"1031\" data-end=\"1117\">\n<p data-start=\"1033\" data-end=\"1117\"><strong data-start=\"1033\" data-end=\"1061\">Erogazione di un singolo gusto<\/strong> - Design semplice e compatto, ideale per menu mirati.<\/p>\n<\/li>\n<li data-start=\"1118\" data-end=\"1236\">\n<p data-start=\"1120\" data-end=\"1236\"><strong data-start=\"1120\" data-end=\"1140\">Produzione efficiente<\/strong> - Produce fino a <strong data-start=\"1158\" data-end=\"1180\">360 porzioni (80 g)<\/strong> all'ora, perfetto per le localit\u00e0 a bassa e media richiesta.<\/p>\n<\/li>\n<li data-start=\"1237\" data-end=\"1325\">\n<p data-start=\"1239\" data-end=\"1325\"><strong data-start=\"1239\" data-end=\"1260\">Cilindro di congelamento<\/strong> - 1 cilindro da 1,7 l per un recupero rapido e una consistenza omogenea.<\/p>\n<\/li>\n<li data-start=\"1326\" data-end=\"1411\">\n<p data-start=\"1328\" data-end=\"1411\"><strong data-start=\"1328\" data-end=\"1351\">Tramoggia refrigerata<\/strong> - Mantiene il prodotto fresco (capacit\u00e0 12L o 10L per il modello A).<\/p>\n<\/li>\n<li data-start=\"1412\" data-end=\"1511\">\n<p data-start=\"1414\" data-end=\"1511\"><strong data-start=\"1414\" data-end=\"1433\">Agitatore a tramoggia<\/strong> - Mantiene la consistenza del prodotto e ne impedisce la separazione nel corso della giornata.<\/p>\n<\/li>\n<li data-start=\"1512\" data-end=\"1609\">\n<p data-start=\"1514\" data-end=\"1609\"><strong data-start=\"1514\" data-end=\"1534\">Controlli digitali<\/strong> - Interfaccia di facile utilizzo per il monitoraggio della temperatura e le impostazioni del prodotto.<\/p>\n<\/li>\n<li data-start=\"1610\" data-end=\"1704\">\n<p data-start=\"1612\" data-end=\"1704\"><strong data-start=\"1612\" data-end=\"1639\">Modalit\u00e0 standby e sbrinamento<\/strong> - Garantisce sicurezza e comodit\u00e0 durante le ore di inattivit\u00e0 o di pulizia.<\/p>\n<\/li>\n<li data-start=\"1705\" data-end=\"1799\">\n<p data-start=\"1707\" data-end=\"1799\"><strong data-start=\"1707\" data-end=\"1732\">Tecnologia Soft Start<\/strong> - Riduce le sollecitazioni sui componenti interni per una maggiore durata della macchina.<\/p>\n<\/li>\n<li data-start=\"1800\" data-end=\"1908\">\n<p data-start=\"1802\" data-end=\"1908\"><strong data-start=\"1802\" data-end=\"1824\">Protezioni di sicurezza<\/strong> - Include un indicatore di basso livello di miscela, protezioni per il sovraccarico del motore e protezioni per la temperatura.<\/p>\n<\/li>\n<li data-start=\"1909\" data-end=\"2021\">\n<p data-start=\"1911\" data-end=\"2021\"><strong data-start=\"1911\" data-end=\"1938\">Design compatto e resistente<\/strong> - Finitura in acciaio inox con struttura robusta, ideale per gli spazi pi\u00f9 piccoli.<\/p>\n<\/li>\n<li data-start=\"2022\" data-end=\"2108\">\n<p data-start=\"2024\" data-end=\"2108\"><strong data-start=\"2024\" data-end=\"2045\">Opzioni disponibili<\/strong> - Sistema raffreddato ad acqua e configurazione con scivolo d'aria disponibile.<\/p>\n<\/li>\n<\/ul>\n<hr data-start=\"2110\" data-end=\"2113\" \/>\n<h3><strong>Specifiche tecniche<\/strong><\/h3>\n<table style=\"height: 529px\" width=\"425\">\n<tbody>\n<tr>\n<td>I sapori<\/td>\n<td>1<\/td>\n<\/tr>\n<tr>\n<td>Capacit\u00e0 (80g)<\/td>\n<td>360 servizi\/ora<\/td>\n<\/tr>\n<tr>\n<td>Cilindri<\/td>\n<td>1x 1,7L<\/td>\n<\/tr>\n<tr>\n<td>Tramogge<\/td>\n<td>1 x 12L (10L per A)<\/td>\n<\/tr>\n<tr>\n<td>Potenza (50Hz \/ 60Hz)<\/td>\n<td>2,5kW \/ 2,7kW<\/td>\n<\/tr>\n<tr>\n<td>Peso netto\/spedizione (Kg)<\/td>\n<td>115 \/ 127 120 \/ 132 (A)<\/td>\n<\/tr>\n<tr>\n<td>Dimensioni nette (mm)<\/td>\n<td>384 x 720 x 846<\/td>\n<\/tr>\n<tr>\n<td>Dimensioni della nave (mm)<\/td>\n<td>500 x 870 x 990<\/td>\n<\/tr>\n<tr>\n<td>Alimentazione<\/td>\n<td>220V\/1Ph\/50Hz, 220V\/1Ph\/60Hz<\/td>\n<\/tr>\n<tr>\n<td>Opzioni disponibili<\/td>\n<td>Raffreddato ad acqua, scivolo d'aria<\/td>\n<\/tr>\n<\/tbody>\n<\/table>","protected":false},"excerpt":{"rendered":"<p>The Spaceman 6210-C \/ 6210A-C is a compact and efficient soft serve freezer designed for smaller outlets or businesses looking for a reliable, space-saving solution. With the ability to serve up to 360 portions per hour, this machine is ideal for cafes, dessert shops, and restaurants that want to offer premium soft serve ice cream, [&hellip;]<\/p>\n","protected":false},"featured_media":6258,"comment_status":"open","ping_status":"closed","template":"","meta":[],"product_brand":[],"product_cat":[32],"product_tag":[],"class_list":{"0":"post-6257","1":"product","2":"type-product","3":"status-publish","4":"has-post-thumbnail","6":"product_cat-premier-series","8":"first","9":"instock","10":"shipping-taxable","11":"product-type-simple"},"_links":{"self":[{"href":"https:\/\/dersuessestopp.com\/it\/wp-json\/wp\/v2\/product\/6257","targetHints":{"allow":["GET"]}}],"collection":[{"href":"https:\/\/dersuessestopp.com\/it\/wp-json\/wp\/v2\/product"}],"about":[{"href":"https:\/\/dersuessestopp.com\/it\/wp-json\/wp\/v2\/types\/product"}],"replies":[{"embeddable":true,"href":"https:\/\/dersuessestopp.com\/it\/wp-json\/wp\/v2\/comments?post=6257"}],"version-history":[{"count":11,"href":"https:\/\/dersuessestopp.com\/it\/wp-json\/wp\/v2\/product\/6257\/revisions"}],"predecessor-version":[{"id":6362,"href":"https:\/\/dersuessestopp.com\/it\/wp-json\/wp\/v2\/product\/6257\/revisions\/6362"}],"wp:featuredmedia":[{"embeddable":true,"href":"https:\/\/dersuessestopp.com\/it\/wp-json\/wp\/v2\/media\/6258"}],"wp:attachment":[{"href":"https:\/\/dersuessestopp.com\/it\/wp-json\/wp\/v2\/media?parent=6257"}],"wp:term":[{"taxonomy":"product_brand","embeddable":true,"href":"https:\/\/dersuessestopp.com\/it\/wp-json\/wp\/v2\/product_brand?post=6257"},{"taxonomy":"product_cat","embeddable":true,"href":"https:\/\/dersuessestopp.com\/it\/wp-json\/wp\/v2\/product_cat?post=6257"},{"taxonomy":"product_tag","embeddable":true,"href":"https:\/\/dersuessestopp.com\/it\/wp-json\/wp\/v2\/product_tag?post=6257"}],"curies":[{"name":"wp","href":"https:\/\/api.w.org\/{rel}","templated":true}]}}