{"id":1383,"date":"2025-05-03T11:35:25","date_gmt":"2025-05-03T11:35:25","guid":{"rendered":"https:\/\/dersuessestopp.com\/product\/professionelle-softeismaschine-pasmo-s111\/"},"modified":"2025-09-24T20:20:41","modified_gmt":"2025-09-24T20:20:41","slug":"softeismaschine-professionali-pasmo-s111","status":"publish","type":"product","link":"https:\/\/dersuessestopp.com\/it\/product\/professionelle-softeismaschine-pasmo-s111\/","title":{"rendered":"Softeismaschine professionale PASMO S111"},"content":{"rendered":"<p>\u201cEis wie nie zuvor\u201d - La Softeismaschine professionale Pasmo S111 introduce nuove caratteristiche nella produzione. La versione completa del Pasmo S121 offre numerose funzioni e si distingue per essere ideale per la produzione di un'unica stampante o di un unico prodotto.<\/p>\n<ul>\n<li><strong>Kapazit\u00e4t:<\/strong> Produzione di 50 litri di softeis o di jogurt surgelato per ogni giorno.<\/li>\n<li><strong>Trichterkapazit\u00e4t:<\/strong> 25 litri<\/li>\n<li><strong>Zylinderkapazit\u00e4t:<\/strong> 2,5 litri<\/li>\n<li><strong>Merkmale:<\/strong>\n<ul>\n<li>Mikro-Heizung con Abtauen automatico<\/li>\n<li>Tecnologia inverter intelligente per un avviamento pi\u00f9 leggero e una maggiore efficienza energetica<\/li>\n<li>Sistema di pompe d'aria a ingranaggi<\/li>\n<li>Anzeigetafel personalizzato per un design individuale<\/li>\n<li>Funzionamento automatico e allarme Mix-Low per una migliore qualit\u00e0 dell'aria.<\/li>\n<li>Battitore a langolo e a basso consumo SS304 Edelstahl<\/li>\n<li>Miscelatore integrato nella tramoggia per un'omogenea lavorazione delle materie prime<\/li>\n<li>Compressore EMBRACO\/TECUMSEH con potenza di 4827BTU\/h<\/li>\n<li>Wahl zwischen Luftk\u00fchlung und opzionaler Wasserk\u00fchlung (in inglese)<\/li>\n<li>Un sistema di controllo per l'erogazione continua di bevande.<\/li>\n<li>Utilizzo ed efficienza energetica di Leiser<\/li>\n<li>Innovativo sistema di fissaggio per un'igiene ottimale<\/li>\n<li>Funzionalit\u00e0 di pastorizzazione per la sicurezza e la lunga durata della vita<\/li>\n<li>Un solo tocco per la chiusura di un cilindro eingefrorene<\/li>\n<li>Funzionamento in standby per la regolazione della temperatura durante la notte<\/li>\n<\/ul>\n<\/li>\n<\/ul>\n<p>La Pasmo S111 \u00e8 un'ottima soluzione per tutti i ristoranti o gli alberghi che desiderano una macchina per il gelato o per lo jogurt congelato che sia efficiente e di facile utilizzo. Con la sua straordinaria combinazione di alta qualit\u00e0, qualit\u00e0 eccellente e igiene eccellente, vanta un'esperienza unica nella produzione.<\/p>","protected":false},"excerpt":{"rendered":"<p>&#8220;Eis wie nie zuvor&#8221; \u2013 Die professionelle Softeismaschine Pasmo S111 setzt neue Ma\u00dfst\u00e4be in der Eisherstellung. Als kompaktere Version der Pasmo S121 beh\u00e4lt sie viele ihrer Spitzenfunktionen bei und eignet sich ideal f\u00fcr die Produktion einer einzelnen Softeissorte oder Frozen Jogurts. Kapazit\u00e4t: Produziert 50 Liter Softeis oder Frozen Jogurt pro Stunde Trichterkapazit\u00e4t: 25 Liter Zylinderkapazit\u00e4t: [&hellip;]<\/p>\n","protected":false},"featured_media":1693,"comment_status":"open","ping_status":"closed","template":"","meta":[],"product_brand":[],"product_cat":[63],"product_tag":[],"class_list":{"0":"post-1383","1":"product","2":"type-product","3":"status-publish","4":"has-post-thumbnail","6":"product_cat-pasmo","8":"first","9":"instock","10":"shipping-taxable","11":"purchasable","12":"product-type-simple"},"_links":{"self":[{"href":"https:\/\/dersuessestopp.com\/it\/wp-json\/wp\/v2\/product\/1383","targetHints":{"allow":["GET"]}}],"collection":[{"href":"https:\/\/dersuessestopp.com\/it\/wp-json\/wp\/v2\/product"}],"about":[{"href":"https:\/\/dersuessestopp.com\/it\/wp-json\/wp\/v2\/types\/product"}],"replies":[{"embeddable":true,"href":"https:\/\/dersuessestopp.com\/it\/wp-json\/wp\/v2\/comments?post=1383"}],"version-history":[{"count":1,"href":"https:\/\/dersuessestopp.com\/it\/wp-json\/wp\/v2\/product\/1383\/revisions"}],"predecessor-version":[{"id":9282,"href":"https:\/\/dersuessestopp.com\/it\/wp-json\/wp\/v2\/product\/1383\/revisions\/9282"}],"wp:featuredmedia":[{"embeddable":true,"href":"https:\/\/dersuessestopp.com\/it\/wp-json\/wp\/v2\/media\/1693"}],"wp:attachment":[{"href":"https:\/\/dersuessestopp.com\/it\/wp-json\/wp\/v2\/media?parent=1383"}],"wp:term":[{"taxonomy":"product_brand","embeddable":true,"href":"https:\/\/dersuessestopp.com\/it\/wp-json\/wp\/v2\/product_brand?post=1383"},{"taxonomy":"product_cat","embeddable":true,"href":"https:\/\/dersuessestopp.com\/it\/wp-json\/wp\/v2\/product_cat?post=1383"},{"taxonomy":"product_tag","embeddable":true,"href":"https:\/\/dersuessestopp.com\/it\/wp-json\/wp\/v2\/product_tag?post=1383"}],"curies":[{"name":"wp","href":"https:\/\/api.w.org\/{rel}","templated":true}]}}