{"id":1382,"date":"2025-05-03T11:35:25","date_gmt":"2025-05-03T11:35:25","guid":{"rendered":"https:\/\/dersuessestopp.com\/product\/professionelle-softeismaschine-pasmo-s520f\/"},"modified":"2025-09-24T20:21:03","modified_gmt":"2025-09-24T20:21:03","slug":"softeismaschine-professionale-pasmo-s520f","status":"publish","type":"product","link":"https:\/\/dersuessestopp.com\/it\/product\/professionelle-softeismaschine-pasmo-s520f\/","title":{"rendered":"Softeismaschine professionale PASMO S520F"},"content":{"rendered":"<p>\u201cQualit\u00e4t, die begeistert\u201d - il Softeismaschine professionale Pasmo S520F \u00e8 la sua soluzione ideale per i Softei Premium. Come strumento ineguagliabile per tutte le aziende di ristorazione e gastronomia, che puntano sulla produzione propria di cibo, la Softeismaschine professionale ha una resa impressionante e una qualit\u00e0 eccellente.<\/p>\n<ul>\n<li><strong>Kapazit\u00e4t:<\/strong> Produce 50 litri di acqua per ogni giorno<\/li>\n<li><strong>Trichterkapazit\u00e4t:<\/strong> Due batterie da 12,5 litri<\/li>\n<li><strong>Merkmale:<\/strong>\n<ul>\n<li>Funzionamento automatico e allarme di basso livello di miscelazione per un'efficienza ottimale<\/li>\n<li>Battitore a langolo e a basso consumo SS304 Edelstahl<\/li>\n<li>Agitatore a tramoggia integrato per un'omogenea lavorazione delle sostanze.<\/li>\n<li>Due compressori EMBRACO\/TECUMSEH con capacit\u00e0 di 3753BTU\/h per un'alimentazione veloce<\/li>\n<li>Potenza del motore: 2 x 550W<\/li>\n<li>Disponibile in diverse varianti di potenza (220V\/380V-50Hz\/60Hz)<\/li>\n<li>Struttura robusta (940 x 640 x 1512 mm) e peso di 226 kg<\/li>\n<\/ul>\n<\/li>\n<\/ul>\n<p>Il Pasmo S520F rappresenta una combinazione perfetta di alta qualit\u00e0 e qualit\u00e0 eccellente per una macchina da caff\u00e8 professionale. Ideale per le aziende alimentari e gastronomiche che desiderano ottenere un proprio prodotto e che desiderano un controllo completo sulla qualit\u00e0 del prodotto.<\/p>","protected":false},"excerpt":{"rendered":"<p>&#8220;Qualit\u00e4t, die begeistert&#8221; \u2013 die professionelle Softeismaschine Pasmo S520F ist Ihre zuverl\u00e4ssige Wahl f\u00fcr Premium-Softeis. Als unverzichtbares Ger\u00e4t f\u00fcr jede Eisdiele und Gastronomiebetriebe, die auf die eigene Herstellung von Eis\u00a0setzen, vereint diese professionelle Softeismaschine beeindruckende Leistung mit un\u00fcbertroffener Qualit\u00e4t. Kapazit\u00e4t: Produziert 50 Liter Eis pro Stunde Trichterkapazit\u00e4t: Zwei Beh\u00e4lter mit je 12,5 Litern Merkmale: Selbstpr\u00fcfungsfunktion [&hellip;]<\/p>\n","protected":false},"featured_media":1701,"comment_status":"open","ping_status":"closed","template":"","meta":[],"product_brand":[],"product_cat":[63],"product_tag":[],"class_list":{"0":"post-1382","1":"product","2":"type-product","3":"status-publish","4":"has-post-thumbnail","6":"product_cat-pasmo","8":"first","9":"instock","10":"shipping-taxable","11":"purchasable","12":"product-type-simple"},"_links":{"self":[{"href":"https:\/\/dersuessestopp.com\/it\/wp-json\/wp\/v2\/product\/1382","targetHints":{"allow":["GET"]}}],"collection":[{"href":"https:\/\/dersuessestopp.com\/it\/wp-json\/wp\/v2\/product"}],"about":[{"href":"https:\/\/dersuessestopp.com\/it\/wp-json\/wp\/v2\/types\/product"}],"replies":[{"embeddable":true,"href":"https:\/\/dersuessestopp.com\/it\/wp-json\/wp\/v2\/comments?post=1382"}],"version-history":[{"count":1,"href":"https:\/\/dersuessestopp.com\/it\/wp-json\/wp\/v2\/product\/1382\/revisions"}],"predecessor-version":[{"id":9283,"href":"https:\/\/dersuessestopp.com\/it\/wp-json\/wp\/v2\/product\/1382\/revisions\/9283"}],"wp:featuredmedia":[{"embeddable":true,"href":"https:\/\/dersuessestopp.com\/it\/wp-json\/wp\/v2\/media\/1701"}],"wp:attachment":[{"href":"https:\/\/dersuessestopp.com\/it\/wp-json\/wp\/v2\/media?parent=1382"}],"wp:term":[{"taxonomy":"product_brand","embeddable":true,"href":"https:\/\/dersuessestopp.com\/it\/wp-json\/wp\/v2\/product_brand?post=1382"},{"taxonomy":"product_cat","embeddable":true,"href":"https:\/\/dersuessestopp.com\/it\/wp-json\/wp\/v2\/product_cat?post=1382"},{"taxonomy":"product_tag","embeddable":true,"href":"https:\/\/dersuessestopp.com\/it\/wp-json\/wp\/v2\/product_tag?post=1382"}],"curies":[{"name":"wp","href":"https:\/\/api.w.org\/{rel}","templated":true}]}}