{"id":1381,"date":"2025-05-03T11:35:25","date_gmt":"2025-05-03T11:35:25","guid":{"rendered":"https:\/\/dersuessestopp.com\/product\/schokoladentemperiermaschine\/"},"modified":"2025-05-03T19:21:54","modified_gmt":"2025-05-03T19:21:54","slug":"schokoladentemperiermaschine","status":"publish","type":"product","link":"https:\/\/dersuessestopp.com\/it\/product\/schokoladentemperiermaschine\/","title":{"rendered":"Schokoladentemperiermaschine"},"content":{"rendered":"<p>440 x 605 x 840 7 45 kg<\/p>\n<p>1kW \/ 5,5l Trichter \/ 2 motori per pompa e miscelatore \/ Nachtfunktion<\/p>\n<p>La Schokoladentemperiermaschine \u00e8 un'apparecchiatura ineguagliabile in tutte le cucine in cui si lavora con gli Schokolade. Permette di portare lo Schokolade a una temperatura ottimale e di farlo asciugare subito, in modo da portarlo in uno stato ottimale per l'uso in diversi tipi di cucina. Grazie al processo di tempera, lo Schokolade \u00e8 pi\u00f9 lucido, pi\u00f9 tenero e pi\u00f9 resistente, il che significa una migliore consistenza e un'ottima consistenza. La Maschera consente inoltre di mantenere la Schokolade durante il processo di lavorazione a una temperatura costante, il che consente un migliore controllo e una maggiore coerenza nella produzione di Schokoladenprodukten.<\/p>\n<p>Per Eisdielen e S\u00fc\u00dfwarenl\u00e4den, una maschera Schokoladentemperiermaschine pu\u00f2 essere di qualit\u00e0 eccellente. Una macchina di dimensioni e funzioni adeguate consente di migliorare la produttivit\u00e0 e la qualit\u00e0 dei prodotti. Esistono anche modelli pi\u00f9 piccoli, che possono essere montati su tre lati o modificati, per risparmiare spazio.<\/p>","protected":false},"excerpt":{"rendered":"<p>440 x 605 x 840 7 45kg 1kW \/ 5,5l Trichter \/ 2 Motoren f\u00fcr Pumpe und Mixer \/ Nachtfunktion Eine Schokoladentemperiermaschine ist ein unverzichtbares Werkzeug in jeder K\u00fcche, die mit Schokolade arbeitet. Sie erm\u00f6glicht es, die Schokolade auf eine bestimmte Temperatur zu erhitzen und dann langsam abzuk\u00fchlen, um sie in den optimalen Zustand f\u00fcr [&hellip;]<\/p>\n","protected":false},"featured_media":1705,"comment_status":"open","ping_status":"closed","template":"","meta":[],"product_brand":[],"product_cat":[15],"product_tag":[],"class_list":{"0":"post-1381","1":"product","2":"type-product","3":"status-publish","4":"has-post-thumbnail","6":"product_cat-all-products","8":"first","9":"instock","10":"shipping-taxable","11":"purchasable","12":"product-type-simple"},"_links":{"self":[{"href":"https:\/\/dersuessestopp.com\/it\/wp-json\/wp\/v2\/product\/1381","targetHints":{"allow":["GET"]}}],"collection":[{"href":"https:\/\/dersuessestopp.com\/it\/wp-json\/wp\/v2\/product"}],"about":[{"href":"https:\/\/dersuessestopp.com\/it\/wp-json\/wp\/v2\/types\/product"}],"replies":[{"embeddable":true,"href":"https:\/\/dersuessestopp.com\/it\/wp-json\/wp\/v2\/comments?post=1381"}],"version-history":[{"count":0,"href":"https:\/\/dersuessestopp.com\/it\/wp-json\/wp\/v2\/product\/1381\/revisions"}],"wp:featuredmedia":[{"embeddable":true,"href":"https:\/\/dersuessestopp.com\/it\/wp-json\/wp\/v2\/media\/1705"}],"wp:attachment":[{"href":"https:\/\/dersuessestopp.com\/it\/wp-json\/wp\/v2\/media?parent=1381"}],"wp:term":[{"taxonomy":"product_brand","embeddable":true,"href":"https:\/\/dersuessestopp.com\/it\/wp-json\/wp\/v2\/product_brand?post=1381"},{"taxonomy":"product_cat","embeddable":true,"href":"https:\/\/dersuessestopp.com\/it\/wp-json\/wp\/v2\/product_cat?post=1381"},{"taxonomy":"product_tag","embeddable":true,"href":"https:\/\/dersuessestopp.com\/it\/wp-json\/wp\/v2\/product_tag?post=1381"}],"curies":[{"name":"wp","href":"https:\/\/api.w.org\/{rel}","templated":true}]}}