{"id":1380,"date":"2025-05-03T11:35:25","date_gmt":"2025-05-03T11:35:25","guid":{"rendered":"https:\/\/dersuessestopp.com\/product\/slush-maschine-milkshake-maschine\/"},"modified":"2025-09-24T22:47:45","modified_gmt":"2025-09-24T22:47:45","slug":"macchina-per-granite-macchina-per-frullati","status":"publish","type":"product","link":"https:\/\/dersuessestopp.com\/it\/product\/slush-maschine-milkshake-maschine\/","title":{"rendered":"Macchina per granite \/ macchina per frullati"},"content":{"rendered":"<p><strong>Titolo:<\/strong> Bevanda ghiacciata \/ Macchina per granite \/ Macchina per frapp\u00e9<\/p>\n<p><strong>Categoria:<\/strong> Einzelgeschmack<\/p>\n<p><strong>Beschreibung:<\/strong><\/p>\n<p>Scoprite la soluzione definitiva per la produzione di frullati, granite, granite, margaritas e altri cocktail ghiacciati: la nostra macchina per frullati ad alta precisione. Questa macchina \u00e8 in grado di soddisfare qualsiasi esigenza grazie alla sua elevata efficienza.<\/p>\n<ul>\n<li>Eigenschaften: *<\/li>\n<\/ul>\n<ul>\n<li><strong>Tipo:<\/strong> Il modello Theken<\/li>\n<li><strong>Materiale:<\/strong> Edelstahlpaneele<\/li>\n<li><strong>Zylinderkapazit\u00e4t:<\/strong> 6,9 litri<\/li>\n<li><strong>Trichterkapazit\u00e4t:<\/strong> 11 Lettera<\/li>\n<li><strong>Produzione:<\/strong> 60 litri per ora<\/li>\n<li><strong>Steuerung:<\/strong> Il Mikroprozessor regola la K\u00fchlung attraverso la Viskosit\u00e4tsmessung per ottenere una qualit\u00e0 ottimale.<\/li>\n<li><strong>Zylinderschutz:<\/strong> Protezione contro il rischio di incendio<\/li>\n<li><strong>Vork\u00fchlfunktion:<\/strong> Mantenere la temperatura del vetro inferiore a 4,4 \u00b0C.<\/li>\n<li><strong>Hauptmotor:<\/strong> 1 HP<\/li>\n<li><strong>Durata:<\/strong> 1,4 kW<\/li>\n<li><strong>Zusatzoptionen:<\/strong> Wasserk\u00fchlung e Frequenzumwandler per un maggiore sviluppo dei materiali<\/li>\n<li><strong>Kompressor:<\/strong> Compressore ermetico Tecumseh<\/li>\n<\/ul>\n<p>Ideale per le giornate di lavoro, perch\u00e9 grazie alla sua robustezza non richiede alcun tempo di attesa. Un must per tutti i ristoranti, i caff\u00e8 o i bar che desiderano offrire ai propri clienti prodotti di qualit\u00e0 eccellente.<\/p>","protected":false},"excerpt":{"rendered":"<p>Titel: Frozen Beverage \/ Slush-Maschine \/ Milkshake-Maschine Kategorie: Einzelgeschmack Beschreibung: Entdecken Sie die ultimative L\u00f6sung f\u00fcr die Herstellung von Milkshakes, Slusheis, Granitas, Margaritas und anderen Frozen Cocktails &#8211; unsere hochleistungsf\u00e4hige Milkshake-Maschine. Diese Maschine erf\u00fcllt jeden Anspruch mit ihrer \u00fcberlegenen Leistungsf\u00e4higkeit. Eigenschaften: * Typ: Thekenmodell Material: Edelstahlpaneele Zylinderkapazit\u00e4t: 6,9 Liter Trichterkapazit\u00e4t: 11 Liter Produktionskapazit\u00e4t: 60 Liter [&hellip;]<\/p>\n","protected":false},"featured_media":1703,"comment_status":"open","ping_status":"closed","template":"","meta":[],"product_brand":[21],"product_cat":[66],"product_tag":[],"class_list":{"0":"post-1380","1":"product","2":"type-product","3":"status-publish","4":"has-post-thumbnail","6":"product_brand-der-suse-stopp","7":"product_cat-milkshake-maschines","9":"first","10":"instock","11":"shipping-taxable","12":"purchasable","13":"product-type-simple"},"_links":{"self":[{"href":"https:\/\/dersuessestopp.com\/it\/wp-json\/wp\/v2\/product\/1380","targetHints":{"allow":["GET"]}}],"collection":[{"href":"https:\/\/dersuessestopp.com\/it\/wp-json\/wp\/v2\/product"}],"about":[{"href":"https:\/\/dersuessestopp.com\/it\/wp-json\/wp\/v2\/types\/product"}],"replies":[{"embeddable":true,"href":"https:\/\/dersuessestopp.com\/it\/wp-json\/wp\/v2\/comments?post=1380"}],"version-history":[{"count":1,"href":"https:\/\/dersuessestopp.com\/it\/wp-json\/wp\/v2\/product\/1380\/revisions"}],"predecessor-version":[{"id":9307,"href":"https:\/\/dersuessestopp.com\/it\/wp-json\/wp\/v2\/product\/1380\/revisions\/9307"}],"wp:featuredmedia":[{"embeddable":true,"href":"https:\/\/dersuessestopp.com\/it\/wp-json\/wp\/v2\/media\/1703"}],"wp:attachment":[{"href":"https:\/\/dersuessestopp.com\/it\/wp-json\/wp\/v2\/media?parent=1380"}],"wp:term":[{"taxonomy":"product_brand","embeddable":true,"href":"https:\/\/dersuessestopp.com\/it\/wp-json\/wp\/v2\/product_brand?post=1380"},{"taxonomy":"product_cat","embeddable":true,"href":"https:\/\/dersuessestopp.com\/it\/wp-json\/wp\/v2\/product_cat?post=1380"},{"taxonomy":"product_tag","embeddable":true,"href":"https:\/\/dersuessestopp.com\/it\/wp-json\/wp\/v2\/product_tag?post=1380"}],"curies":[{"name":"wp","href":"https:\/\/api.w.org\/{rel}","templated":true}]}}