{"id":1378,"date":"2025-05-03T11:35:25","date_gmt":"2025-05-03T11:35:25","guid":{"rendered":"https:\/\/dersuessestopp.com\/product\/professionelle-softeismaschine-der-suse-stopp-6378a\/"},"modified":"2025-05-03T19:23:30","modified_gmt":"2025-05-03T19:23:30","slug":"softeismaschine-professionale-della-suse-stopp-6378a","status":"publish","type":"product","link":"https:\/\/dersuessestopp.com\/it\/product\/professionelle-softeismaschine-der-suse-stopp-6378a\/","title":{"rendered":"Softeismaschine professionale \u201cder s\u00fc\u00dfe Stopp 6378A\u201d"},"content":{"rendered":"<p>Scoprite il fantastico mondo dei dessert con la nostra macchina per dolci \u201cder s\u00fc\u00dfe Stopp 6378A\u201d, ideale per le aziende gastronomiche che desiderano offrire ai propri clienti un'ampia scelta di dolci e yogurt congelati. Questa macchina combina una tecnologia innovativa con un'elevata resistenza, per funzionare in modo efficiente anche nei tempi pi\u00f9 recenti.<\/p>\n<p>&nbsp;<\/p>\n<ul>\n<li><strong>Tipo:<\/strong> Bodenmodell<\/li>\n<li><strong>F\u00f6rdersystem:<\/strong> Pompa di benzina<\/li>\n<li><strong>Materiale:<\/strong> Edelstahlpaneele<\/li>\n<li><strong>Zylinderkapazit\u00e4t:<\/strong> 2x 3,2 litri<\/li>\n<li><strong>Trichterkapazit\u00e4t:<\/strong> 2x 15 litri<\/li>\n<li><strong>Produzione:<\/strong> 78 litri per ora<\/li>\n<li><strong>K\u00fchlsystem:<\/strong> Luftk\u00fchlung con Wasserk\u00fchlung opzionale<\/li>\n<li><strong>Besondere Merkmale:<\/strong>\n<ul>\n<li>Doppeltes unabh\u00e4ngiges Kontrollsystem<\/li>\n<li>3 compressori, 2 motori<\/li>\n<li>Vork\u00fchlung, Standby-Funktion<\/li>\n<li>Modelle con Luftdruck<\/li>\n<li>Tecnologia Inverter di Ger\u00e4uscharme<\/li>\n<li>Energia<\/li>\n<li>Automatisch schlie\u00dfendes Ausgabeventil<\/li>\n<li>Protezione completa<\/li>\n<\/ul>\n<\/li>\n<\/ul>\n<p>La Softeismaschine per ristoranti e ristoranti \u201cder s\u00fc\u00dfe Stopp 6378A\u201d \u00e8 una macchina robusta e resistente, che offre un'ottima qualit\u00e0 anche a un numero elevato di clienti. Puntate sulla qualit\u00e0 e sulla funzionalit\u00e0, in modo che i vostri clienti siano soddisfatti di ogni singolo prodotto.<\/p>","protected":false},"excerpt":{"rendered":"<p>Entdecken Sie die faszinierende Welt der gefrorenen Desserts mit unserer Softeismaschine &#8220;der s\u00fc\u00dfe Stopp 6378A&#8221;.M\u00f6chten sie eine professionelle Softeismaschine kaufen die\u00a0Ideal ist f\u00fcr Gastronomiebetriebe, die ihren Kunden eine vielf\u00e4ltige Auswahl an Softeis und Frozen Yogurt bieten m\u00f6chten. Diese Maschine kombiniert innovative Technologie mit hoher Leistungsf\u00e4higkeit, um auch in den gesch\u00e4ftigsten Zeiten zuverl\u00e4ssig zu funktionieren. &nbsp; [&hellip;]<\/p>\n","protected":false},"featured_media":1694,"comment_status":"open","ping_status":"closed","template":"","meta":[],"product_brand":[],"product_cat":[20],"product_tag":[],"class_list":{"0":"post-1378","1":"product","2":"type-product","3":"status-publish","4":"has-post-thumbnail","6":"product_cat-softeismaschinen","8":"first","9":"instock","10":"shipping-taxable","11":"purchasable","12":"product-type-simple"},"_links":{"self":[{"href":"https:\/\/dersuessestopp.com\/it\/wp-json\/wp\/v2\/product\/1378","targetHints":{"allow":["GET"]}}],"collection":[{"href":"https:\/\/dersuessestopp.com\/it\/wp-json\/wp\/v2\/product"}],"about":[{"href":"https:\/\/dersuessestopp.com\/it\/wp-json\/wp\/v2\/types\/product"}],"replies":[{"embeddable":true,"href":"https:\/\/dersuessestopp.com\/it\/wp-json\/wp\/v2\/comments?post=1378"}],"version-history":[{"count":0,"href":"https:\/\/dersuessestopp.com\/it\/wp-json\/wp\/v2\/product\/1378\/revisions"}],"wp:featuredmedia":[{"embeddable":true,"href":"https:\/\/dersuessestopp.com\/it\/wp-json\/wp\/v2\/media\/1694"}],"wp:attachment":[{"href":"https:\/\/dersuessestopp.com\/it\/wp-json\/wp\/v2\/media?parent=1378"}],"wp:term":[{"taxonomy":"product_brand","embeddable":true,"href":"https:\/\/dersuessestopp.com\/it\/wp-json\/wp\/v2\/product_brand?post=1378"},{"taxonomy":"product_cat","embeddable":true,"href":"https:\/\/dersuessestopp.com\/it\/wp-json\/wp\/v2\/product_cat?post=1378"},{"taxonomy":"product_tag","embeddable":true,"href":"https:\/\/dersuessestopp.com\/it\/wp-json\/wp\/v2\/product_tag?post=1378"}],"curies":[{"name":"wp","href":"https:\/\/api.w.org\/{rel}","templated":true}]}}