{"id":1377,"date":"2025-05-03T11:35:25","date_gmt":"2025-05-03T11:35:25","guid":{"rendered":"https:\/\/dersuessestopp.com\/product\/professionelle-softeismaschine-t6248-6248a\/"},"modified":"2025-05-03T19:25:28","modified_gmt":"2025-05-03T19:25:28","slug":"softeismaschine-professionale-t6248-6248a","status":"publish","type":"product","link":"https:\/\/dersuessestopp.com\/it\/product\/professionelle-softeismaschine-t6248-6248a\/","title":{"rendered":"Softeismaschine professionale T6248\/6248A"},"content":{"rendered":"<p>Offrite ai vostri clienti il miglior Softeis. La Softeismaschine &amp; Frozen-Yogurt-Maschine professionale Modell T6248A offre ai clienti un mondo pi\u00f9 ricco di possibilit\u00e0. Questa macchina da cucina, completa e resistente, \u00e8 l'ideale per le piccole gastronomie o per le aziende che hanno un piano d'appoggio ridotto e offre un'impressionante variet\u00e0 di sapori in tutte le occasioni di incontro.<\/p>\n<p>&nbsp;<\/p>\n<ul>\n<li><strong>Tipo:<\/strong> Il modello Theken<\/li>\n<li><strong>F\u00f6rdersystem:<\/strong> Schwerkraft-Zuf\u00fchrung (alimentazione a gravit\u00e0), opzionale con sistema di pompaggio<\/li>\n<li><strong>Kompressoren:<\/strong> Due compressori di base, struttura uniforme<\/li>\n<li><strong>Zylinderkapazit\u00e4t:<\/strong> 2x 1,8 litri<\/li>\n<li><strong>Trichterkapazit\u00e4t:<\/strong> 2x 12,5 litri<\/li>\n<li><strong>Produzione:<\/strong> 48 litri per ora<\/li>\n<li><strong>Merkmale:<\/strong>\n<ul>\n<li>Bauweise compatto, ideale per gli oggetti<\/li>\n<li>Wahl zwischen Schwerkraft- und Pumpenmodell (modello a pompa)<\/li>\n<li>Sistemi di trasporto unici per ogni sito<\/li>\n<li>Manutenzione e riparazione perfette<\/li>\n<li>Ideale per la produzione di soft-eis e frozen yogurt<\/li>\n<\/ul>\n<\/li>\n<\/ul>\n<p>Il modello T6248A unisce funzionalit\u00e0 e flessibilit\u00e0 in un unico apparecchio. \u00c8 perfetto per gli oratori che desiderano avere un solo quadratimetro, senza dover scendere a compromessi con la qualit\u00e0 e la qualit\u00e0 dei prodotti acquistati o con il Frozen Joghurt. \u00c8 un must per tutti coloro che vogliono conquistare i propri clienti con prodotti di qualit\u00e0 eccellente.<\/p>","protected":false},"excerpt":{"rendered":"<p>Pr\u00e4sentieren Sie Ihren Kunden das beste Softeis. Die professionelle\u00a0Softeismaschine\u00a0\u00a0&amp; Frozen-Yogurt-Maschine Modell T6248A zeubert Ihnen eine Welt voller cremiger K\u00f6stlichkeiten. Diese kompakte, aber leistungsstarke Thekenmaschine ist ideal f\u00fcr kleinere Gastronomiebetriebe oder Bereiche mit begrenztem Platzangebot und bietet dennoch eine beeindruckende Vielfalt an Geschmacksrichtungen. &nbsp; Typ: Thekenmodell F\u00f6rdersystem: Schwerkraft-Zuf\u00fchrung (Gravity Feed), optional mit Pumpensystem Kompressoren: Zwei Hauptkompressoren, [&hellip;]<\/p>\n","protected":false},"featured_media":1743,"comment_status":"open","ping_status":"closed","template":"","meta":[],"product_brand":[],"product_cat":[20],"product_tag":[],"class_list":{"0":"post-1377","1":"product","2":"type-product","3":"status-publish","4":"has-post-thumbnail","6":"product_cat-softeismaschinen","8":"first","9":"instock","10":"shipping-taxable","11":"purchasable","12":"product-type-simple"},"_links":{"self":[{"href":"https:\/\/dersuessestopp.com\/it\/wp-json\/wp\/v2\/product\/1377","targetHints":{"allow":["GET"]}}],"collection":[{"href":"https:\/\/dersuessestopp.com\/it\/wp-json\/wp\/v2\/product"}],"about":[{"href":"https:\/\/dersuessestopp.com\/it\/wp-json\/wp\/v2\/types\/product"}],"replies":[{"embeddable":true,"href":"https:\/\/dersuessestopp.com\/it\/wp-json\/wp\/v2\/comments?post=1377"}],"version-history":[{"count":0,"href":"https:\/\/dersuessestopp.com\/it\/wp-json\/wp\/v2\/product\/1377\/revisions"}],"wp:featuredmedia":[{"embeddable":true,"href":"https:\/\/dersuessestopp.com\/it\/wp-json\/wp\/v2\/media\/1743"}],"wp:attachment":[{"href":"https:\/\/dersuessestopp.com\/it\/wp-json\/wp\/v2\/media?parent=1377"}],"wp:term":[{"taxonomy":"product_brand","embeddable":true,"href":"https:\/\/dersuessestopp.com\/it\/wp-json\/wp\/v2\/product_brand?post=1377"},{"taxonomy":"product_cat","embeddable":true,"href":"https:\/\/dersuessestopp.com\/it\/wp-json\/wp\/v2\/product_cat?post=1377"},{"taxonomy":"product_tag","embeddable":true,"href":"https:\/\/dersuessestopp.com\/it\/wp-json\/wp\/v2\/product_tag?post=1377"}],"curies":[{"name":"wp","href":"https:\/\/api.w.org\/{rel}","templated":true}]}}