{"id":1375,"date":"2025-05-03T11:35:25","date_gmt":"2025-05-03T11:35:25","guid":{"rendered":"https:\/\/dersuessestopp.com\/product\/professionelle-softeismaschine-pasmo-s121\/"},"modified":"2025-09-24T20:21:56","modified_gmt":"2025-09-24T20:21:56","slug":"softeismaschine-professionali-pasmo-s121","status":"publish","type":"product","link":"https:\/\/dersuessestopp.com\/it\/product\/professionelle-softeismaschine-pasmo-s121\/","title":{"rendered":"Softeismaschine professionale Pasmo S121"},"content":{"rendered":"<p>La migliore macchina da caff\u00e8, che porta il vostro lavoro al successo: La Softeismaschine professionale Pasmo S121, sviluppata per i professionisti che puntano sull'innovazione, rivoluziona con la sua struttura interna pi\u00f9 completa tutti i modelli Pasmo presenti sul mercato.<\/p>\n<ul>\n<li><strong>Kapazit\u00e4t:<\/strong> Produzione di 80 litri di acqua calda per settimana<\/li>\n<li><strong>Trichterkapazit\u00e4t:<\/strong> Due batterie da 9,5 litri<\/li>\n<li><strong>Zylinderkapazit\u00e4t:<\/strong> 2 litri<\/li>\n<li><strong>Merkmale:<\/strong>\n<ul>\n<li>Micro-apparecchiatura con apertura automatica<\/li>\n<li>Tecnologia inverter intelligente<\/li>\n<li>Sistema di pompe d'aria a ingranaggi<\/li>\n<li>Funzionamento della pastorizia<\/li>\n<li>Doppelsystem per una perfetta selezione del materiale<\/li>\n<li>Sistemi di compressori separati per tutti i tipi di utilizzatore<\/li>\n<li>Selbstpr\u00fcfungsfunktion e Mix-Low-Alarm per una qualit\u00e0 costante<\/li>\n<li>Battitore a langolo e a basso consumo SS304 Edelstahl<\/li>\n<li>Agitatore a tramoggia per un prodotto omogeneo<\/li>\n<li>Compressore EMBRACO\/TECUMSEH con potenza di 3753BTU\/h*2<\/li>\n<li>Wahl zwischen Luftk\u00fchlung und opzionaler Wasserk\u00fchlung (in inglese)<\/li>\n<li>Un sistema di controllo per l'erogazione continua di bevande.<\/li>\n<li>Utilizzo ed efficienza energetica di Leiser<\/li>\n<li>Innovativo sistema di tiefk\u00fchlsystem per elevati standard igienici<\/li>\n<li>Un solo tocco per la rimozione dei cilindri eingefrorenti<\/li>\n<li>Funzionamento in standby per la regolazione della temperatura durante la notte<\/li>\n<\/ul>\n<\/li>\n<\/ul>\n<p>La Pasmo S121 \u00e8 la soluzione ideale per gli esercizi commerciali e i ristoranti che desiderano una soluzione efficiente, economica e divertente. Con la sua straordinaria combinazione di alta qualit\u00e0, qualit\u00e0 eccellente e igiene eccellente, garantisce il successo delle sue attivit\u00e0.<\/p>","protected":false},"excerpt":{"rendered":"<p>Die richtige Softeismaschine, die Ihr Gesch\u00e4ft zum Erfolg f\u00fchrt: Die professionelle Softeismaschine Pasmo S121, entwickelt f\u00fcr Fachleute, die nach Innovation streben, revolutioniert mit ihrer kompaktesten internen Struktur unter allen Pasmo-Modellen den Markt. Kapazit\u00e4t: Produziert 80 Liter Softeis pro Stunde Trichterkapazit\u00e4t: Zwei Beh\u00e4lter mit je 9,5 Litern Zylinderkapazit\u00e4t: 2 Liter Merkmale: Micro-Heizung mit automatischer Abtaufunktion Intelligente [&hellip;]<\/p>\n","protected":false},"featured_media":1696,"comment_status":"open","ping_status":"closed","template":"","meta":[],"product_brand":[],"product_cat":[63],"product_tag":[],"class_list":{"0":"post-1375","1":"product","2":"type-product","3":"status-publish","4":"has-post-thumbnail","6":"product_cat-pasmo","8":"first","9":"instock","10":"shipping-taxable","11":"purchasable","12":"product-type-simple"},"_links":{"self":[{"href":"https:\/\/dersuessestopp.com\/it\/wp-json\/wp\/v2\/product\/1375","targetHints":{"allow":["GET"]}}],"collection":[{"href":"https:\/\/dersuessestopp.com\/it\/wp-json\/wp\/v2\/product"}],"about":[{"href":"https:\/\/dersuessestopp.com\/it\/wp-json\/wp\/v2\/types\/product"}],"replies":[{"embeddable":true,"href":"https:\/\/dersuessestopp.com\/it\/wp-json\/wp\/v2\/comments?post=1375"}],"version-history":[{"count":1,"href":"https:\/\/dersuessestopp.com\/it\/wp-json\/wp\/v2\/product\/1375\/revisions"}],"predecessor-version":[{"id":9285,"href":"https:\/\/dersuessestopp.com\/it\/wp-json\/wp\/v2\/product\/1375\/revisions\/9285"}],"wp:featuredmedia":[{"embeddable":true,"href":"https:\/\/dersuessestopp.com\/it\/wp-json\/wp\/v2\/media\/1696"}],"wp:attachment":[{"href":"https:\/\/dersuessestopp.com\/it\/wp-json\/wp\/v2\/media?parent=1375"}],"wp:term":[{"taxonomy":"product_brand","embeddable":true,"href":"https:\/\/dersuessestopp.com\/it\/wp-json\/wp\/v2\/product_brand?post=1375"},{"taxonomy":"product_cat","embeddable":true,"href":"https:\/\/dersuessestopp.com\/it\/wp-json\/wp\/v2\/product_cat?post=1375"},{"taxonomy":"product_tag","embeddable":true,"href":"https:\/\/dersuessestopp.com\/it\/wp-json\/wp\/v2\/product_tag?post=1375"}],"curies":[{"name":"wp","href":"https:\/\/api.w.org\/{rel}","templated":true}]}}