{"id":1374,"date":"2025-05-03T11:35:25","date_gmt":"2025-05-03T11:35:25","guid":{"rendered":"https:\/\/dersuessestopp.com\/product\/spaceman-6368-c-6368a-c-softeismaschine\/"},"modified":"2025-05-03T19:28:08","modified_gmt":"2025-05-03T19:28:08","slug":"spaceman-6368-c-6368a-c-softeismaschine","status":"publish","type":"product","link":"https:\/\/dersuessestopp.com\/it\/product\/spaceman-6368-c-6368a-c-softeismaschine\/","title":{"rendered":"Spaceman 6368-C \/ 6368A-C Softeismaschine"},"content":{"rendered":"<p><strong>6368-C \/ 6368A-C Softeismaschine - Ihre Hochleistungs-Gastro-L\u00f6sung - Gravity oder Pumpe<\/strong><\/p>\n<p>Godetevi la migliore qualit\u00e0 di produzione, anche a 220V e con raffreddamento ad aria! Questa macchina offre un'impressionante capacit\u00e0 di assorbimento, anche se non si basa su un'elevata efficienza energetica. \u00c8 l'ideale per le aziende che non soddisfano tutte le esigenze di un impianto di riscaldamento volumetrico, ma che vogliono ottenere una produzione di qualit\u00e0 superiore. Questa \u00e8 la migliore alternativa per migliorare la propria capacit\u00e0 di produzione.<\/p>\n<p><strong>Hauptmerkmale:<\/strong><\/p>\n<ul>\n<li><strong>Due opzioni di gioco + twist:<\/strong><br \/>\nAfferrate simultaneamente due porte e fatevi conquistare dalle vostre ginocchia con le innovative creazioni di Twist.<\/li>\n<li><strong>Alta capacit\u00e0 di produzione:<\/strong><br \/>\nCon una capacit\u00e0 di assorbimento di 600 porzioni per ora (80 g per porzione), la Maschera offre costantemente risultati eccellenti in caso di uso frequente.<\/li>\n<li><strong>Zylinder &amp; Beh\u00e4lter:<\/strong><br \/>\nDotato di 2 serbatoi da 1,7 litri e due serbatoi di miscelazione (tramoggia) - di serie 2 x 12 litri, in alternativa 2 x 8 litri (modello A) - per una produzione flessibile.<\/li>\n<li><strong>Modernste Steuerung:<\/strong><br \/>\nLa gestione digitale del Mikroprozessorsteuerung consente la programmazione automatica, l'impostazione automatica dei parametri di funzionamento e un display digitale di facile lettura, che visualizza tutte le informazioni critiche del sistema.<\/li>\n<li><strong>Effizientes K\u00fchlen &amp; Schnelles Einfrieren:<\/strong><br \/>\nIl sistema di costruzione wassergek\u00fchlte, in combinazione con un dispositivo W\u00e4rmetauscher brevettato, consente di ottenere un congelamento rapido con un consumo energetico minimo. Il modulo di standby consente di mantenere la temperatura del prodotto al di sotto di 4,4\u00b0C, per garantire la presenza di fritture durante la notte.<\/li>\n<li><strong>Intelligente Reinigung &amp; Wartung:<\/strong><br \/>\nLa funzione di sbrinamento consente di ripristinare i cilindri di raffreddamento in modo automatico, mentre il sistema Soft System Start consente di avviare il motore da fermo e di ridurre le tensioni meccaniche: l'ideale per la sostituzione.<\/li>\n<li><strong>Struttura robusta e sicura:<\/strong><br \/>\nIl sistema di alimentazione diretto, le funzioni di sicurezza integrate (Niedrigtemperatur-, Motor\u00fcberlast- e Hochdruckschutz) e l'ottima progettazione garantiscono un funzionamento ottimale della macchina.<\/li>\n<li><strong>Dati di consumo e dati di consumo:<\/strong>\n<ul>\n<li><strong>Nettoma\u00dfe:<\/strong> 532 x 652 x 1494 mm<\/li>\n<li><strong>Versandma\u00dfe:<\/strong> 650 x 820 x 1640 mm<\/li>\n<li><strong>Nettogewicht:<\/strong> ca. 224 kg (Standard) \/ 234 kg (Modell A)<\/li>\n<li><strong>Stromversorgung:<\/strong> 220-240V\/1Ph\/50Hz (4,8 kW) o 208-230V\/1Ph\/60Hz (5,0 kW)<\/li>\n<li><strong>Freiraum:<\/strong> Minimo 152 mm dal bordo posteriore per una regolazione ottimale della velocit\u00e0 di rotazione.<\/li>\n<\/ul>\n<\/li>\n<li><strong>Accessori opzionali:<\/strong><br \/>\nModello con scivolo di scarico dell'aria superiore per un'autonomia ancora migliore.<\/li>\n<\/ul>\n<p><strong>Ideale per:<\/strong><\/p>\n<ul>\n<li><strong>Gastro-Betriebe e High-End-Eisdielen<\/strong>, che hanno una produzione eccellente e un servizio di assistenza efficiente.<\/li>\n<li><strong>Start-up e piccole imprese<\/strong>, che con un'apparecchiatura a 220V senza alimentazione a tensione costante possono ottenere un'elevata produttivit\u00e0.<\/li>\n<\/ul>\n<p>Utilizzate la Softeismaschine 6368-C \/ 6368A-C per rivoluzionare la vostra attivit\u00e0, massimizzare l'efficienza e offrire ai vostri clienti un prodotto altamente efficiente e cremoso. Questa macchina \u00e8 la soluzione ottimale per le aziende che non hanno tutte le esigenze ottimali, ma che non vogliono rinunciare a una produzione di qualit\u00e0.<\/p>\n<p>Migliorate la vostra capacit\u00e0 di produzione e portate il vostro business a un nuovo livello - con le innovative e efficienti Softeismaschine 6368-C \/ 6368A-C!<\/p>","protected":false},"excerpt":{"rendered":"<p>6368-C \/ 6368A-C Softeismaschine \u2013 Ihre Hochleistungs-Gastro-L\u00f6sung &#8211; Gravity oder Pumpe Erleben Sie starke Produktionsleistung \u2013 auch bei 220V und Air Cooling! Diese Maschine bietet eine beeindruckende Ausgabekapazit\u00e4t, obwohl sie nicht auf dreiphasiger Energieversorgung basiert. Optimal f\u00fcr Betriebe, die nicht alle Voraussetzungen f\u00fcr eine Vollausstattung erf\u00fcllen, aber dennoch h\u00f6chste Produktionsmengen erzielen m\u00f6chten. Dies ist die [&hellip;]<\/p>\n","protected":false},"featured_media":1748,"comment_status":"open","ping_status":"closed","template":"","meta":[],"product_brand":[],"product_cat":[20],"product_tag":[],"class_list":{"0":"post-1374","1":"product","2":"type-product","3":"status-publish","4":"has-post-thumbnail","6":"product_cat-softeismaschinen","8":"first","9":"instock","10":"shipping-taxable","11":"purchasable","12":"product-type-simple"},"_links":{"self":[{"href":"https:\/\/dersuessestopp.com\/it\/wp-json\/wp\/v2\/product\/1374","targetHints":{"allow":["GET"]}}],"collection":[{"href":"https:\/\/dersuessestopp.com\/it\/wp-json\/wp\/v2\/product"}],"about":[{"href":"https:\/\/dersuessestopp.com\/it\/wp-json\/wp\/v2\/types\/product"}],"replies":[{"embeddable":true,"href":"https:\/\/dersuessestopp.com\/it\/wp-json\/wp\/v2\/comments?post=1374"}],"version-history":[{"count":0,"href":"https:\/\/dersuessestopp.com\/it\/wp-json\/wp\/v2\/product\/1374\/revisions"}],"wp:featuredmedia":[{"embeddable":true,"href":"https:\/\/dersuessestopp.com\/it\/wp-json\/wp\/v2\/media\/1748"}],"wp:attachment":[{"href":"https:\/\/dersuessestopp.com\/it\/wp-json\/wp\/v2\/media?parent=1374"}],"wp:term":[{"taxonomy":"product_brand","embeddable":true,"href":"https:\/\/dersuessestopp.com\/it\/wp-json\/wp\/v2\/product_brand?post=1374"},{"taxonomy":"product_cat","embeddable":true,"href":"https:\/\/dersuessestopp.com\/it\/wp-json\/wp\/v2\/product_cat?post=1374"},{"taxonomy":"product_tag","embeddable":true,"href":"https:\/\/dersuessestopp.com\/it\/wp-json\/wp\/v2\/product_tag?post=1374"}],"curies":[{"name":"wp","href":"https:\/\/api.w.org\/{rel}","templated":true}]}}