{"id":1373,"date":"2025-05-03T11:35:25","date_gmt":"2025-05-03T11:35:25","guid":{"rendered":"https:\/\/dersuessestopp.com\/product\/softeismaschine-nissei-na-6468-duo-power\/"},"modified":"2025-09-25T06:37:28","modified_gmt":"2025-09-25T06:37:28","slug":"softeismaschine-nissei-na-6468-duo-power","status":"publish","type":"product","link":"https:\/\/dersuessestopp.com\/it\/product\/softeismaschine-nissei-na-6468-duo-power\/","title":{"rendered":"Softeismaschine Nissei NA 6468 Duo Power"},"content":{"rendered":"<p><strong>Nissei NA 6468 Duo Power - Informazioni generali e garanzia di qualit\u00e0 - Partner ufficiale Nissei-Vertriebspartner<\/strong><\/p>\n<p><strong>Il pacchetto di prodotti Nissei \u00e8 stato sostituito da una serie di prodotti<\/strong>\u00a0- non c'\u00e8 un servizio di assistenza!<\/p>\n<p><strong>Ersatzteile originali Nissei e standard di qualit\u00e0 elevati<\/strong><\/p>\n<p><strong>12 mesi di garanzia di funzionamento su tutti i componenti critici<\/strong><\/p>\n<p><strong>Ersatzteil- e Serviceunterst\u00fctzung di qualit\u00e0 superiore<\/strong><\/p>\n<p><strong>Einsatzbereit per gli ultimi 10 anni<\/strong><\/p>\n<p><strong>Dettagli tecnici<\/strong><\/p>\n<p><strong>Modell<\/strong>: Nissei NA 6468 Duo Power (con sistema di pompaggio) -\u00a0<strong>general\u00fcberholt<\/strong><\/p>\n<p><strong>K\u00fchlung<\/strong>: Acqua<\/p>\n<p><strong>Kapazit\u00e4t<\/strong>: 2 Ordini di soft-eis, 2x 55 litri per ogni giorno<\/p>\n<p><strong>Cilindro di gomma<\/strong>2 x 2,5 litri<\/p>\n<p><strong>Serbatoi di miscelazione<\/strong>: 2 x 10 KG con R\u00fchrwerken<\/p>\n<p><strong>Steuerung<\/strong>: Manuell \/ selbstpasteurisierend (nur alle 6 Wochen zerlegen und reinigen)<\/p>\n<p><strong>Anschluss<\/strong>: Stecker da 16 Ampere per 3x 400V+O+A<\/p>\n<p><strong>Requisiti specifici<\/strong>: Wasserhahn &amp; Wasserablauf erforderlich<\/p>\n<p><strong>Warum diese Maschine?<\/strong><\/p>\n<p>La Nissei NA 6468 Duo Power \u00e8 una macchina per la sofisticazione dell'aria, creata appositamente per l'uso professionale. Con il\u00a0<strong>Tecnologia Duo Power<\/strong>\u00a0possono essere prodotti in due diversi tipi di colore e possono anche essere gemmati. Perfetto per le creazioni di tendenza!<\/p>\n<p>La macchina \u00e8 stata costruita\u00a0<strong>direttamente nella fabbrica principale di Nissei.<\/strong>, non da una Werkstatt esterna! Tutti\u00a0<strong>teile kritischen<\/strong>\u00a0sono stati applicati, anche se tecnicamente si tratta di una novit\u00e0.<\/p>\n<p><strong>Garanzie di Nissei<\/strong><\/p>\n<p><strong>12 mesi di tempo per le tecniche di difesa<\/strong><\/p>\n<p><strong>12 mesi 100% Garanzia sui gas nel cilindro Edelstahl-Gefrierzylinder<\/strong><\/p>\n<p><strong>12 mesi 100% Garanzia sul motore di trazione<\/strong><\/p>\n<p><strong>12 mesi 100% Garanzia sul cilindro Edelstahl-Gefrierzylinder<\/strong><\/p>\n<p><strong>12 mesi 100% Garanzia sul materiale POM del pannello<\/strong><\/p>\n<p><strong>12 mesi 50% Garanzia sul compressore di carburante, sul compressore di aria compressa e sul gruppo di carico della nave da trasporto.<\/strong><\/p>\n<p><strong>Assistenza e servizio di assistenza tecnica<\/strong><\/p>\n<p>Als\u00a0<strong>partner ufficiale Nissei-Vertrieb<\/strong>\u00a0Non offriamo solo questa macchina di alta qualit\u00e0, ma anche una macchina di lunga durata.\u00a0<strong>Ersatzteil- e Wartungsunterst\u00fctzung<\/strong>. La macchina \u00e8\u00a0<strong>bereit per l'impiego professionale<\/strong>\u00a0e pu\u00f2 problematizzare le nuove\u00a0<strong>10 anni di servizio zuverl\u00e4ssig Eis<\/strong>!<\/p>\n<p><strong>Contattateci anche per nuovi modelli e altre informazioni!<\/strong><\/p>","protected":false},"excerpt":{"rendered":"<p>Nissei NA 6468 Duo Power \u2013 General\u00fcberholt &amp; Werksgarantie \u2013 Offizieller Nissei-Vertriebspartner Komplett von Nissei werks\u00fcberholt\u00a0\u2013 kein Servicebetrieb! Original Nissei Ersatzteile &amp; h\u00f6chste Qualit\u00e4tsstandards 12 Monate Werksgarantie auf alle kritischen Komponenten Langfristige Ersatzteil- und Serviceunterst\u00fctzung Einsatzbereit f\u00fcr die n\u00e4chsten 10 Jahre Technische Details Modell: Nissei NA 6468 Duo Power (mit Pumpensystem) \u2013\u00a0general\u00fcberholt K\u00fchlung: Wassergek\u00fchlt Kapazit\u00e4t: [&hellip;]<\/p>\n","protected":false},"featured_media":1749,"comment_status":"open","ping_status":"closed","template":"","meta":[],"product_brand":[],"product_cat":[72],"product_tag":[],"class_list":{"0":"post-1373","1":"product","2":"type-product","3":"status-publish","4":"has-post-thumbnail","6":"product_cat-refurbished-model","8":"first","9":"instock","10":"shipping-taxable","11":"purchasable","12":"product-type-simple"},"_links":{"self":[{"href":"https:\/\/dersuessestopp.com\/it\/wp-json\/wp\/v2\/product\/1373","targetHints":{"allow":["GET"]}}],"collection":[{"href":"https:\/\/dersuessestopp.com\/it\/wp-json\/wp\/v2\/product"}],"about":[{"href":"https:\/\/dersuessestopp.com\/it\/wp-json\/wp\/v2\/types\/product"}],"replies":[{"embeddable":true,"href":"https:\/\/dersuessestopp.com\/it\/wp-json\/wp\/v2\/comments?post=1373"}],"version-history":[{"count":1,"href":"https:\/\/dersuessestopp.com\/it\/wp-json\/wp\/v2\/product\/1373\/revisions"}],"predecessor-version":[{"id":9314,"href":"https:\/\/dersuessestopp.com\/it\/wp-json\/wp\/v2\/product\/1373\/revisions\/9314"}],"wp:featuredmedia":[{"embeddable":true,"href":"https:\/\/dersuessestopp.com\/it\/wp-json\/wp\/v2\/media\/1749"}],"wp:attachment":[{"href":"https:\/\/dersuessestopp.com\/it\/wp-json\/wp\/v2\/media?parent=1373"}],"wp:term":[{"taxonomy":"product_brand","embeddable":true,"href":"https:\/\/dersuessestopp.com\/it\/wp-json\/wp\/v2\/product_brand?post=1373"},{"taxonomy":"product_cat","embeddable":true,"href":"https:\/\/dersuessestopp.com\/it\/wp-json\/wp\/v2\/product_cat?post=1373"},{"taxonomy":"product_tag","embeddable":true,"href":"https:\/\/dersuessestopp.com\/it\/wp-json\/wp\/v2\/product_tag?post=1373"}],"curies":[{"name":"wp","href":"https:\/\/api.w.org\/{rel}","templated":true}]}}