{"id":1372,"date":"2025-05-03T11:35:25","date_gmt":"2025-05-03T11:35:25","guid":{"rendered":"https:\/\/dersuessestopp.com\/product\/nissei-na-6468-duo-power-frozen-yoghurt-maschine\/"},"modified":"2025-09-25T06:37:43","modified_gmt":"2025-09-25T06:37:43","slug":"nissei-na-6468-duo-power-frozen-yogurt-maschine","status":"publish","type":"product","link":"https:\/\/dersuessestopp.com\/it\/product\/nissei-na-6468-duo-power-frozen-yoghurt-maschine\/","title":{"rendered":"Nissei NA 6468 Duo Power Frozen Yoghurt Maschine"},"content":{"rendered":"<p><strong>Nissei NA 6468 Duo Power Frozen Yoghurt Maschine - Garanzia generale e garanzia di prodotto - Partner ufficiale Nissei<\/strong><\/p>\n<p><strong>Il pacchetto di prodotti Nissei \u00e8 stato sostituito da una serie di prodotti<\/strong>\u00a0- non c'\u00e8 un servizio di assistenza!<\/p>\n<p><strong>Ersatzteile originali Nissei e standard di qualit\u00e0 elevati<\/strong><\/p>\n<p><strong>12 mesi di garanzia di funzionamento su tutti i componenti critici<\/strong><\/p>\n<p><strong>Ersatzteil- e Serviceunterst\u00fctzung di qualit\u00e0 superiore<\/strong><\/p>\n<p><strong>Einsatzbereit per gli ultimi 10 anni<\/strong><\/p>\n<p><strong>Dettagli tecnici<\/strong><\/p>\n<p><strong>Modell<\/strong>: Nissei NA 6468 Duo Power Frozen Yoghurt (ohne Pumpensystem) -\u00a0<strong>general\u00fcberholt<\/strong><\/p>\n<p><strong>K\u00fchlung<\/strong>: Acqua<\/p>\n<p><strong>Kapazit\u00e4t<\/strong>: 2x 35 litri di yogurt congelato per ogni giorno<\/p>\n<p><strong>Cilindro di gomma<\/strong>2 x 2,5 litri<\/p>\n<p><strong>Serbatoi di miscelazione<\/strong>: 2 x 10 KG con R\u00fchrwerken<\/p>\n<p><strong>Steuerung<\/strong>: Manuell \/ selbstpasteurisierend (nur alle 6 Wochen zerlegen und reinigen)<\/p>\n<p><strong>Anschluss<\/strong>: 400V+0+A, 2,5 kWh<\/p>\n<p><strong>Requisiti specifici<\/strong>: Wasserhahn &amp; Wasserablauf erforderlich<\/p>\n<p><strong>Warum diese Maschine?<\/strong><\/p>\n<p>Lo yogurt congelato Nissei NA 6468 Duo Power \u00e8 stato creato appositamente per il settore della ristorazione collettiva.\u00a0<strong>Zubereitung von Frozen Yoghurt ohne Pumpensystem<\/strong>\u00a0entwickelt. Das\u00a0<strong>fehlt bewusst<\/strong>, per un facile risanamento e una facile ristrutturazione. \u00c8 ideale per\u00a0<strong>frischen Frozen Yoghurt o haltbare Frozen Yoghurt Mixe<\/strong>\u00a0e garantisce un'ottima igiene grazie alla\u00a0<strong>Funzionalit\u00e0 di pastorizzazione<\/strong>.<\/p>\n<p>Grazie all'elevata capacit\u00e0 di carico e alla struttura robusta, la macchina \u00e8 perfetta per l'impiego professionale. I clienti possono scegliere tra\u00a0<strong>frischen Geschmack von Frozen Yoghurt lieben<\/strong>, ci\u00f2 che serve per ottenere risultati di alto livello!<\/p>\n<p><strong>Garanzie di Nissei<\/strong><\/p>\n<p><strong>12 mesi di tempo per le tecniche di difesa<\/strong><\/p>\n<p><strong>12 mesi 100% Garanzia sui gas nel cilindro Edelstahl-Gefrierzylinder<\/strong><\/p>\n<p><strong>12 mesi 100% Garanzia sul motore di trazione<\/strong><\/p>\n<p><strong>12 mesi 100% Garanzia sul cilindro Edelstahl-Gefrierzylinder<\/strong><\/p>\n<p><strong>12 mesi 100% Garanzia sul materiale POM del pannello<\/strong><\/p>\n<p><strong>12 mesi 50% Garanzia sul compressore di carburante, sul compressore di aria compressa e sul gruppo di carico della nave da trasporto.<\/strong><\/p>\n<p><strong>Assistenza e servizio di assistenza tecnica<\/strong><\/p>\n<p>Als\u00a0<strong>partner ufficiale Nissei-Vertrieb<\/strong>\u00a0garantiamo non solo un'ottima apertura generale direttamente nel sito di\u00a0<strong>Nissei-Fabrik<\/strong>, ma anche\u00a0<strong>servizio di assistenza tecnica e di manutenzione<\/strong>. La macchina \u00e8 facilmente inseribile e pu\u00f2 essere utilizzata senza problemi.\u00a0<strong>i nostri ultimi 10 anni di servizio di frozen yogurt zuverl\u00e4ssig<\/strong>!<\/p>\n<p><strong>Contattateci anche per nuovi modelli e altre informazioni!<\/strong><\/p>","protected":false},"excerpt":{"rendered":"<p>Nissei NA 6468 Duo Power Frozen Yoghurt Maschine \u2013 General\u00fcberholt &amp; Werksgarantie \u2013 Offizieller Nissei-Vertriebspartner Komplett von Nissei werks\u00fcberholt\u00a0\u2013 kein Servicebetrieb! Original Nissei Ersatzteile &amp; h\u00f6chste Qualit\u00e4tsstandards 12 Monate Werksgarantie auf alle kritischen Komponenten Langfristige Ersatzteil- und Serviceunterst\u00fctzung Einsatzbereit f\u00fcr die n\u00e4chsten 10 Jahre Technische Details Modell: Nissei NA 6468 Duo Power Frozen Yoghurt (ohne [&hellip;]<\/p>\n","protected":false},"featured_media":1657,"comment_status":"open","ping_status":"closed","template":"","meta":[],"product_brand":[],"product_cat":[72],"product_tag":[],"class_list":{"0":"post-1372","1":"product","2":"type-product","3":"status-publish","4":"has-post-thumbnail","6":"product_cat-refurbished-model","8":"first","9":"instock","10":"shipping-taxable","11":"purchasable","12":"product-type-simple"},"_links":{"self":[{"href":"https:\/\/dersuessestopp.com\/it\/wp-json\/wp\/v2\/product\/1372","targetHints":{"allow":["GET"]}}],"collection":[{"href":"https:\/\/dersuessestopp.com\/it\/wp-json\/wp\/v2\/product"}],"about":[{"href":"https:\/\/dersuessestopp.com\/it\/wp-json\/wp\/v2\/types\/product"}],"replies":[{"embeddable":true,"href":"https:\/\/dersuessestopp.com\/it\/wp-json\/wp\/v2\/comments?post=1372"}],"version-history":[{"count":1,"href":"https:\/\/dersuessestopp.com\/it\/wp-json\/wp\/v2\/product\/1372\/revisions"}],"predecessor-version":[{"id":9315,"href":"https:\/\/dersuessestopp.com\/it\/wp-json\/wp\/v2\/product\/1372\/revisions\/9315"}],"wp:featuredmedia":[{"embeddable":true,"href":"https:\/\/dersuessestopp.com\/it\/wp-json\/wp\/v2\/media\/1657"}],"wp:attachment":[{"href":"https:\/\/dersuessestopp.com\/it\/wp-json\/wp\/v2\/media?parent=1372"}],"wp:term":[{"taxonomy":"product_brand","embeddable":true,"href":"https:\/\/dersuessestopp.com\/it\/wp-json\/wp\/v2\/product_brand?post=1372"},{"taxonomy":"product_cat","embeddable":true,"href":"https:\/\/dersuessestopp.com\/it\/wp-json\/wp\/v2\/product_cat?post=1372"},{"taxonomy":"product_tag","embeddable":true,"href":"https:\/\/dersuessestopp.com\/it\/wp-json\/wp\/v2\/product_tag?post=1372"}],"curies":[{"name":"wp","href":"https:\/\/api.w.org\/{rel}","templated":true}]}}