{"id":1368,"date":"2025-05-03T11:35:25","date_gmt":"2025-05-03T11:35:25","guid":{"rendered":"https:\/\/dersuessestopp.com\/product\/3l-commercial-slushy-maker-patty-perfekt-fur-eiskaffee-granita-co\/"},"modified":"2025-09-24T22:51:32","modified_gmt":"2025-09-24T22:51:32","slug":"macchina-per-granite-commerciale-da-3l-patty-perfekt-per-eiskaffee-granita-co","status":"publish","type":"product","link":"https:\/\/dersuessestopp.com\/it\/product\/3l-commercial-slushy-maker-patty-perfekt-fur-eiskaffee-granita-co\/","title":{"rendered":"Macchina per granite commerciale da 3 litri Patty - Perfetta per Eiskaffee, Granita &amp; Co."},"content":{"rendered":"<p><strong>Macchina per granite commerciale da 3 litri Patty - Perfetta per Eiskaffee, Granita &amp; Co.<\/strong><\/p>\n<p>Diese kompakte <strong>Macchina per granite commerciale da 3 litri<\/strong> \u00e8 la soluzione ideale per bar, caffetterie, ristoranti o altre attivit\u00e0 gastronomiche che desiderano offrire ai propri clienti bevande ghiacciate. Grazie a un doppio bilanciere, la temperatura viene regolata in modo ottimale e l'apparecchio si riduce al minimo, il che \u00e8 perfetto per avere una visione chiara del prodotto e una presentazione pi\u00f9 accattivante.<\/p>\n<p>Hauptmerkmale &amp; Vorteile<\/p>\n<ul>\n<li><strong>Fassungsverm\u00f6gen:<\/strong>\n<ul>\n<li>Netto: 2 litri<\/li>\n<li>Brutto: 3 litri<br \/>\nUna buona capacit\u00e0, per ottenere una vasta gamma di bevande ghiacciate come Granita, Eiskaffee, Fruchtslush o Cocktail.<\/li>\n<\/ul>\n<\/li>\n<li><strong>Kompakte Bauweise:<\/strong>\n<ul>\n<li><strong>Abmessungen (B \u00d7 T \u00d7 H):<\/strong> ca. 500 \u00d7 196 \u00d7 453 mm<\/li>\n<li>Grazie al suo design leggero, l'apparecchio pu\u00f2 essere utilizzato in modo problematico in ambienti domestici o in piccoli ambienti di lavoro.<\/li>\n<\/ul>\n<\/li>\n<li><strong>Temperatura da -1,9 \u00b0C a 5 \u00b0C:<\/strong><br \/>\nOffre la soluzione ottimale per i prodotti pi\u00f9 fangosi, senza che questi si rovinino.<\/li>\n<li><strong>Leiser Betrieb &amp; LED-Beleuchtung:<\/strong>\n<ul>\n<li>Ger\u00e4uschpegel inferiore a 60 dB(A)<\/li>\n<li>Luce a LED integrata per un'ottica moderna e precisa e per una migliore visuale sul tavolo, senza dover ricorrere a un'illuminazione eccessiva.<\/li>\n<\/ul>\n<\/li>\n<li><strong>Materiali robusti e una struttura efficiente:<\/strong>\n<ul>\n<li>Materiale di rivestimento: ABS<\/li>\n<li>Evaporatore a tubo spiralato (SUS304-Edelstahl)<\/li>\n<li>Il Kompressor di Huayi punta su un'elevata efficienza energetica.<\/li>\n<\/ul>\n<\/li>\n<li><strong>Einfache Handhabung &amp; Reinigung:<\/strong>\n<ul>\n<li>Grazie al suo design compatto e ai suoi componenti, la macchina \u00e8 facile da usare e da far funzionare.<\/li>\n<li>Perfetto per l'impiego professionale in settori ad alta frequenza.<\/li>\n<\/ul>\n<\/li>\n<li><strong>Qualit\u00e0 certificata:<\/strong>\n<ul>\n<li>CE, LFBG, EU FOOD GRADE (Lebensmittelkonforme Materialien)<\/li>\n<li>Elevati standard di sicurezza e igiene per una generazione senza precedenti.<\/li>\n<\/ul>\n<\/li>\n<\/ul>\n<p>Einsatzm\u00f6glichkeiten<\/p>\n<ul>\n<li><strong>Granita italiana, cocktail ghiacciati e Eiskaffee:<\/strong><br \/>\nServite granite classiche, cocktail raffinati o cremosi caff\u00e8 all'acqua, che faranno la gioia dei vostri clienti.<\/li>\n<li><strong>Ideale per gastronomia ed eventi:<\/strong><br \/>\nChe si tratti di un caff\u00e8, di una sala da pranzo o di eventi e buffet, la Maschera offre sempre ottime prestazioni in un'ottima qualit\u00e0.<\/li>\n<\/ul>\n<p>Dati tecnici a portata di mano<\/p>\n<ul>\n<li><strong>Abmessungen (B \u00d7 T \u00d7 H):<\/strong> 500 \u00d7 196 \u00d7 453 mm<\/li>\n<li><strong>Netto\/Bruttovolume:<\/strong> 2 L \/ 3 L<\/li>\n<li><strong>Peso:<\/strong> Netto circa 15,3 kg \/ Brutto circa 16,7 kg<\/li>\n<li><strong>Temperaturbereich:<\/strong> -1,9 \u00b0C bis 5 \u00b0C<\/li>\n<li><strong>Stromversorgung:<\/strong> 220-240 V \/ 50 Hz (bzw. 208-230 V \/ 60 Hz)<\/li>\n<li><strong>Leistungsaufnahme:<\/strong> 600 W<\/li>\n<li><strong>Ger\u00e4uschpegel:<\/strong> &lt; 60 dB(A)<\/li>\n<li><strong>Materiale:<\/strong> ABS-Geh\u00e4use, SUS304-Edelstahlverdampfer<\/li>\n<li><strong>Zertifizierungen:<\/strong> CE, LFBG, EU FOOD GRADE<\/li>\n<\/ul>\n<p><strong>Fazit:<\/strong><br \/>\nMit dem <strong>Macchina per granite commerciale da 3 litri<\/strong> Il sistema di controllo della temperatura di esercizio \u00e8 una soluzione moderna, versatile e facile da usare per la preparazione di diversi tipi di bevande ghiacciate. Approfittate del design semplice e lineare, del doppio display con meno ingombri e dell'elegante illuminazione a LED. Offrite ai vostri clienti un assortimento completo ed elegante e aumentate il vostro fatturato.<\/p>\n<p>Acquistate subito e godetevi il vostro Getr\u00e4nkeerlebnis nel vostro Caf\u00e9, nel vostro Bar o nel vostro Eiscaf\u00e9 a un nuovo livello!<\/p>","protected":false},"excerpt":{"rendered":"<p>3L Commercial Slushy Maker Patty \u2013 Perfekt f\u00fcr Eiskaffee, Granita &amp; Co. Diese kompakte 3L Commercial Slushy Maker ist die ideale Wahl f\u00fcr Caf\u00e9s, Bars, Eisdielen oder andere gastronomische Betriebe, die ihren G\u00e4sten erfrischende Frozen-Drinks anbieten m\u00f6chten. Dank doppelwandigem Beh\u00e4lter wird die Temperatur besonders gut gehalten, und das Ger\u00e4t beschl\u00e4gt weniger \u2013 perfekt f\u00fcr eine [&hellip;]<\/p>\n","protected":false},"featured_media":1698,"comment_status":"open","ping_status":"closed","template":"","meta":[],"product_brand":[],"product_cat":[65],"product_tag":[],"class_list":{"0":"post-1368","1":"product","2":"type-product","3":"status-publish","4":"has-post-thumbnail","6":"product_cat-frappe-iced-coffe-maschines","8":"first","9":"instock","10":"shipping-taxable","11":"purchasable","12":"product-type-simple"},"_links":{"self":[{"href":"https:\/\/dersuessestopp.com\/it\/wp-json\/wp\/v2\/product\/1368","targetHints":{"allow":["GET"]}}],"collection":[{"href":"https:\/\/dersuessestopp.com\/it\/wp-json\/wp\/v2\/product"}],"about":[{"href":"https:\/\/dersuessestopp.com\/it\/wp-json\/wp\/v2\/types\/product"}],"replies":[{"embeddable":true,"href":"https:\/\/dersuessestopp.com\/it\/wp-json\/wp\/v2\/comments?post=1368"}],"version-history":[{"count":1,"href":"https:\/\/dersuessestopp.com\/it\/wp-json\/wp\/v2\/product\/1368\/revisions"}],"predecessor-version":[{"id":9309,"href":"https:\/\/dersuessestopp.com\/it\/wp-json\/wp\/v2\/product\/1368\/revisions\/9309"}],"wp:featuredmedia":[{"embeddable":true,"href":"https:\/\/dersuessestopp.com\/it\/wp-json\/wp\/v2\/media\/1698"}],"wp:attachment":[{"href":"https:\/\/dersuessestopp.com\/it\/wp-json\/wp\/v2\/media?parent=1368"}],"wp:term":[{"taxonomy":"product_brand","embeddable":true,"href":"https:\/\/dersuessestopp.com\/it\/wp-json\/wp\/v2\/product_brand?post=1368"},{"taxonomy":"product_cat","embeddable":true,"href":"https:\/\/dersuessestopp.com\/it\/wp-json\/wp\/v2\/product_cat?post=1368"},{"taxonomy":"product_tag","embeddable":true,"href":"https:\/\/dersuessestopp.com\/it\/wp-json\/wp\/v2\/product_tag?post=1368"}],"curies":[{"name":"wp","href":"https:\/\/api.w.org\/{rel}","templated":true}]}}