{"id":1367,"date":"2025-05-03T11:35:25","date_gmt":"2025-05-03T11:35:25","guid":{"rendered":"https:\/\/dersuessestopp.com\/product\/slushy-maschine-slush-maker-mit-3-behaltern-je-12-l\/"},"modified":"2025-09-24T22:51:19","modified_gmt":"2025-09-24T22:51:19","slug":"macchina-per-granite-slushy-maschine-mit-3-behaltern-je-12-l","status":"publish","type":"product","link":"https:\/\/dersuessestopp.com\/it\/product\/slushy-maschine-slush-maker-mit-3-behaltern-je-12-l\/","title":{"rendered":"Slushy Maschine - Macchina per granite con 3 distributori (12 L)"},"content":{"rendered":"<p><strong>Slushy Maschine - Macchina per granite con 3 distributori (12 L)\u00a0<\/strong><\/p>\n<p>Desiderate un'efficace organizzazione per il vostro Lokal nei mesi estivi? I nostri <strong>Granite-Maschine<\/strong> \u00e8 la soluzione perfetta! Con <strong>3 persone<\/strong> \u00e0 <strong>12 Litern<\/strong> Volumen und <strong>Versamento inkludiertem<\/strong> Si consiglia di acquistare una macchina di qualit\u00e0 superiore, che \u00e8 molto utile.<\/p>\n<p>Hauptmerkmale<\/p>\n<ul>\n<li><strong>LED-Licht<\/strong>: Si tratta di una presentazione accattivante dei suoi prodotti.<\/li>\n<li><strong>Compressore a vapore<\/strong> (Tecumseh\/Embraco): Garantisce un'elevata efficienza e un buon livello di resistenza.<\/li>\n<li><strong>La leggerezza nel lavoro<\/strong>: Ideale per caff\u00e8, bar e ristoranti.<\/li>\n<li><strong>Caratteristiche<\/strong>: 500 W - 700 W - 900 W, je nach Modell.<\/li>\n<li><strong>Reintegrazione efficace<\/strong>: Grazie alla funzione Nachtfunktion e al materiale robusto, risparmiate tempo e fatica.<\/li>\n<li><strong>Serbatoio individuale<\/strong>: Jeder Beh\u00e4lter pu\u00f2 essere utilizzato separatamente.<\/li>\n<li><strong>Contenitori in policarbonato (BPA-frei)<\/strong>: Una soluzione sicura e semplice per il contatto con gli apparecchi domestici.<\/li>\n<\/ul>\n<p>Anche nelle varianti pi\u00f9 piccole<\/p>\n<p>\u00c8 possibile ottenere un <strong>modello piccolo<\/strong> per il suo lavoro? Offriamo <strong>Versioni da 1 o 2 unit\u00e0<\/strong> con 12 o 15 litri. Queste sono anche mietbar, se si desidera che siano solo stagionali.<\/p>\n<p>Tutto da una mano<\/p>\n<p>Abbiamo un'altra volta <strong>un vasto assortimento di Bechern e Sirup<\/strong> a Lager, in modo che possiate iniziare direttamente con la produzione. Le nostre macchine sono ideali per la produzione di <strong>Granite, granite e frullati<\/strong> e di ottenere un'ottima qualit\u00e0 di vita per i loro prodotti.<\/p>\n<p>Lavorazione di qualit\u00e0 e precisione<\/p>\n<ul>\n<li><strong>Edelstahlgeh\u00e4use<\/strong>: Materiale robusto, che si distingue per la sua robustezza.<\/li>\n<li><strong>1 anno di garanzia<\/strong>: Le nostre macchine sono costruite in modo tale da garantire una grande soddisfazione.<\/li>\n<\/ul>\n<p>Perfetto per tutti i tipi di lavoro<\/p>\n<p>Se si tratta di un piccolo caff\u00e8, di un ristorante o di un evento di grandi dimensioni, il nostro assortimento comprende diverse dimensioni e tipologie di accessori che devono essere rispettati per soddisfare le esigenze dei nostri clienti. Attribuiamo il massimo valore a <strong>Qualit\u00e0 e soddisfazione dei clienti<\/strong>.<\/p>\n<p><strong>Acquista subito<\/strong> La nostra macchina per granite e la nostra offerta di bibite ghiacciate vi entusiasmer\u00e0 con un'ampia gamma di prodotti! Per qualsiasi domanda o per una consulenza personale, il nostro servizio clienti \u00e8 sempre a vostra disposizione.<\/p>","protected":false},"excerpt":{"rendered":"<p>Slushy Maschine \u2013 Slush Maker mit 3 Beh\u00e4ltern (je 12 L)\u00a0 Sie suchen eine erfrischende Erg\u00e4nzung f\u00fcr Ihr Lokal in hei\u00dfen Sommermonaten? Unsere Slushy-Maschine ist die perfekte L\u00f6sung! Mit 3 Beh\u00e4ltern \u00e0 12 Litern Volumen und inkludiertem Versand erhalten Sie eine leistungsstarke Maschine, die vielseitig einsetzbar ist. Hauptmerkmale LED-Licht: Sorgt f\u00fcr eine attraktive Pr\u00e4sentation Ihrer [&hellip;]<\/p>\n","protected":false},"featured_media":1695,"comment_status":"open","ping_status":"closed","template":"","meta":[],"product_brand":[],"product_cat":[34],"product_tag":[],"class_list":{"0":"post-1367","1":"product","2":"type-product","3":"status-publish","4":"has-post-thumbnail","6":"product_cat-slush-machines","8":"first","9":"instock","10":"shipping-taxable","11":"purchasable","12":"product-type-simple"},"_links":{"self":[{"href":"https:\/\/dersuessestopp.com\/it\/wp-json\/wp\/v2\/product\/1367","targetHints":{"allow":["GET"]}}],"collection":[{"href":"https:\/\/dersuessestopp.com\/it\/wp-json\/wp\/v2\/product"}],"about":[{"href":"https:\/\/dersuessestopp.com\/it\/wp-json\/wp\/v2\/types\/product"}],"replies":[{"embeddable":true,"href":"https:\/\/dersuessestopp.com\/it\/wp-json\/wp\/v2\/comments?post=1367"}],"version-history":[{"count":1,"href":"https:\/\/dersuessestopp.com\/it\/wp-json\/wp\/v2\/product\/1367\/revisions"}],"predecessor-version":[{"id":9308,"href":"https:\/\/dersuessestopp.com\/it\/wp-json\/wp\/v2\/product\/1367\/revisions\/9308"}],"wp:featuredmedia":[{"embeddable":true,"href":"https:\/\/dersuessestopp.com\/it\/wp-json\/wp\/v2\/media\/1695"}],"wp:attachment":[{"href":"https:\/\/dersuessestopp.com\/it\/wp-json\/wp\/v2\/media?parent=1367"}],"wp:term":[{"taxonomy":"product_brand","embeddable":true,"href":"https:\/\/dersuessestopp.com\/it\/wp-json\/wp\/v2\/product_brand?post=1367"},{"taxonomy":"product_cat","embeddable":true,"href":"https:\/\/dersuessestopp.com\/it\/wp-json\/wp\/v2\/product_cat?post=1367"},{"taxonomy":"product_tag","embeddable":true,"href":"https:\/\/dersuessestopp.com\/it\/wp-json\/wp\/v2\/product_tag?post=1367"}],"curies":[{"name":"wp","href":"https:\/\/api.w.org\/{rel}","templated":true}]}}