{"id":12319,"date":"2025-10-09T03:08:40","date_gmt":"2025-10-09T03:08:40","guid":{"rendered":"https:\/\/dersuessestopp.com\/?post_type=product&#038;p=12319"},"modified":"2025-10-09T03:08:40","modified_gmt":"2025-10-09T03:08:40","slug":"cxf-3100-btn","status":"publish","type":"product","link":"https:\/\/dersuessestopp.com\/it\/product\/cxf-3100-btn\/","title":{"rendered":"CXF 3100 BTN"},"content":{"rendered":"<h2><img decoding=\"async\" src=\"https:\/\/customer.klimaitalia.it\/api\/file\/image\/8076\" \/><\/h2>\n<h2>Descrizione del prodotto<\/h2>\n<p>Il <strong data-start=\"228\" data-end=\"244\">CXF 3100 BTN<\/strong> \u00e8 un professionista <strong data-start=\"263\" data-end=\"311\">banco frigo-congelatore ventilato a tre porte<\/strong> costruito con materiali di prima qualit\u00e0 <strong data-start=\"331\" data-end=\"359\">Acciaio inox AISI 304<\/strong>, ideale per ristoranti, alberghi e cucine di catering. Combina un <strong data-start=\"429\" data-end=\"472\">scomparto refrigerato (da -2\u00b0C a +8\u00b0C)<\/strong> e un <strong data-start=\"479\" data-end=\"519\">vano congelatore (da -20\u00b0C a -10\u00b0C)<\/strong> in un'unica unit\u00e0 efficiente. Progettato per garantire igiene, affidabilit\u00e0 e prestazioni, \u00e8 dotato di <strong data-start=\"613\" data-end=\"635\">porte a chiusura ammortizzata<\/strong>, <strong data-start=\"637\" data-end=\"667\">sbrinamento elettrico automatico<\/strong>, e un <strong data-start=\"676\" data-end=\"701\">termostato elettronico<\/strong> per un controllo preciso della temperatura.<\/p>\n<h2>Specifiche tecniche<\/h2>\n<table>\n<tbody>\n<tr>\n<td>\u00a0Dimensioni mm<\/td>\n<td>CXF 2100 BTN<\/td>\n<td>CXF 3100 BTN<\/td>\n<\/tr>\n<tr>\n<td>Dimensioni esterne (LxPxH)<\/td>\n<td>1360 x 700 x 860*<\/td>\n<td>1795 x 700 x 860*<\/td>\n<\/tr>\n<tr>\n<td>Dimensioni dell'imballaggio (LxPxH)<\/td>\n<td>1390 x 730 x 910<\/td>\n<td>1825 x 730 x 910<\/td>\n<\/tr>\n<tr>\n<td>Larghezza<\/td>\n<td>Frigo 360 | Freezer 360<\/td>\n<td>Frigo 795 | Congelatore 360<\/td>\n<\/tr>\n<tr>\n<td>Profondit\u00e0<\/td>\n<td>Frigo 580 | Congelatore 580<\/td>\n<td>Frigo 580 | Congelatore 580<\/td>\n<\/tr>\n<tr>\n<td>Altezza<\/td>\n<td>Frigo 560 | Congelatore 560<\/td>\n<td>Frigo 560 | Congelatore 560<\/td>\n<\/tr>\n<tr>\n<td colspan=\"3\">L'altezza totale delle unit\u00e0 comprende i piedi adattati al livello minimo di altezza.<\/td>\n<\/tr>\n<\/tbody>\n<\/table>\n<p>&nbsp;<\/p>\n<table>\n<tbody>\n<tr>\n<td>\u00a0Caratteristiche tecniche<\/td>\n<td>CXF 2100 BTN<\/td>\n<td>CXF 3100 BTN<\/td>\n<\/tr>\n<tr>\n<td>Intervallo di temperatura<\/td>\n<td>Frigo -2 \u00b0C \/ +8 \u00b0C Congelatore -2 \u00b0C \/ +8 \u00b0C | -20 \u00b0C \/ -10 \u00b0C<\/td>\n<td>Frigo -2 \u00b0C \/ +8 \u00b0C Congelatore -2 \u00b0C \/ +8 \u00b0C | -20 \u00b0C \/ -10 \u00b0C<\/td>\n<\/tr>\n<tr>\n<td>Volume lordo<\/td>\n<td>Frigo Lt. 124 Congelatore Lt. 124<\/td>\n<td>Frigo Lt. 314 Freezer Lt. 124<\/td>\n<\/tr>\n<tr>\n<td>Corpo<\/td>\n<td>Acciaio inox AISI 304<\/td>\n<td>Acciaio inox AISI 304<\/td>\n<\/tr>\n<tr>\n<td>Rivestimento interno<\/td>\n<td>Acciaio inox AISI 304<\/td>\n<td>Acciaio inox AISI 304<\/td>\n<\/tr>\n<tr>\n<td>Termostato<\/td>\n<td>Elettronica<\/td>\n<td>Elettronica<\/td>\n<\/tr>\n<tr>\n<td>Livello di rumore<\/td>\n<td>dB 52<\/td>\n<td>dB 52<\/td>\n<\/tr>\n<tr>\n<td>Telecomando<\/td>\n<td>Opzionale<\/td>\n<td>Opzionale<\/td>\n<\/tr>\n<tr>\n<td>Spessore dell'isolamento<\/td>\n<td>mm 60<\/td>\n<td>mm 60<\/td>\n<\/tr>\n<tr>\n<td>Sbrinamento<\/td>\n<td>Automatico con riscaldatore elettrico<\/td>\n<td>Automatico con riscaldatore elettrico<\/td>\n<\/tr>\n<tr>\n<td>Ripiani (LxP)<\/td>\n<td>N\u00b0 2 - mm 335 x 530<\/td>\n<td>N\u00b0 3 - mm 335 x 530<\/td>\n<\/tr>\n<tr>\n<td>Porta a chiusura automatica<\/td>\n<td>Chiusura morbida<\/td>\n<td>Chiusura morbida<\/td>\n<\/tr>\n<tr>\n<td>\u00a0Ruote-Piedi<\/td>\n<td>4 Piedi<\/td>\n<td>4 Piedi<\/td>\n<\/tr>\n<tr>\n<td>Ruote<\/td>\n<td>Opzionale - h mm 140<\/td>\n<td>Opzionale - h mm 140<\/td>\n<\/tr>\n<tr>\n<td>Peso netto-lordo<\/td>\n<td>Kg 140 \/ 155<\/td>\n<td>Kg 150 \/ 165<\/td>\n<\/tr>\n<tr>\n<td>Tensione<\/td>\n<td>V 220-240<\/td>\n<td>V 220-240<\/td>\n<\/tr>\n<tr>\n<td>Frequenza<\/td>\n<td>Hz 50<\/td>\n<td>Hz 50<\/td>\n<\/tr>\n<tr>\n<td>Refrigerante<\/td>\n<td>R600A \/ R290<\/td>\n<td>R600A \/ R290<\/td>\n<\/tr>\n<tr>\n<td>Assorbimento<\/td>\n<td>W 480<\/td>\n<td>W 480<\/td>\n<\/tr>\n<\/tbody>\n<\/table>","protected":false},"excerpt":{"rendered":"<p>Product Description The CXF 3100 BTN is a professional three-door ventilated fridge-freezer counter built from premium AISI 304 stainless steel, ideal for restaurants, hotels, and catering kitchens. It combines a refrigerated compartment (-2\u00b0C to +8\u00b0C) and a freezer compartment (-20\u00b0C to -10\u00b0C) in a single, efficient unit. Designed for hygiene, reliability, and performance, it features [&hellip;]<\/p>\n","protected":false},"featured_media":12324,"comment_status":"open","ping_status":"closed","template":"","meta":[],"product_brand":[],"product_cat":[51],"product_tag":[],"class_list":{"0":"post-12319","1":"product","2":"type-product","3":"status-publish","4":"has-post-thumbnail","6":"product_cat-kitchen-catering-cooling","8":"first","9":"instock","10":"shipping-taxable","11":"product-type-simple"},"_links":{"self":[{"href":"https:\/\/dersuessestopp.com\/it\/wp-json\/wp\/v2\/product\/12319","targetHints":{"allow":["GET"]}}],"collection":[{"href":"https:\/\/dersuessestopp.com\/it\/wp-json\/wp\/v2\/product"}],"about":[{"href":"https:\/\/dersuessestopp.com\/it\/wp-json\/wp\/v2\/types\/product"}],"replies":[{"embeddable":true,"href":"https:\/\/dersuessestopp.com\/it\/wp-json\/wp\/v2\/comments?post=12319"}],"version-history":[{"count":1,"href":"https:\/\/dersuessestopp.com\/it\/wp-json\/wp\/v2\/product\/12319\/revisions"}],"predecessor-version":[{"id":12325,"href":"https:\/\/dersuessestopp.com\/it\/wp-json\/wp\/v2\/product\/12319\/revisions\/12325"}],"wp:featuredmedia":[{"embeddable":true,"href":"https:\/\/dersuessestopp.com\/it\/wp-json\/wp\/v2\/media\/12324"}],"wp:attachment":[{"href":"https:\/\/dersuessestopp.com\/it\/wp-json\/wp\/v2\/media?parent=12319"}],"wp:term":[{"taxonomy":"product_brand","embeddable":true,"href":"https:\/\/dersuessestopp.com\/it\/wp-json\/wp\/v2\/product_brand?post=12319"},{"taxonomy":"product_cat","embeddable":true,"href":"https:\/\/dersuessestopp.com\/it\/wp-json\/wp\/v2\/product_cat?post=12319"},{"taxonomy":"product_tag","embeddable":true,"href":"https:\/\/dersuessestopp.com\/it\/wp-json\/wp\/v2\/product_tag?post=12319"}],"curies":[{"name":"wp","href":"https:\/\/api.w.org\/{rel}","templated":true}]}}