{"id":10475,"date":"2025-09-29T14:59:56","date_gmt":"2025-09-29T14:59:56","guid":{"rendered":"https:\/\/dersuessestopp.com\/?post_type=product&#038;p=10475"},"modified":"2025-10-08T21:03:07","modified_gmt":"2025-10-08T21:03:07","slug":"deluxe-93-psv","status":"publish","type":"product","link":"https:\/\/dersuessestopp.com\/it\/product\/deluxe-93-psv\/","title":{"rendered":"DELUXE 93 PSV"},"content":{"rendered":"<p data-start=\"329\" data-end=\"661\"><img fetchpriority=\"high\" decoding=\"async\" class=\"alignnone wp-image-11736 size-full\" src=\"https:\/\/dersuessestopp.com\/wp-content\/uploads\/2025\/09\/DELUXE-93_123_153_PSV-Dettagli.jpg\" alt=\"\" width=\"2000\" height=\"600\" srcset=\"https:\/\/dersuessestopp.com\/wp-content\/uploads\/2025\/09\/DELUXE-93_123_153_PSV-Dettagli.jpg 2000w, https:\/\/dersuessestopp.com\/wp-content\/uploads\/2025\/09\/DELUXE-93_123_153_PSV-Dettagli-300x90.jpg 300w, https:\/\/dersuessestopp.com\/wp-content\/uploads\/2025\/09\/DELUXE-93_123_153_PSV-Dettagli-1024x307.jpg 1024w, https:\/\/dersuessestopp.com\/wp-content\/uploads\/2025\/09\/DELUXE-93_123_153_PSV-Dettagli-768x230.jpg 768w, https:\/\/dersuessestopp.com\/wp-content\/uploads\/2025\/09\/DELUXE-93_123_153_PSV-Dettagli-1536x461.jpg 1536w, https:\/\/dersuessestopp.com\/wp-content\/uploads\/2025\/09\/DELUXE-93_123_153_PSV-Dettagli-250x75.jpg 250w, https:\/\/dersuessestopp.com\/wp-content\/uploads\/2025\/09\/DELUXE-93_123_153_PSV-Dettagli-600x180.jpg 600w\" sizes=\"(max-width: 2000px) 100vw, 2000px\" \/><\/p>\n<p data-start=\"329\" data-end=\"661\">Il <strong data-start=\"333\" data-end=\"350\">DELUXE 93 PSV<\/strong> \u00e8 un banco pasticceria refrigerato di alta qualit\u00e0 progettato per pasticcerie professionali, bar e panetterie che cercano eleganza e affidabilit\u00e0. Caratterizzato da un <strong data-start=\"498\" data-end=\"526\">display in vetro su quattro lati<\/strong>, <strong data-start=\"528\" data-end=\"568\">corpo in acciaio inox lucidato a specchio<\/strong>, e <strong data-start=\"574\" data-end=\"597\">finitura nera lucida<\/strong>, Il sistema combina un'estetica accattivante con prestazioni di raffreddamento avanzate.<\/p>\n<p data-start=\"663\" data-end=\"966\">Il suo <strong data-start=\"667\" data-end=\"702\">sistema di refrigerazione ventilata<\/strong> mantiene un intervallo di temperatura stabile tra <strong data-start=\"748\" data-end=\"766\">+2\u00b0C e +10\u00b0C<\/strong>, assicurando la perfetta freschezza e presentazione di torte, pasticcini e dessert. Il <strong data-start=\"850\" data-end=\"875\">termostato elettronico<\/strong> fornisce un controllo preciso, mentre il <strong data-start=\"912\" data-end=\"933\">sbrinamento automatico<\/strong> semplificano la manutenzione.<\/p>\n<p data-start=\"968\" data-end=\"987\"><strong data-start=\"968\" data-end=\"985\">Caratteristiche principali:<\/strong><\/p>\n<ul data-start=\"988\" data-end=\"1417\">\n<li data-start=\"988\" data-end=\"1042\">\n<p data-start=\"990\" data-end=\"1042\">Banco pasticceria ventilato su quattro lati in vetro<\/p>\n<\/li>\n<li data-start=\"1043\" data-end=\"1079\">\n<p data-start=\"1045\" data-end=\"1079\">Intervallo di temperatura: Da +2\u00b0C a +10\u00b0C<\/p>\n<\/li>\n<li data-start=\"1080\" data-end=\"1156\">\n<p data-start=\"1082\" data-end=\"1156\">Acciaio inox a specchio (AISI 304) ed esterno in vetro nero lucido<\/p>\n<\/li>\n<li data-start=\"1157\" data-end=\"1219\">\n<p data-start=\"1159\" data-end=\"1219\">Due ripiani in vetro temperato con bordo anteriore in acciaio inox<\/p>\n<\/li>\n<li data-start=\"1220\" data-end=\"1267\">\n<p data-start=\"1222\" data-end=\"1267\">Termostato elettronico e sbrinamento automatico<\/p>\n<\/li>\n<li data-start=\"1268\" data-end=\"1317\">\n<p data-start=\"1270\" data-end=\"1317\">Illuminazione a LED per una perfetta illuminazione del prodotto<\/p>\n<\/li>\n<li data-start=\"1318\" data-end=\"1365\">\n<p data-start=\"1320\" data-end=\"1365\">Monitoraggio remoto Smart Link Wi-Fi opzionale<\/p>\n<\/li>\n<li data-start=\"1366\" data-end=\"1417\">\n<p data-start=\"1368\" data-end=\"1417\">Montato su quattro ruote per una facile mobilit\u00e0<\/p>\n<\/li>\n<\/ul>\n<p data-start=\"1419\" data-end=\"1573\">Elegante, funzionale e destinato a durare nel tempo, il modello <strong data-start=\"1464\" data-end=\"1481\">DELUXE 93 PSV<\/strong> valorizza lo spazio espositivo mantenendo ogni creazione fresca e visivamente irresistibile.<\/p>\n<p data-start=\"1419\" data-end=\"1573\">\n<table style=\"height: 369px;\" width=\"670\" cellspacing=\"0\">\n<tbody>\n<tr>\n<td bgcolor=\"#FFFFFF\">\n<p class=\"s12\"><span dir=\"auto\">\u00a0Dimensioni mm<\/span><\/p>\n<\/td>\n<td bgcolor=\"#FFFFFF\">\n<p class=\"s12\"><span dir=\"auto\">DELUXE 93 PSV<\/span><\/p>\n<\/td>\n<td bgcolor=\"#FFFFFF\">\n<p class=\"s12\"><span dir=\"auto\">DELUXE 123 PSV<\/span><\/p>\n<\/td>\n<td bgcolor=\"#FFFFFF\">\n<p class=\"s12\"><span dir=\"auto\">DELUXE 153 PSV<\/span><\/p>\n<\/td>\n<\/tr>\n<tr>\n<td>\n<p class=\"s13\"><span dir=\"auto\">Dimensioni esterne (\u00a0<\/span><span dir=\"auto\">LxPxH)<\/span><\/p>\n<\/td>\n<td>\n<p class=\"s13\"><span dir=\"auto\">900 x 740 x 1300<\/span><\/p>\n<\/td>\n<td>\n<p class=\"s13\"><span dir=\"auto\">1200 x 740 x 1300<\/span><\/p>\n<\/td>\n<td>\n<p class=\"s13\"><span dir=\"auto\">1500 x 740 x 1300<\/span><\/p>\n<\/td>\n<\/tr>\n<tr>\n<td>\n<p class=\"s13\"><span dir=\"auto\">Dimensioni dell'imballaggio (\u00a0<\/span><span dir=\"auto\">LxPxH)<\/span><\/p>\n<\/td>\n<td>\n<p class=\"s13\"><span dir=\"auto\">980 x 830 x 1430<\/span><\/p>\n<\/td>\n<td>\n<p class=\"s13\"><span dir=\"auto\">1280 x 830 x 1430<\/span><\/p>\n<\/td>\n<td>\n<p class=\"s13\"><span dir=\"auto\">1580 x 830 x 1430<\/span><\/p>\n<\/td>\n<\/tr>\n<tr>\n<td>\n<p class=\"s13\"><span dir=\"auto\">\u00a0<\/span><span dir=\"auto\">Larghezza<\/span><\/p>\n<\/td>\n<td>\n<p class=\"s13\"><span dir=\"auto\">840<\/span><\/p>\n<\/td>\n<td>\n<p class=\"s13\"><span dir=\"auto\">1140<\/span><\/p>\n<\/td>\n<td>\n<p class=\"s13\"><span dir=\"auto\">1440<\/span><\/p>\n<\/td>\n<\/tr>\n<tr>\n<td>\n<p class=\"s13\"><span dir=\"auto\">\u00a0<\/span><span dir=\"auto\">Profondit\u00e0<\/span><\/p>\n<\/td>\n<td>\n<p class=\"s13\"><span dir=\"auto\">630<\/span><\/p>\n<\/td>\n<td>\n<p class=\"s13\"><span dir=\"auto\">630<\/span><\/p>\n<\/td>\n<td>\n<p class=\"s13\"><span dir=\"auto\">630<\/span><\/p>\n<\/td>\n<\/tr>\n<tr>\n<td>\n<p class=\"s13\"><span dir=\"auto\">\u00a0<\/span><span dir=\"auto\">Altezza<\/span><\/p>\n<\/td>\n<td>\n<p class=\"s13\"><span dir=\"auto\">790<\/span><\/p>\n<\/td>\n<td>\n<p class=\"s13\"><span dir=\"auto\">790<\/span><\/p>\n<\/td>\n<td>\n<p class=\"s13\"><span dir=\"auto\">790<\/span><\/p>\n<\/td>\n<\/tr>\n<\/tbody>\n<\/table>\n<p>&nbsp;<\/p>\n<table style=\"height: 1224px;\" width=\"1139\" cellspacing=\"0\">\n<tbody>\n<tr>\n<td bgcolor=\"#FFFFFF\">\n<p class=\"s12\"><span dir=\"auto\">Caratteristiche tecniche<\/span><\/p>\n<\/td>\n<td bgcolor=\"#FFFFFF\">\n<p class=\"s12\"><span dir=\"auto\">DELUXE 93 PSV<\/span><\/p>\n<\/td>\n<td bgcolor=\"#FFFFFF\">\n<p class=\"s12\"><span dir=\"auto\">DELUXE 123 PSV<\/span><\/p>\n<\/td>\n<td bgcolor=\"#FFFFFF\">\n<p class=\"s12\"><span dir=\"auto\">DELUXE 153 PSV<\/span><\/p>\n<\/td>\n<\/tr>\n<tr>\n<td>\n<p class=\"s13\"><span dir=\"auto\">\u00a0<\/span><span dir=\"auto\">Intervallo di temperatura<\/span><\/p>\n<\/td>\n<td>\n<p class=\"s13\"><span dir=\"auto\">+2 \u00b0C \/ +10 \u00b0C<\/span><\/p>\n<\/td>\n<td>\n<p class=\"s13\"><span dir=\"auto\">+2 \u00b0C \/ +10 \u00b0C<\/span><\/p>\n<\/td>\n<td>\n<p class=\"s13\"><span dir=\"auto\">+2 \u00b0C \/ +10 \u00b0C<\/span><\/p>\n<\/td>\n<\/tr>\n<tr>\n<td>\n<p class=\"s13\"><span dir=\"auto\">Il clima\u00a0<\/span><span dir=\"auto\">Classe<\/span><\/p>\n<\/td>\n<td>\n<p class=\"s13\"><span dir=\"auto\">4<\/span><\/p>\n<\/td>\n<td>\n<p class=\"s13\"><span dir=\"auto\">4<\/span><\/p>\n<\/td>\n<td>\n<p class=\"s13\"><span dir=\"auto\">4<\/span><\/p>\n<\/td>\n<\/tr>\n<tr>\n<td>\n<p class=\"s13\"><span dir=\"auto\">\u00a0<\/span><span dir=\"auto\">Volume netto-lordo<\/span><\/p>\n<\/td>\n<td>\n<p class=\"s13\"><span dir=\"auto\">Lt. 415 \/ 460<\/span><\/p>\n<\/td>\n<td>\n<p class=\"s13\"><span dir=\"auto\">Lt. 550 \/ 610<\/span><\/p>\n<\/td>\n<td>\n<p class=\"s13\"><span dir=\"auto\">Lt. 690 \/ 770<\/span><\/p>\n<\/td>\n<\/tr>\n<tr>\n<td>\n<p class=\"s13\"><span dir=\"auto\">Superficie esterna del corpo<\/span><\/p>\n<\/td>\n<td>\n<p class=\"s13\"><span dir=\"auto\">Acciaio inox AISI 304<\/span><\/p>\n<\/td>\n<td>\n<p class=\"s13\"><span dir=\"auto\">Acciaio inox AISI 304<\/span><\/p>\n<\/td>\n<td>\n<p class=\"s13\"><span dir=\"auto\">Acciaio inox AISI 304<\/span><\/p>\n<\/td>\n<\/tr>\n<tr>\n<td>\n<p class=\"s13\"><span dir=\"auto\">Superficie interna\u00a0<\/span><span dir=\"auto\">Rivestimento interno<\/span><\/p>\n<\/td>\n<td>\n<p class=\"s13\"><span dir=\"auto\">Acciaio inox AISI 304<\/span><\/p>\n<\/td>\n<td>\n<p class=\"s13\"><span dir=\"auto\">Acciaio inox AISI 304<\/span><\/p>\n<\/td>\n<td>\n<p class=\"s13\"><span dir=\"auto\">Acciaio inox AISI 304<\/span><\/p>\n<\/td>\n<\/tr>\n<tr>\n<td>\n<p class=\"s13\"><span dir=\"auto\">Termostato<\/span><span dir=\"auto\">\u200b<\/span><\/p>\n<\/td>\n<td>\n<p class=\"s13\"><span dir=\"auto\">Elettronica<\/span><span dir=\"auto\">\u200b<\/span><\/p>\n<\/td>\n<td>\n<p class=\"s13\"><span dir=\"auto\">Elettronica<\/span><span dir=\"auto\">\u200b<\/span><\/p>\n<\/td>\n<td>\n<p class=\"s13\"><span dir=\"auto\">Elettronica<\/span><span dir=\"auto\">\u200b<\/span><\/p>\n<\/td>\n<\/tr>\n<tr>\n<td>\n<p class=\"s13\"><span dir=\"auto\">Smart Link WiFi | Telecomando\u00a0<\/span><span dir=\"auto\">Controllo<\/span><\/p>\n<\/td>\n<td>\n<p class=\"s13\"><span dir=\"auto\">Opzionale<\/span><\/p>\n<\/td>\n<td>\n<p class=\"s13\"><span dir=\"auto\">Opzionale<\/span><\/p>\n<\/td>\n<td>\n<p class=\"s13\"><span dir=\"auto\">Opzionale<\/span><\/p>\n<\/td>\n<\/tr>\n<tr>\n<td>\n<p class=\"s13\"><span dir=\"auto\">Rumore\u00a0<\/span><span dir=\"auto\">livello<\/span><\/p>\n<\/td>\n<td>\n<p class=\"s13\"><span dir=\"auto\">dB 58<\/span><\/p>\n<\/td>\n<td>\n<p class=\"s13\"><span dir=\"auto\">dB 61<\/span><\/p>\n<\/td>\n<td>\n<p class=\"s13\"><span dir=\"auto\">dB 67<\/span><\/p>\n<\/td>\n<\/tr>\n<tr>\n<td>\n<p class=\"s13\"><span dir=\"auto\">Isolamento\u00a0<\/span><span dir=\"auto\">spessore<\/span><\/p>\n<\/td>\n<td>\n<p class=\"s13\"><span dir=\"auto\">45 mm<\/span><\/p>\n<\/td>\n<td>\n<p class=\"s13\"><span dir=\"auto\">45 mm<\/span><\/p>\n<\/td>\n<td>\n<p class=\"s13\"><span dir=\"auto\">45 mm<\/span><\/p>\n<\/td>\n<\/tr>\n<tr>\n<td>\n<p class=\"s13\"><span dir=\"auto\">Sbrinamento\u00a0<\/span><span dir=\"auto\">Sbrinamento<\/span><\/p>\n<\/td>\n<td>\n<p class=\"s13\"><span dir=\"auto\">Compressore automatico\u00a0<\/span><span dir=\"auto\">ciclo<\/span><\/p>\n<\/td>\n<td>\n<p class=\"s13\"><span dir=\"auto\">Compressore automatico\u00a0<\/span><span dir=\"auto\">ciclo<\/span><\/p>\n<\/td>\n<td>\n<p class=\"s13\"><span dir=\"auto\">Compressore automatico\u00a0<\/span><span dir=\"auto\">ciclo<\/span><\/p>\n<\/td>\n<\/tr>\n<tr>\n<td>\n<p class=\"s13\"><span dir=\"auto\">Illuminazione<\/span><span dir=\"auto\">\u200b<\/span><\/p>\n<\/td>\n<td>\n<p class=\"s13\"><span dir=\"auto\">4 LED orizzontali\u00a0<\/span><span dir=\"auto\">Orizzontale<\/span><\/p>\n<\/td>\n<td>\n<p class=\"s13\"><span dir=\"auto\">4 LED orizzontali\u00a0<\/span><span dir=\"auto\">Orizzontale<\/span><\/p>\n<\/td>\n<td>\n<p class=\"s13\"><span dir=\"auto\">4 LED orizzontali\u00a0<\/span><span dir=\"auto\">Orizzontale<\/span><\/p>\n<\/td>\n<\/tr>\n<tr>\n<td>\n<p class=\"s13\"><span dir=\"auto\">Ripiani in vetro temperato (LxP )<\/span><\/p>\n<\/td>\n<td>\n<p class=\"s13\"><span dir=\"auto\">N\u00b01 mm 738\u00d7278 N\u00b02 mm 738 x 318<\/span><\/p>\n<\/td>\n<td>\n<p class=\"s13\"><span dir=\"auto\">N\u00b01 mm 1038\u00d7278 N\u00b02 mm 1038\u00d7318<\/span><\/p>\n<\/td>\n<td>\n<p class=\"s13\"><span dir=\"auto\">N\u00b01 mm 1338\u00d7278 N\u00b02 mm 1338\u00d7318<\/span><\/p>\n<\/td>\n<\/tr>\n<tr>\n<td>\n<p class=\"s13\"><span dir=\"auto\">Ruote\u00a0<\/span><span dir=\"auto\">-Piedi<\/span><\/p>\n<\/td>\n<td>\n<p class=\"s13\"><span dir=\"auto\">4 ruote \/\u00a0<\/span><span dir=\"auto\">4 ruote<\/span><\/p>\n<\/td>\n<td>\n<p class=\"s13\"><span dir=\"auto\">4 ruote \/\u00a0<\/span><span dir=\"auto\">4 ruote<\/span><\/p>\n<\/td>\n<td>\n<p class=\"s13\"><span dir=\"auto\">4 ruote \/\u00a0<\/span><span dir=\"auto\">4 ruote<\/span><\/p>\n<\/td>\n<\/tr>\n<tr>\n<td>\n<p class=\"s13\"><span dir=\"auto\">Netto.\u00a0<\/span><span dir=\"auto\">Peso lordo<\/span><\/p>\n<\/td>\n<td>\n<p class=\"s13\"><span dir=\"auto\">170 \/ 215 kg<\/span><\/p>\n<\/td>\n<td>\n<p class=\"s13\"><span dir=\"auto\">205 \/ 255 kg<\/span><\/p>\n<\/td>\n<td>\n<p class=\"s13\"><span dir=\"auto\">245 \/ 300 kg<\/span><\/p>\n<\/td>\n<\/tr>\n<tr>\n<td>\n<p class=\"s13\"><span dir=\"auto\">Tensione<\/span><span dir=\"auto\">\u200b<\/span><\/p>\n<\/td>\n<td>\n<p class=\"s13\"><span dir=\"auto\">V 220-240<\/span><\/p>\n<\/td>\n<td>\n<p class=\"s13\"><span dir=\"auto\">V 220-240<\/span><\/p>\n<\/td>\n<td>\n<p class=\"s13\"><span dir=\"auto\">V 220-240<\/span><\/p>\n<\/td>\n<\/tr>\n<tr>\n<td>\n<p class=\"s13\"><span dir=\"auto\">Frequenza<\/span><span dir=\"auto\">\u200b<\/span><\/p>\n<\/td>\n<td>\n<p class=\"s13\"><span dir=\"auto\">Hz 50<\/span><\/p>\n<\/td>\n<td>\n<p class=\"s13\"><span dir=\"auto\">Hz 50<\/span><\/p>\n<\/td>\n<td>\n<p class=\"s13\"><span dir=\"auto\">Hz 50<\/span><\/p>\n<\/td>\n<\/tr>\n<tr>\n<td>\n<p class=\"s13\"><span dir=\"auto\">Refrigerante<\/span><span dir=\"auto\">\u200b<\/span><\/p>\n<\/td>\n<td>\n<p class=\"s13\"><span dir=\"auto\">R290<\/span><\/p>\n<\/td>\n<td>\n<p class=\"s13\"><span dir=\"auto\">R290<\/span><\/p>\n<\/td>\n<td>\n<p class=\"s13\"><span dir=\"auto\">R290<\/span><\/p>\n<\/td>\n<\/tr>\n<tr>\n<td>\n<p class=\"s13\"><span dir=\"auto\">Assorbimento<\/span><span dir=\"auto\">\u200b<\/span><\/p>\n<\/td>\n<td>\n<p class=\"s13\"><span dir=\"auto\">W 410<\/span><\/p>\n<\/td>\n<td>\n<p class=\"s13\"><span dir=\"auto\">W 500<\/span><\/p>\n<\/td>\n<td>\n<p class=\"s13\"><span dir=\"auto\">W 570<\/span><\/p>\n<\/td>\n<\/tr>\n<tr>\n<td>\n<p class=\"s13\"><span dir=\"auto\">Consumo di energia <\/span><\/p>\n<\/td>\n<td>\n<p class=\"s13\"><span dir=\"auto\">KwH\/24H 7,02<\/span><\/p>\n<\/td>\n<td>\n<p class=\"s13\"><span dir=\"auto\">KwH\/24H 8,55<\/span><\/p>\n<\/td>\n<td>\n<p class=\"s13\"><span dir=\"auto\">KwH\/24H 11.01<\/span><\/p>\n<\/td>\n<\/tr>\n<\/tbody>\n<\/table>","protected":false},"excerpt":{"rendered":"<p>+2 \u00b0C \/ +10 \u00b0C Banco pasticceria ventilato, quattro lati in vetro, porte scorrevoli CLASSE ENERGETICA<\/p>","protected":false},"featured_media":10519,"comment_status":"open","ping_status":"closed","template":"","meta":[],"product_brand":[],"product_cat":[119,53],"product_tag":[],"class_list":{"0":"post-10475","1":"product","2":"type-product","3":"status-publish","4":"has-post-thumbnail","6":"product_cat-hot-and-cold-display-cases","7":"product_cat-pastry-bakery-cooling","9":"first","10":"instock","11":"shipping-taxable","12":"purchasable","13":"product-type-simple"},"_links":{"self":[{"href":"https:\/\/dersuessestopp.com\/it\/wp-json\/wp\/v2\/product\/10475","targetHints":{"allow":["GET"]}}],"collection":[{"href":"https:\/\/dersuessestopp.com\/it\/wp-json\/wp\/v2\/product"}],"about":[{"href":"https:\/\/dersuessestopp.com\/it\/wp-json\/wp\/v2\/types\/product"}],"replies":[{"embeddable":true,"href":"https:\/\/dersuessestopp.com\/it\/wp-json\/wp\/v2\/comments?post=10475"}],"version-history":[{"count":5,"href":"https:\/\/dersuessestopp.com\/it\/wp-json\/wp\/v2\/product\/10475\/revisions"}],"predecessor-version":[{"id":11740,"href":"https:\/\/dersuessestopp.com\/it\/wp-json\/wp\/v2\/product\/10475\/revisions\/11740"}],"wp:featuredmedia":[{"embeddable":true,"href":"https:\/\/dersuessestopp.com\/it\/wp-json\/wp\/v2\/media\/10519"}],"wp:attachment":[{"href":"https:\/\/dersuessestopp.com\/it\/wp-json\/wp\/v2\/media?parent=10475"}],"wp:term":[{"taxonomy":"product_brand","embeddable":true,"href":"https:\/\/dersuessestopp.com\/it\/wp-json\/wp\/v2\/product_brand?post=10475"},{"taxonomy":"product_cat","embeddable":true,"href":"https:\/\/dersuessestopp.com\/it\/wp-json\/wp\/v2\/product_cat?post=10475"},{"taxonomy":"product_tag","embeddable":true,"href":"https:\/\/dersuessestopp.com\/it\/wp-json\/wp\/v2\/product_tag?post=10475"}],"curies":[{"name":"wp","href":"https:\/\/api.w.org\/{rel}","templated":true}]}}