{"id":4629,"date":"2025-08-04T22:08:19","date_gmt":"2025-08-04T22:08:19","guid":{"rendered":"https:\/\/dersuessestopp.com\/?page_id=4629"},"modified":"2025-09-27T18:36:05","modified_gmt":"2025-09-27T18:36:05","slug":"impressum","status":"publish","type":"page","link":"https:\/\/dersuessestopp.com\/it\/impressum\/","title":{"rendered":"Impressionante"},"content":{"rendered":"<div data-elementor-type=\"wp-page\" data-elementor-id=\"4629\" class=\"elementor elementor-4629\" data-elementor-post-type=\"page\">\n\t\t\t\t<div class=\"elementor-element elementor-element-966acb2 e-flex e-con-boxed e-con e-parent\" data-id=\"966acb2\" data-element_type=\"container\" data-e-type=\"container\" data-settings=\"{&quot;jet_parallax_layout_list&quot;:[]}\">\n\t\t\t\t\t<div class=\"e-con-inner\">\n\t\t\t\t<div class=\"elementor-element elementor-element-d17d92b elementor-widget elementor-widget-heading\" data-id=\"d17d92b\" data-element_type=\"widget\" data-e-type=\"widget\" data-widget_type=\"heading.default\">\n\t\t\t\t<div class=\"elementor-widget-container\">\n\t\t\t\t\t<h2 class=\"elementor-heading-title elementor-size-default\">Impressionante<\/h2>\t\t\t\t<\/div>\n\t\t\t\t<\/div>\n\t\t\t\t<div class=\"elementor-element elementor-element-dd56234 elementor-widget elementor-widget-text-editor\" data-id=\"dd56234\" data-element_type=\"widget\" data-e-type=\"widget\" data-widget_type=\"text-editor.default\">\n\t\t\t\t<div class=\"elementor-widget-container\">\n\t\t\t\t\t\t\t\t\t<p>Der S\u00fc\u00dfe Stopp\u00a0<\/p><p>Proprietario: Zoran Obradovic<\/p><p>Seepromenade 22<\/p><p>6213 Pertisau<\/p><p>Austria<\/p><p>+43 (0) 664 321 83 91<\/p><p class=\"font_8 wixui-rich-text__text\"><span class=\"wixui-rich-text__text\"><a class=\"wixui-rich-text__text\" href=\"mailto:info@dersuessestopp.com\" target=\"_self\">info@dersuessestopp.com<\/a><\/span><\/p><p class=\"font_8 wixui-rich-text__text\">Amministratore delegato autorizzato: Zoran Obradovic<\/p><p class=\"font_8 wixui-rich-text__text\">Membro:\u00a0\u00a0<span class=\"wixui-rich-text__text\"><a class=\"wixui-rich-text__text\" href=\"https:\/\/firmen.wko.at\/sweet-dreams-og\/nieder%c3%b6sterreich\/?firmaid=483d769d-0c84-4a04-93ea-27111287e014&amp;name=sweet+dreams+og&amp;standort=nieder%c3%b6sterreich+(bundesland)\" target=\"_blank\" rel=\"noreferrer noopener\">WKO Schwaz\u00a0<\/a><\/span><span class=\"wixui-rich-text__text\"><a class=\"wixui-rich-text__text\" href=\"https:\/\/firmen.wko.at\/sweet-dreams-og\/nieder%c3%b6sterreich\/?firmaid=483d769d-0c84-4a04-93ea-27111287e014&amp;name=sweet+dreams+og&amp;standort=nieder%c3%b6sterreich+(bundesland)\" target=\"_blank\" rel=\"noreferrer noopener\">\u00a0ed \u00e8 soggetta alle disposizioni del Trade Regulation Act (Legge sulla regolamentazione del commercio)<\/a><\/span><\/p><p class=\"font_8 wixui-rich-text__text\">Scopo dell'attivit\u00e0: commercio\u00a0<\/p><p class=\"font_8 wixui-rich-text__text\">Tribunale distrettuale: Schwaz<\/p><p class=\"font_8 wixui-rich-text__text\">Numero di identificazione IVA: ATU76837513<\/p><p class=\"font_8 wixui-rich-text__text\">Conto corrente bancario:<br class=\"wixui-rich-text__text\" \/>Raiffeisen Regionalbank Achensee, filiale di Maurach<br class=\"wixui-rich-text__text\" \/>IBAN: AT88 3621 8000 0005 7240<br class=\"wixui-rich-text__text\" \/>BIC: RZTIAT22218<\/p><h2 class=\"font_8 wixui-rich-text__text\"><span class=\"wixui-rich-text__text\">Esclusione di responsabilit\u00e0 per i contenuti<\/span><\/h2><p class=\"font_8 wixui-rich-text__text\">Le informazioni contenute in questa pagina hanno lo scopo di presentare articoli e prodotti per un negozio online che \u00e8 ancora agli inizi. Il sito \u00e8 ancora un work in progress e viene costantemente aggiornato e migliorato. Tutti i contenuti di queste pagine sono stati creati con la massima cura. Tuttavia, non mi assumo alcuna responsabilit\u00e0 per l'accuratezza, la completezza o la tempestivit\u00e0 di questi contenuti. Si prega di notare che i contenuti e le informazioni pubblicate sul sito non costituiscono consulenza di alcun tipo. La responsabilit\u00e0 per danni materiali o immateriali derivanti dall'uso delle informazioni presentate su questo sito web \u00e8 completamente esclusa, nella misura consentita dalla legge. Inoltre, il gestore del sito web non \u00e8 responsabile di eventuali contenuti illegali presenti su siti web esterni a cui si fa riferimento direttamente o indirettamente tramite collegamenti ipertestuali. I gestori delle pagine collegate sono gli unici responsabili del loro contenuto. Se vengo a conoscenza di una violazione di legge su una pagina collegata, il link verr\u00e0 immediatamente rimosso.<\/p><h2 class=\"font_8 wixui-rich-text__text\"><span class=\"wixui-rich-text__text\">Copyright<\/span><\/h2><p class=\"font_8 wixui-rich-text__text\">Le pubblicazioni contenute in queste pagine sono soggette alla legge austriaca sul copyright e ad altre leggi sulla propriet\u00e0 intellettuale. Ci\u00f2 vale anche per i contributi di terzi.<\/p><p class=\"font_8 wixui-rich-text__text\">Informazioni sulla risoluzione delle controversie online: La Commissione europea ha creato una piattaforma internet per la risoluzione delle controversie online. La piattaforma funge da punto di contatto per la risoluzione extragiudiziale delle controversie relative agli obblighi contrattuali derivanti dai contratti di vendita online. I clienti possono accedere alla piattaforma al seguente link:\u00a0\u00a0<span class=\"wixui-rich-text__text\"><a class=\"wixui-rich-text__text\" href=\"https:\/\/ec.europa.eu\/consumers\/odr\" target=\"_blank\" rel=\"noreferrer noopener\">https:\/\/ec.europa.eu\/consumers\/odr<\/a><\/span><\/p><p class=\"font_8 wixui-rich-text__text\">Non siamo disposti n\u00e9 obbligati a partecipare a procedure di risoluzione delle controversie davanti a commissioni arbitrali di consumatori.<\/p><p class=\"font_8 wixui-rich-text__text\">\u200b<\/p><h2 class=\"font_8 wixui-rich-text__text\"><span class=\"wixui-rich-text__text\">Questa impronta \u00e8 per:\u00a0<\/span><\/h2><p class=\"font_8 wixui-rich-text__text\">\u00a0<span class=\"wixui-rich-text__text\"><a class=\"wixui-rich-text__text\" href=\"https:\/\/www.dersuessestop.com\/\" target=\"_blank\" rel=\"noreferrer noopener\">https:\/\/www.dersuessestop.com<\/a><\/span><\/p><p class=\"font_8 wixui-rich-text__text\"><span class=\"wixui-rich-text__text\"><a class=\"wixui-rich-text__text\" href=\"https:\/\/www.softeis-investition.com\/\" target=\"_blank\" rel=\"noopener\" data-auto-recognition=\"true\">https:\/\/www.softeis-investition.com<\/a><\/span><\/p><p class=\"font_8 wixui-rich-text__text\"><span class=\"wixui-rich-text__text\"><a class=\"wixui-rich-text__text\" href=\"https:\/\/www.dersuessestop-graz.com\/\" target=\"_blank\" rel=\"noreferrer noopener\">https:\/\/www.dersuessestop-graz.com<\/a><\/span><\/p><p class=\"font_8 wixui-rich-text__text\"><span class=\"wixui-rich-text__text\"><a class=\"wixui-rich-text__text\" href=\"https:\/\/www.facebook.com\/dersuessestopp\" target=\"_blank\" rel=\"noreferrer noopener\">https:\/\/www.facebook.com\/dersuessestopp<\/a><\/span><\/p><p class=\"font_8 wixui-rich-text__text\">\u00a0<span class=\"wixui-rich-text__text\"><a class=\"wixui-rich-text__text\" href=\"https:\/\/instagram.com\/dersuessestopp\" target=\"_blank\" rel=\"noreferrer noopener\">https:\/\/instagram.com\/dersuessestopp<\/a><\/span><\/p>\t\t\t\t\t\t\t\t<\/div>\n\t\t\t\t<\/div>\n\t\t\t\t\t<\/div>\n\t\t\t\t<\/div>\n\t\t\t\t<\/div>","protected":false},"excerpt":{"rendered":"<p>Impressum Der S\u00fc\u00dfe Stopp\u00a0 Owner: Zoran Obradovic Seepromenade 22 6213 Pertisau Austria +43 (0) 664 321 83 91 info@dersuessestopp.com Authorized Managing Director: Zoran Obradovic Member:\u00a0\u00a0WKO Schwaz\u00a0\u00a0and is subject to the provisions of the Trade Regulation Act Business purpose: Trade\u00a0 District Court: Schwaz VAT identification number: ATU76837513 Bank account:Raiffeisen Regionalbank Achensee, Maurach branchIBAN: AT88 3621 8000 [&hellip;]<\/p>\n","protected":false},"author":1,"featured_media":0,"parent":0,"menu_order":0,"comment_status":"closed","ping_status":"closed","template":"","meta":{"footnotes":""},"class_list":["post-4629","page","type-page","status-publish","hentry"],"_links":{"self":[{"href":"https:\/\/dersuessestopp.com\/it\/wp-json\/wp\/v2\/pages\/4629","targetHints":{"allow":["GET"]}}],"collection":[{"href":"https:\/\/dersuessestopp.com\/it\/wp-json\/wp\/v2\/pages"}],"about":[{"href":"https:\/\/dersuessestopp.com\/it\/wp-json\/wp\/v2\/types\/page"}],"author":[{"embeddable":true,"href":"https:\/\/dersuessestopp.com\/it\/wp-json\/wp\/v2\/users\/1"}],"replies":[{"embeddable":true,"href":"https:\/\/dersuessestopp.com\/it\/wp-json\/wp\/v2\/comments?post=4629"}],"version-history":[{"count":7,"href":"https:\/\/dersuessestopp.com\/it\/wp-json\/wp\/v2\/pages\/4629\/revisions"}],"predecessor-version":[{"id":9663,"href":"https:\/\/dersuessestopp.com\/it\/wp-json\/wp\/v2\/pages\/4629\/revisions\/9663"}],"wp:attachment":[{"href":"https:\/\/dersuessestopp.com\/it\/wp-json\/wp\/v2\/media?parent=4629"}],"curies":[{"name":"wp","href":"https:\/\/api.w.org\/{rel}","templated":true}]}}