{"id":3,"date":"2025-03-18T19:05:05","date_gmt":"2025-03-18T19:05:05","guid":{"rendered":"http:\/\/dersuessestopp.com\/?page_id=3"},"modified":"2025-10-08T21:57:54","modified_gmt":"2025-10-08T21:57:54","slug":"informativa-sulla-privacy","status":"publish","type":"page","link":"https:\/\/dersuessestopp.com\/it\/privacy-policy\/","title":{"rendered":"Privacy Policy"},"content":{"rendered":"<div data-elementor-type=\"wp-page\" data-elementor-id=\"3\" class=\"elementor elementor-3\" data-elementor-post-type=\"page\">\n\t\t\t\t<div class=\"elementor-element elementor-element-39d5c895 e-flex e-con-boxed e-con e-parent\" data-id=\"39d5c895\" data-element_type=\"container\" data-e-type=\"container\" data-settings=\"{&quot;jet_parallax_layout_list&quot;:[]}\">\n\t\t\t\t\t<div class=\"e-con-inner\">\n\t\t\t\t<div class=\"elementor-element elementor-element-0b2298f elementor-widget elementor-widget-heading\" data-id=\"0b2298f\" data-element_type=\"widget\" data-e-type=\"widget\" data-widget_type=\"heading.default\">\n\t\t\t\t<div class=\"elementor-widget-container\">\n\t\t\t\t\t<h2 class=\"elementor-heading-title elementor-size-default\">Informativa sulla privacy per The Sweet Stop<\/h2>\t\t\t\t<\/div>\n\t\t\t\t<\/div>\n\t\t\t\t<div class=\"elementor-element elementor-element-369bf513 elementor-widget elementor-widget-text-editor\" data-id=\"369bf513\" data-element_type=\"widget\" data-e-type=\"widget\" data-widget_type=\"text-editor.default\">\n\t\t\t\t<div class=\"elementor-widget-container\">\n\t\t\t\t\t\t\t\t\t\n<h1 class=\"wp-block-heading\">\u00a0<\/h1>\n<p class=\"font_8 wixui-rich-text__text\">La protezione dei vostri dati personali \u00e8 importante per noi. Di seguito, vi informiamo sulla raccolta e sull'utilizzo dei vostri dati sui nostri siti web.\u00a0<span class=\"wixui-rich-text__text\"><a class=\"wixui-rich-text__text\" href=\"https:\/\/dersuessestopp.com\/it\/\" target=\"_blank\" rel=\"noopener\" data-auto-recognition=\"true\">www.dersuessestopp.com<\/a>\u00a0,\u00a0<a class=\"wixui-rich-text__text\" href=\"http:\/\/www.softeis-investition.com\/\" target=\"_blank\" rel=\"noopener\" data-auto-recognition=\"true\">www.softeis-investition.com<\/a><\/span>\u00a0\u00a0, e\u00a0<span class=\"wixui-rich-text__text\"><a class=\"wixui-rich-text__text\" href=\"http:\/\/www.dersuessestopp-graz.com\/\" target=\"_blank\" rel=\"noopener\" data-auto-recognition=\"true\">www.dersuessestopp-graz.com<\/a><\/span>\u00a0\u00a0, oltre che sulle nostre pagine Facebook e Instagram.<\/p>\n<p class=\"font_8 wixui-rich-text__text\">\u00a0<\/p>\n<p class=\"font_8 wixui-rich-text__text\"><span class=\"wixui-rich-text__text\">Organismo responsabile<\/span><\/p>\n<p class=\"font_8 wixui-rich-text__text\">Il responsabile ai sensi del Regolamento generale sulla protezione dei dati (GDPR) \u00e8:<\/p>\n<p class=\"font_8 wixui-rich-text__text\">**\u00a0<span class=\"wixui-rich-text__text\">La dolce sosta<\/span>\u00a0** \u00a0<br class=\"wixui-rich-text__text\" \/>Proprietario: Zoran Obradovic \u00a0<br class=\"wixui-rich-text__text\" \/>Seepromenade 22 \u00a0<br class=\"wixui-rich-text__text\" \/>6213 Pertisau, Austria \u00a0<br class=\"wixui-rich-text__text\" \/>Email: info@dersuessestopp.com<\/p>\n<p class=\"font_8 wixui-rich-text__text\"><span class=\"wixGuard wixui-rich-text__text\">\u200b<\/span><\/p>\n<p class=\"font_8 wixui-rich-text__text\"><span class=\"wixui-rich-text__text\">1. Raccolta e utilizzo dei dati<\/span><\/p>\n<p class=\"font_8 wixui-rich-text__text\"><span class=\"wixui-rich-text__text\"><span class=\"wixGuard wixui-rich-text__text\">\u200b<\/span><\/span><\/p>\n<p class=\"font_8 wixui-rich-text__text\"><span class=\"wixui-rich-text__text\">1.1 Visita del nostro sito web<\/span><\/p>\n<p class=\"font_8 wixui-rich-text__text\">Ogni volta che visitate il nostro sito web, memorizziamo automaticamente le informazioni sull'accesso nei cosiddetti file di log. Raccogliamo i seguenti dati:<\/p>\n<p class=\"font_8 wixui-rich-text__text\">- Indirizzo IP del visitatore<br class=\"wixui-rich-text__text\" \/>- Data e ora dell'accesso<br class=\"wixui-rich-text__text\" \/>- Pagina o file richiesto<br class=\"wixui-rich-text__text\" \/>- Quantit\u00e0 di dati trasferiti<br class=\"wixui-rich-text__text\" \/>- Successo del recupero (stato)<\/p>\n<p class=\"font_8 wixui-rich-text__text\">Queste informazioni vengono utilizzate esclusivamente per l'analisi tecnica e l'ottimizzazione del nostro sito web. I dati vengono conservati per 14 giorni e non vengono uniti ad altre fonti di dati.<\/p>\n<p class=\"font_8 wixui-rich-text__text\">\u00a0<\/p>\n<p class=\"font_8 wixui-rich-text__text\"><span class=\"wixui-rich-text__text\">1.2 Modulo di contatto e contatto e-mail<\/span><\/p>\n<p class=\"font_8 wixui-rich-text__text\">Se ci contattate tramite il modulo di contatto o via e-mail, salveremo i dati da voi forniti per elaborare la vostra richiesta. I vostri dati saranno utilizzati esclusivamente per elaborare la vostra richiesta e non saranno condivisi con terzi, a meno che ci\u00f2 non sia necessario o richiesto dalla legge. Una volta completata l'elaborazione, i vostri dati saranno cancellati, a meno che non sia richiesto per legge di conservarli.<\/p>\n<p class=\"font_8 wixui-rich-text__text\">\u00a0<\/p>\n<p class=\"font_8 wixui-rich-text__text\"><span class=\"wixui-rich-text__text\">1.3 Negozio online<\/span><\/p>\n<p class=\"font_8 wixui-rich-text__text\">Quando si effettuano ordini nel nostro negozio online, raccogliamo e memorizziamo dati personali come nome, indirizzo e indirizzo e-mail. Questi dati vengono utilizzati esclusivamente per l'elaborazione dell'ordine e vengono memorizzati in conformit\u00e0 ai requisiti di legge.<\/p>\n<p class=\"font_8 wixui-rich-text__text\">\u00a0<\/p>\n<p class=\"font_8 wixui-rich-text__text\"><span class=\"wixui-rich-text__text\">2. I biscotti<\/span><\/p>\n<p class=\"font_8 wixui-rich-text__text\">Il nostro sito web utilizza i cookie per migliorare l'esperienza degli utenti e raccogliere dati statistici sull'utilizzo del sito. \u00c8 possibile impedire il salvataggio dei cookie selezionando le impostazioni appropriate nel proprio browser. Tuttavia, ci\u00f2 potrebbe limitare la possibilit\u00e0 di utilizzare il sito web.<\/p>\n<p class=\"font_8 wixui-rich-text__text\">\u00a0<\/p>\n<p class=\"font_8 wixui-rich-text__text\"><span class=\"wixui-rich-text__text\">3. Plugin per i social media<\/span><\/p>\n<p class=\"font_8 wixui-rich-text__text\">Utilizziamo i plugin dei social media di Facebook e Instagram. Quando visitate una pagina con un plugin incorporato, viene stabilita una connessione ai server di Facebook o Instagram e vengono trasmessi il vostro indirizzo IP e altre informazioni. Se in quel momento siete connessi a Facebook o Instagram, la visita pu\u00f2 essere associata al vostro profilo. Per evitare che ci\u00f2 accada, si prega di effettuare il logout prima di visitare la nostra pagina.<\/p>\n<p class=\"font_8 wixui-rich-text__text\">\u00a0<\/p>\n<p class=\"font_8 wixui-rich-text__text\"><span class=\"wixui-rich-text__text\">4. Diritti dell'interessato<\/span><\/p>\n<p class=\"font_8 wixui-rich-text__text\">Avete il diritto di richiedere in qualsiasi momento informazioni sui dati personali da noi conservati. Avete inoltre il diritto di far correggere, bloccare o cancellare i vostri dati, a condizione che non vi siano periodi di conservazione previsti dalla legge. Potete revocare il vostro consenso al trattamento dei dati in qualsiasi momento.<\/p>\n<p class=\"font_8 wixui-rich-text__text\">\u00a0<\/p>\n<p class=\"font_8 wixui-rich-text__text\"><span class=\"wixui-rich-text__text\">5. Modifiche all'Informativa sulla privacy<\/span><\/p>\n<p class=\"font_8 wixui-rich-text__text\">Ci riserviamo il diritto di modificare la presente informativa sulla privacy in qualsiasi momento. La versione pi\u00f9 aggiornata sar\u00e0 disponibile sul nostro sito web.<\/p>\n<p class=\"font_8 wixui-rich-text__text\">A partire da marzo 2023<\/p>\n<p class=\"font_8 wixui-rich-text__text\">&#8212;<\/p>\n<p class=\"font_8 wixui-rich-text__text\"><span class=\"wixui-rich-text__text\">Informativa sulla privacy per la raccolta dei dati sul sito web<\/span><\/p>\n<p class=\"font_8 wixui-rich-text__text\">Raccogliamo, memorizziamo e archiviamo tutte le informazioni che inserite nel nostro sito web o che ci fornite in altro modo. Ci\u00f2 include informazioni quali l'indirizzo IP, le informazioni di accesso, l'indirizzo e-mail, la cronologia degli acquisti, i dati di interazione con le pagine e il tempo trascorso sul sito.<\/p>\n<p class=\"font_8 wixui-rich-text__text\">Quando completate una transazione sul nostro sito web, raccogliamo informazioni personali quali nome, indirizzo e indirizzo e-mail, che vengono utilizzate per elaborare l'ordine. Queste informazioni vengono utilizzate esclusivamente per gli scopi dichiarati e non vengono condivise con terzi senza il vostro consenso, a meno che non sia richiesto dalla legge.<\/p>\n<p class=\"font_8 wixui-rich-text__text\">Il nostro sito web \u00e8 ospitato da **Wix.com**, che ci fornisce la piattaforma per offrire prodotti e servizi. I vostri dati sono memorizzati in modo sicuro e trattati attraverso gateway di pagamento conformi agli standard PCI-DSS.<\/p>\n<p class=\"font_8 wixui-rich-text__text\">\u00a0<\/p>\n<p class=\"font_8 wixui-rich-text__text\"><span class=\"wixui-rich-text__text\">Scopo della raccolta dati<\/span><\/p>\n<p class=\"font_8 wixui-rich-text__text\">Raccogliamo i vostri dati personali per i seguenti scopi:<br class=\"wixui-rich-text__text\" \/>- Fornire i nostri servizi<br class=\"wixui-rich-text__text\" \/>- Assistenza tecnica e clienti<br class=\"wixui-rich-text__text\" \/>- Invio di comunicazioni e offerte personalizzate<br class=\"wixui-rich-text__text\" \/>- Compilazione di dati statistici per migliorare i nostri servizi<br class=\"wixui-rich-text__text\" \/>- Conformit\u00e0 ai requisiti di legge<\/p>\n<p class=\"font_8 wixui-rich-text__text\">\u00a0<\/p>\n<p class=\"font_8 wixui-rich-text__text\"><span class=\"wixui-rich-text__text\">contatto<\/span><\/p>\n<p class=\"font_8 wixui-rich-text__text\">In caso di domande o dubbi sulla nostra politica sulla privacy o sull'utilizzo dei vostri dati, potete contattarci in qualsiasi momento a\u00a0<a class=\"wixui-rich-text__text\" href=\"mailto:info@dersuessestopp.com\" data-auto-recognition=\"true\">info@dersuessestopp.com<\/a>\u00a0.<\/p>\n<p class=\"font_8 wixui-rich-text__text\"><span class=\"wixGuard wixui-rich-text__text\">\u200b<\/span><\/p>\n<p class=\"font_8 wixui-rich-text__text\"><span class=\"wixui-rich-text__text\">Informativa sui cookie<\/span><\/p>\n<p class=\"font_8 wixui-rich-text__text\">Utilizziamo i cookie per ottimizzare l'uso del nostro sito web e analizzare i dati dei visitatori. Utilizzando il nostro sito web, l'utente accetta l'uso dei cookie in conformit\u00e0 con questa politica. Tuttavia, \u00e8 possibile modificare le impostazioni dei cookie o rifiutarli in qualsiasi momento. Si prega di notare che questa operazione potrebbe influire sulla funzionalit\u00e0 del sito web.<\/p>\n<p class=\"font_8 wixui-rich-text__text\">&#8212;<\/p>\n<p class=\"font_8 wixui-rich-text__text\"><span class=\"wixui-rich-text__text\">La presente informativa sulla privacy aggiornata fornisce una panoramica chiara della raccolta e dell'elaborazione dei dati sul nostro sito web e sulle piattaforme di social media collegate.<\/span><\/p>\t\t\t\t\t\t\t\t<\/div>\n\t\t\t\t<\/div>\n\t\t\t\t\t<\/div>\n\t\t\t\t<\/div>\n\t\t\t\t<\/div>","protected":false},"excerpt":{"rendered":"<p>Privacy Policy for The Sweet Stop \u00a0 The protection of your personal data is important to us. Below, we inform you about the collection and use of your data on our websites\u00a0www.dersuessestopp.com\u00a0,\u00a0www.softeis-investition.com\u00a0\u00a0, and\u00a0www.dersuessestopp-graz.com\u00a0\u00a0, as well as on our Facebook and Instagram pages. \u00a0 Responsible body The responsible body within the meaning of the General Data [&hellip;]<\/p>\n","protected":false},"author":1,"featured_media":0,"parent":0,"menu_order":0,"comment_status":"closed","ping_status":"open","template":"","meta":{"footnotes":""},"class_list":["post-3","page","type-page","status-publish","hentry"],"_links":{"self":[{"href":"https:\/\/dersuessestopp.com\/it\/wp-json\/wp\/v2\/pages\/3","targetHints":{"allow":["GET"]}}],"collection":[{"href":"https:\/\/dersuessestopp.com\/it\/wp-json\/wp\/v2\/pages"}],"about":[{"href":"https:\/\/dersuessestopp.com\/it\/wp-json\/wp\/v2\/types\/page"}],"author":[{"embeddable":true,"href":"https:\/\/dersuessestopp.com\/it\/wp-json\/wp\/v2\/users\/1"}],"replies":[{"embeddable":true,"href":"https:\/\/dersuessestopp.com\/it\/wp-json\/wp\/v2\/comments?post=3"}],"version-history":[{"count":6,"href":"https:\/\/dersuessestopp.com\/it\/wp-json\/wp\/v2\/pages\/3\/revisions"}],"predecessor-version":[{"id":11837,"href":"https:\/\/dersuessestopp.com\/it\/wp-json\/wp\/v2\/pages\/3\/revisions\/11837"}],"wp:attachment":[{"href":"https:\/\/dersuessestopp.com\/it\/wp-json\/wp\/v2\/media?parent=3"}],"curies":[{"name":"wp","href":"https:\/\/api.w.org\/{rel}","templated":true}]}}