{"id":13289,"date":"2025-10-15T22:17:53","date_gmt":"2025-10-15T22:17:53","guid":{"rendered":"https:\/\/dersuessestopp.com\/?page_id=13289"},"modified":"2025-10-22T12:35:02","modified_gmt":"2025-10-22T12:35:02","slug":"info-sulle-maschere-per-bevande-ghiacciate","status":"publish","type":"page","link":"https:\/\/dersuessestopp.com\/it\/frozen-drink-maschines-info\/","title":{"rendered":"Informazioni sulle macchine per bevande ghiacciate Spaceman"},"content":{"rendered":"<div data-elementor-type=\"wp-page\" data-elementor-id=\"13289\" class=\"elementor elementor-13289\" data-elementor-post-type=\"page\">\n\t\t\t\t<div class=\"elementor-element elementor-element-189eb32 e-con-full e-flex e-con e-parent\" data-id=\"189eb32\" data-element_type=\"container\" data-e-type=\"container\" data-settings=\"{&quot;jet_parallax_layout_list&quot;:[],&quot;background_background&quot;:&quot;classic&quot;}\">\n\t\t<div class=\"elementor-element elementor-element-6262fdc e-con-full e-flex e-con e-child\" data-id=\"6262fdc\" data-element_type=\"container\" data-e-type=\"container\" data-settings=\"{&quot;jet_parallax_layout_list&quot;:[],&quot;background_background&quot;:&quot;gradient&quot;}\">\n\t\t\t\t<div class=\"elementor-element elementor-element-7688f61 elementor-widget__width-initial elementor-widget elementor-widget-heading\" data-id=\"7688f61\" data-element_type=\"widget\" data-e-type=\"widget\" id=\"header_h12\" data-widget_type=\"heading.default\">\n\t\t\t\t<div class=\"elementor-widget-container\">\n\t\t\t\t\t<h2 class=\"elementor-heading-title elementor-size-default\">Macchine per bevande ghiacciate Spaceman<\/h2>\t\t\t\t<\/div>\n\t\t\t\t<\/div>\n\t\t\t\t<div class=\"elementor-element elementor-element-d8e5719 elementor-widget elementor-widget-heading\" data-id=\"d8e5719\" data-element_type=\"widget\" data-e-type=\"widget\" id=\"header_h123\" data-widget_type=\"heading.default\">\n\t\t\t\t<div class=\"elementor-widget-container\">\n\t\t\t\t\t<h2 class=\"elementor-heading-title elementor-size-default\">Info<\/h2>\t\t\t\t<\/div>\n\t\t\t\t<\/div>\n\t\t<div class=\"elementor-element elementor-element-2e4cab0 e-con-full e-flex e-con e-child\" data-id=\"2e4cab0\" data-element_type=\"container\" data-e-type=\"container\" data-settings=\"{&quot;jet_parallax_layout_list&quot;:[]}\">\n\t\t\t\t<div class=\"elementor-element elementor-element-92870ec elementor-align-center elementor-widget elementor-widget-button\" data-id=\"92870ec\" data-element_type=\"widget\" data-e-type=\"widget\" data-widget_type=\"button.default\">\n\t\t\t\t<div class=\"elementor-widget-container\">\n\t\t\t\t\t\t\t\t\t<div class=\"elementor-button-wrapper\">\n\t\t\t\t\t<a class=\"elementor-button elementor-button-link elementor-size-sm\" href=\"tel:43%20664%20321%2083%2091\">\n\t\t\t\t\t\t<span class=\"elementor-button-content-wrapper\">\n\t\t\t\t\t\t\t\t\t<span class=\"elementor-button-text\">ESPLORARE I MODELLI<\/span>\n\t\t\t\t\t<\/span>\n\t\t\t\t\t<\/a>\n\t\t\t\t<\/div>\n\t\t\t\t\t\t\t\t<\/div>\n\t\t\t\t<\/div>\n\t\t\t\t<\/div>\n\t\t\t\t<\/div>\n\t\t\t\t<\/div>\n\t\t<div class=\"elementor-element elementor-element-d6ea662 e-flex e-con-boxed e-con e-parent\" data-id=\"d6ea662\" data-element_type=\"container\" data-e-type=\"container\" data-settings=\"{&quot;jet_parallax_layout_list&quot;:[]}\">\n\t\t\t\t\t<div class=\"e-con-inner\">\n\t\t\t\t<div class=\"elementor-element elementor-element-1447431 elementor-widget elementor-widget-html\" data-id=\"1447431\" data-element_type=\"widget\" data-e-type=\"widget\" data-widget_type=\"html.default\">\n\t\t\t\t<div class=\"elementor-widget-container\">\n\t\t\t\t\t<!-- FROZEN DRINK & SHAKE MACHINES -->\r\n<section id=\"frozen-drink-series\" class=\"premier-series\">\r\n  <div class=\"ps-wrap\">\r\n    <div class=\"ps-features\">\r\n      <h2>Macchine per bevande e frullati surgelati - Caratteristiche principali<\/h2>\r\n      <ul class=\"ps-list\">\r\n        <li>\r\n          <h3>Controlli meccanici semplici<\/h3>\r\n          <p>Interfaccia semplice e affidabile per una rapida formazione del personale e risultati costanti.<\/p>\r\n        <\/li>\r\n        <li>\r\n          <h3>Tramoggia e agitatori refrigerati<\/h3>\r\n          <p>Mantiene l'impasto sicuro e in movimento per una consistenza uniforme e una separazione ridotta al minimo.<\/p>\r\n        <\/li>\r\n        <li>\r\n          <h3>Modalit\u00e0 Standby \/ Sleep<\/h3>\r\n          <p>Mantiene la temperatura del prodotto durante le ore di riposo per risparmiare energia e tempo.<\/p>\r\n        <\/li>\r\n        <li>\r\n          <h3>Valvola di erogazione a chiusura automatica<\/h3>\r\n          <p>Impedisce sgocciolamenti e tracimazioni dopo ogni versamento.<\/p>\r\n        <\/li>\r\n        <li>\r\n          <h3>Spia di bassa miscela<\/h3>\r\n          <p>Avverte il personale di rifornirsi prima che il servizio venga interrotto.<\/p>\r\n        <\/li>\r\n        <li>\r\n          <h3>Interruttore di sicurezza per alta pressione<\/h3>\r\n          <p>Protegge il compressore per una maggiore durata.<\/p>\r\n        <\/li>\r\n        <li>\r\n          <h3>Evaporatore a bassa temperatura<\/h3>\r\n          <p>Ottimizzato per un'ampia gamma di bevande ghiacciate: granite, granite, cocktail e frullati densi.<\/p>\r\n        <\/li>\r\n        <li>\r\n          <h3>Tecnologia brevettata di congelamento rapido<\/h3>\r\n          <p>Rapido pull-down e recupero per una consistenza costante e ripetibile.<\/p>\r\n        <\/li>\r\n        <li>\r\n          <h3>Parti ridotte, cristalli di ghiaccio pi\u00f9 piccoli<\/h3>\r\n          <p>Minore manutenzione con una sensazione in bocca del prodotto pi\u00f9 liscia e cremosa.<\/p>\r\n        <\/li>\r\n      <\/ul>\r\n    <\/div>\r\n\r\n    <aside class=\"ps-aside\">\r\n      <p class=\"ps-kicker\">Bevande ghiacciate e frullati<\/p>\r\n      <h3 class=\"ps-heading\">Postazioni per bevande ad alte prestazioni per le ore di punta.<\/h3>\r\n      <p>Servite granite, cocktail ghiacciati, frappe e classici frullati densi con un recupero rapido e una consistenza omogenea.<\/p>\r\n      <a class=\"ps-btn\" href=\"https:\/\/dersuessestopp.com\/it\/contatto\/\">Richiesta di preventivo<\/a>\r\n      <!-- Optional image -->\r\n      <!-- <img decoding=\"async\" src=\"\/wp-content\/uploads\/frozen-drink-shake.jpg\" alt=\"Frozen Drink & Shake machine\" class=\"ps-image\"> -->\r\n    <\/aside>\r\n  <\/div>\r\n<\/section>\r\n\r\n<!-- ULTRA HIGH OUTPUT \u2014 extras block -->\r\n<section class=\"elite-extras\">\r\n  <div class=\"ps-wrap\">\r\n    <div class=\"extras-head\">\r\n      <span class=\"extras-badge\">Aggiunge una potenza ultra elevata<\/span>\r\n      <h3>Costruito per versamenti continui e per le code pi\u00f9 lunghe<\/h3>\r\n      <p>Tutto quanto sopra, pi\u00f9 aggiornamenti delle prestazioni per la massima produttivit\u00e0.<\/p>\r\n    <\/div>\r\n\r\n    <ul class=\"ps-list extras-list\">\r\n      <li>\r\n        <h3>Refrigerazione ad alta capacit\u00e0<\/h3>\r\n        <p>Sistema di raffreddamento pi\u00f9 robusto per un congelamento pi\u00f9 rapido e un recupero pi\u00f9 breve tra una versata e l'altra.<\/p>\r\n      <\/li>\r\n      <li>\r\n        <h3>Azionamento e motore aggiornati<\/h3>\r\n        <p>Trasmissione rinforzata per gestire le bevande pi\u00f9 spesse e il servizio continuo.<\/p>\r\n      <\/li>\r\n      <li>\r\n        <h3>Volume di prodotto maggiore<\/h3>\r\n        <p>Opzioni di bombole\/hopper pi\u00f9 grandi per prolungare i tempi di servizio tra una ricarica e l'altra.<\/p>\r\n      <\/li>\r\n      <li>\r\n        <h3>Rimozione del calore migliorata<\/h3>\r\n        <p>Flusso d'aria e capacit\u00e0 del condensatore migliorati per prestazioni stabili in ambienti caldi.<\/p>\r\n      <\/li>\r\n      <li>\r\n        <h3>Ottimizzazioni del servizio e del clean-down<\/h3>\r\n        <p>Accesso ai componenti chiave con facilit\u00e0 e flusso di lavoro di sanificazione semplificato per ridurre i tempi di inattivit\u00e0.<\/p>\r\n      <\/li>\r\n    <\/ul>\r\n  <\/div>\r\n<\/section>\r\n\r\n<style>\r\n\/* Reuse Premier styles *\/\r\n.premier-series{padding:48px 0;background:#fff;}\r\n.ps-wrap{max-width:1100px;margin:0 auto;display:grid;grid-template-columns:2fr 1fr;gap:48px;}\r\n.ps-features h2{margin:0 0 12px;font-size:38px;line-height:1.2;}\r\n.ps-list{list-style:none;margin:0;padding:0;display:grid;grid-template-columns:1fr 1fr;gap:20px 32px;}\r\n.ps-list li{border:1px solid #6D9940;border-radius:12px;padding:16px;}\r\n.ps-list h3{margin:0 0 6px;font-size:18px;line-height:1.3;}\r\n.ps-list p{margin:0;color:#444;}\r\n.ps-aside{align-self:start;position:sticky;top:24px}\r\n.ps-kicker{letter-spacing:.08em;text-transform:uppercase;font-weight:600;color:#6D9940;margin:0 0 6px;}\r\n.ps-heading{margin:0 0 10px;font-size:34px;line-height:1.3;}\r\n.ps-btn{display:inline-block;margin-top:10px;padding:10px 16px;border-radius:45px;background:#6D9940;color:#fff;text-decoration:none;font-weight:600}\r\n.ps-image{margin-top:18px;width:100%;height:auto;border-radius:12px}\r\n\r\n@media (max-width:980px){\r\n  .ps-wrap{grid-template-columns:1fr;gap:28px}\r\n  .ps-list{grid-template-columns:1fr}\r\n  .ps-aside{position:static}\r\n  .ps-features h2{margin:0 0 12px;font-size:28px;line-height:1.2;}\r\n  .ps-heading{margin:0 0 10px;font-size:24px;line-height:1.3;}\r\n}\r\n\r\n\r\n\/* Elite extras block *\/\r\n.elite-extras{padding:36px 0 56px;background:#f8faff;border-top:1px solid #6D9940;border-bottom:1px solid #e9eefc;}\r\n.elite-extras .ps-wrap{grid-template-columns:1fr;gap:18px}\r\n.extras-head h3{margin:6px 0 6px;font-size:30px}\r\n.extras-head p{margin:0 0 12px;color:#444}\r\n.extras-badge{display:inline-block;background:#e8f0ff;color:#6D9940;font-weight:700;padding:6px 10px;border-radius:10px}\r\n.extras-list li{border-color:#dfe8ff}\r\n<\/style>\r\n\t\t\t\t<\/div>\n\t\t\t\t<\/div>\n\t\t\t\t\t<\/div>\n\t\t\t\t<\/div>\n\t\t\t\t<\/div>","protected":false},"excerpt":{"rendered":"<p>Spaceman Frozen Drink Machines Info EXPLORE MODELLS Frozen Drink &amp; Shake Machines \u2014 Key Features Easy Mechanical Controls Simple, reliable interface for quick staff training and consistent results. Refrigerated Hopper &amp; Agitators Keeps mix safe and moving for uniform texture and minimized separation. Standby \/ Sleep Mode Maintains product temperature during off hours to save [&hellip;]<\/p>\n","protected":false},"author":3,"featured_media":0,"parent":0,"menu_order":0,"comment_status":"closed","ping_status":"closed","template":"","meta":{"footnotes":""},"class_list":["post-13289","page","type-page","status-publish","hentry"],"_links":{"self":[{"href":"https:\/\/dersuessestopp.com\/it\/wp-json\/wp\/v2\/pages\/13289","targetHints":{"allow":["GET"]}}],"collection":[{"href":"https:\/\/dersuessestopp.com\/it\/wp-json\/wp\/v2\/pages"}],"about":[{"href":"https:\/\/dersuessestopp.com\/it\/wp-json\/wp\/v2\/types\/page"}],"author":[{"embeddable":true,"href":"https:\/\/dersuessestopp.com\/it\/wp-json\/wp\/v2\/users\/3"}],"replies":[{"embeddable":true,"href":"https:\/\/dersuessestopp.com\/it\/wp-json\/wp\/v2\/comments?post=13289"}],"version-history":[{"count":21,"href":"https:\/\/dersuessestopp.com\/it\/wp-json\/wp\/v2\/pages\/13289\/revisions"}],"predecessor-version":[{"id":14626,"href":"https:\/\/dersuessestopp.com\/it\/wp-json\/wp\/v2\/pages\/13289\/revisions\/14626"}],"wp:attachment":[{"href":"https:\/\/dersuessestopp.com\/it\/wp-json\/wp\/v2\/media?parent=13289"}],"curies":[{"name":"wp","href":"https:\/\/api.w.org\/{rel}","templated":true}]}}