{"id":9953,"date":"2025-09-28T03:57:25","date_gmt":"2025-09-28T03:57:25","guid":{"rendered":"https:\/\/dersuessestopp.com\/product\/falco-confectionery-plotter\/"},"modified":"2025-09-28T04:09:06","modified_gmt":"2025-09-28T04:09:06","slug":"falco-cukraszdai-plotter","status":"publish","type":"product","link":"https:\/\/dersuessestopp.com\/hu\/product\/falco-confectionery-plotter\/","title":{"rendered":"FALCO cukr\u00e1szati plotter"},"content":{"rendered":"<p>FALCO cukr\u00e1szati plotter Az IMAGO Vulpes \u00e9lelmiszer-nyomtat\u00f3ja a legmagasabb min\u0151s\u00e9g\u0171 k\u00f6zvetlen nyomtat\u00e1st biztos\u00edtja gyakorlatilag b\u00e1rmilyen cukr\u00e1szati hordoz\u00f3ra. A berendez\u00e9s alkalmas nagym\u00e9ret\u0171 s\u00fctem\u00e9nyek, s\u00fctem\u00e9nyek, pralin\u00e9k, makaronok \u00e9s egyadagos adagok d\u00edsz\u00edt\u00e9s\u00e9re sorozatgy\u00e1rt\u00e1sban. A Vulpes \u00e9lelmiszer-plotterrel eredeti dekor\u00e1ci\u00f3kat k\u00e9sz\u00edthet \u00e9s szem\u00e9lyre szabhatja a term\u00e9keket, amelyek megk\u00fcl\u00f6nb\u00f6ztetik cukr\u00e1szd\u00e1ja vagy p\u00e9ks\u00e9g\u00e9nek k\u00edn\u00e1lat\u00e1t. Fotografikus nyomtat\u00e1si min\u0151s\u00e9g.<br \/>\n Az IMAGO \u00e9lelmiszernyomtat\u00f3kkal vonz\u00f3 \u00e9s eszt\u00e9tikus nyomatokat k\u00e9sz\u00edthet csokol\u00e1d\u00e9ra, makaronokra, s\u00fctem\u00e9nyekre \u00e9s cukormassz\u00e1ra. A sz\u00ednek term\u00e9szetesek \u00e9s \u00e9l\u00e9nkek, a reproduk\u00e1lt k\u00e9p pedig pontos \u00e9s r\u00e9szletes. Hat\u00e1s az \u00e9desipari v\u00e1llalkoz\u00e1sok fejl\u0151d\u00e9s\u00e9re.<br \/>\n Az \u00e9dess\u00e9gnyomtat\u00f3k megk\u00f6nny\u00edtik a term\u00e9kek d\u00edsz\u00edt\u00e9s\u00e9t. Ezeknek k\u00f6sz\u00f6nhet\u0151en megk\u00fcl\u00f6nb\u00f6ztetheti k\u00edn\u00e1lat\u00e1t, \u00e9s szem\u00e9lyre szabott term\u00e9keket k\u00edn\u00e1lhat v\u00e1s\u00e1rl\u00f3inak k\u00fcl\u00f6nb\u00f6z\u0151 alkalmakra, p\u00e9ld\u00e1ul h\u00fasv\u00e9tra, any\u00e1k napj\u00e1ra vagy kar\u00e1csonyra. Ugyanakkor egy \u00e9lelmiszernyomtat\u00f3val cs\u00f6kkentheti a gy\u00e1rt\u00e1si k\u00f6lts\u00e9geket \u00e9s n\u00f6velheti a term\u00e9kek \u00e1rr\u00e9s\u00e9t, ez\u00e1ltal n\u00f6velve \u00fczleti nyeres\u00e9g\u00e9t! Az \u00e9dess\u00e9gek d\u00edsz\u00edt\u00e9s\u00e9nek felgyors\u00edt\u00e1sa a t\u00f6megtermel\u00e9sben.<br \/>\n A Falco \u00e9lelmiszernyomtat\u00f3val ak\u00e1r 500 macaron is d\u00edsz\u00edthet\u0151 egy \u00f3ra alatt.<br \/>\n Az automatikus magass\u00e1g\u00e9rz\u00e9kel\u00e9s, a vonalz\u00f3val ell\u00e1tott asztal \u00e9s a kieg\u00e9sz\u00edt\u0151 szersz\u00e1mok megk\u00f6nny\u00edtik a munk\u00e1t, \u00e9s tov\u00e1bb r\u00f6vid\u00edtik a dekor\u00e1ci\u00f3s folyamatot.<\/p>","protected":false},"excerpt":{"rendered":"<p>A Falco cukr\u00e1szati plotter f\u00e9nyk\u00e9p\u00e9szeti min\u0151s\u00e9g\u0171 k\u00f6zvetlen nyomtat\u00e1st biztos\u00edt gyakorlatilag b\u00e1rmilyen \u00e9lelmiszer-alapanyagra.<\/p>","protected":false},"featured_media":9952,"comment_status":"open","ping_status":"closed","template":"","meta":[],"product_brand":[],"product_cat":[83,76,38],"product_tag":[],"class_list":{"0":"post-9953","1":"product","2":"type-product","3":"status-publish","4":"has-post-thumbnail","6":"product_cat-devices","7":"product_cat-food-printers","8":"product_cat-imago-food-printers","10":"first","11":"instock","12":"shipping-taxable","13":"purchasable","14":"product-type-simple"},"_links":{"self":[{"href":"https:\/\/dersuessestopp.com\/hu\/wp-json\/wp\/v2\/product\/9953","targetHints":{"allow":["GET"]}}],"collection":[{"href":"https:\/\/dersuessestopp.com\/hu\/wp-json\/wp\/v2\/product"}],"about":[{"href":"https:\/\/dersuessestopp.com\/hu\/wp-json\/wp\/v2\/types\/product"}],"replies":[{"embeddable":true,"href":"https:\/\/dersuessestopp.com\/hu\/wp-json\/wp\/v2\/comments?post=9953"}],"version-history":[{"count":1,"href":"https:\/\/dersuessestopp.com\/hu\/wp-json\/wp\/v2\/product\/9953\/revisions"}],"predecessor-version":[{"id":9954,"href":"https:\/\/dersuessestopp.com\/hu\/wp-json\/wp\/v2\/product\/9953\/revisions\/9954"}],"wp:featuredmedia":[{"embeddable":true,"href":"https:\/\/dersuessestopp.com\/hu\/wp-json\/wp\/v2\/media\/9952"}],"wp:attachment":[{"href":"https:\/\/dersuessestopp.com\/hu\/wp-json\/wp\/v2\/media?parent=9953"}],"wp:term":[{"taxonomy":"product_brand","embeddable":true,"href":"https:\/\/dersuessestopp.com\/hu\/wp-json\/wp\/v2\/product_brand?post=9953"},{"taxonomy":"product_cat","embeddable":true,"href":"https:\/\/dersuessestopp.com\/hu\/wp-json\/wp\/v2\/product_cat?post=9953"},{"taxonomy":"product_tag","embeddable":true,"href":"https:\/\/dersuessestopp.com\/hu\/wp-json\/wp\/v2\/product_tag?post=9953"}],"curies":[{"name":"wp","href":"https:\/\/api.w.org\/{rel}","templated":true}]}}