{"id":9939,"date":"2025-09-28T03:55:15","date_gmt":"2025-09-28T03:55:15","guid":{"rendered":"https:\/\/dersuessestopp.com\/product\/light-magenta-food-ink-100ml\/"},"modified":"2025-09-28T04:09:06","modified_gmt":"2025-09-28T04:09:06","slug":"vilagos-magenta-elelmiszer-tinta-100ml","status":"publish","type":"product","link":"https:\/\/dersuessestopp.com\/hu\/product\/light-magenta-food-ink-100ml\/","title":{"rendered":"LIGHT MAGENTA \u00e9lelmiszer tinta 100ml"},"content":{"rendered":"<p>Kiv\u00e1l\u00f3 min\u0151s\u00e9g\u0171 \u00e9lelmiszeripari tint\u00e1inkat kifejezetten a Vulpes \u00e9s Falco cukr\u00e1szdai plotterekhez v\u00e1lasztottuk ki, hogy a legmagasabb min\u0151s\u00e9get \u00e9s sz\u00ednintenzit\u00e1st biztos\u00edtsuk. Ehet\u0151 tint\u00e1inkat \u00e9lelmiszeripari term\u00e9kekre t\u00f6rt\u00e9n\u0151 k\u00f6zvetlen nyomtat\u00e1sra tervezt\u00fck. Gondosan v\u00e1logattuk \u0151ket az Imago cukr\u00e1sz plotterekben haszn\u00e1lt nyomtat\u00e1si rendszerhez, \u00edgy biztons\u00e1gosak a nyomtat\u00f3fej sz\u00e1m\u00e1ra. Megfelelnek a szigor\u00fa el\u0151\u00edr\u00e1soknak, \u00e9s tesztek \u00e9s elemz\u00e9sek alapj\u00e1n enged\u00e9lyezt\u00e9k az \u00e9lelmiszeriparban val\u00f3 haszn\u00e1latukat, garant\u00e1lva a teljes biztons\u00e1got. A tint\u00e1k tan\u00fas\u00edtv\u00e1nnyal rendelkeznek: FDA Kosher Vegan BRC GS Food Safety U PAREVE IFS Food \u00c9lelmiszeripari tint\u00e1ink nem befoly\u00e1solj\u00e1k az \u00edzt vagy az illatot, \u00edgy biztons\u00e1gosan haszn\u00e1lhat\u00f3k b\u00e1rmilyen cukr\u00e1szati term\u00e9ken. Az \u00e1ltalunk k\u00edn\u00e1lt tint\u00e1k t\u00f6k\u00e9letesen alkalmasak s\u00fctem\u00e9nyek, s\u00fctem\u00e9nyek, macaronok \u00e9s csokol\u00e1d\u00e9k d\u00edsz\u00edt\u00e9s\u00e9re \u00e9lelmiszer plotterek seg\u00edts\u00e9g\u00e9vel. K\u00e9nyelmes tintacsomagol\u00e1st biztos\u00edtunk palackok form\u00e1j\u00e1ban, \u00edgy a patronok vagy a fogy\u00f3 flakonok k\u00f6nnyen \u00fajrat\u00f6lthet\u0151k a Vulpes \u00e9s Falco cukr\u00e1sz plotterekbe. K\u00e9tf\u00e9le palackot k\u00edn\u00e1lunk Palackok t\u0171vel - alkalmas patronos nyomtat\u00f3khoz; Palackok kupakkal - alkalmas palackos rendszer\u0171 nyomtat\u00f3khoz. A megfelel\u0151 term\u00e9kv\u00e1ltozat megv\u00e1s\u00e1rl\u00e1sa el\u0151tt ellen\u0151rizze, hogy melyik nyomtat\u00f3ja van. Term\u00e9keinknek k\u00f6sz\u00f6nhet\u0151en kiv\u00e1l\u00f3 eredm\u00e9nyeket \u00e9rhet el a kreat\u00edv \u00e9s modern cukr\u00e1szdad\u00edsz\u00edt\u00e9sben.<\/p>","protected":false},"excerpt":{"rendered":"<p>Rendelje meg a LIGHT MAGENTA tint\u00e1t a Vulpes cukr\u00e1szati plotterekhez az IMAGO-t\u00f3l. A tint\u00e1t 100 ml-es flakonokban forgalmazzuk.<\/p>","protected":false},"featured_media":9938,"comment_status":"open","ping_status":"closed","template":"","meta":[],"product_brand":[],"product_cat":[98,38],"product_tag":[],"class_list":{"0":"post-9939","1":"product","2":"type-product","3":"status-publish","4":"has-post-thumbnail","6":"product_cat-food-inks","7":"product_cat-imago-food-printers","9":"first","10":"outofstock","11":"shipping-taxable","12":"product-type-variable"},"_links":{"self":[{"href":"https:\/\/dersuessestopp.com\/hu\/wp-json\/wp\/v2\/product\/9939","targetHints":{"allow":["GET"]}}],"collection":[{"href":"https:\/\/dersuessestopp.com\/hu\/wp-json\/wp\/v2\/product"}],"about":[{"href":"https:\/\/dersuessestopp.com\/hu\/wp-json\/wp\/v2\/types\/product"}],"replies":[{"embeddable":true,"href":"https:\/\/dersuessestopp.com\/hu\/wp-json\/wp\/v2\/comments?post=9939"}],"version-history":[{"count":1,"href":"https:\/\/dersuessestopp.com\/hu\/wp-json\/wp\/v2\/product\/9939\/revisions"}],"predecessor-version":[{"id":9961,"href":"https:\/\/dersuessestopp.com\/hu\/wp-json\/wp\/v2\/product\/9939\/revisions\/9961"}],"wp:featuredmedia":[{"embeddable":true,"href":"https:\/\/dersuessestopp.com\/hu\/wp-json\/wp\/v2\/media\/9938"}],"wp:attachment":[{"href":"https:\/\/dersuessestopp.com\/hu\/wp-json\/wp\/v2\/media?parent=9939"}],"wp:term":[{"taxonomy":"product_brand","embeddable":true,"href":"https:\/\/dersuessestopp.com\/hu\/wp-json\/wp\/v2\/product_brand?post=9939"},{"taxonomy":"product_cat","embeddable":true,"href":"https:\/\/dersuessestopp.com\/hu\/wp-json\/wp\/v2\/product_cat?post=9939"},{"taxonomy":"product_tag","embeddable":true,"href":"https:\/\/dersuessestopp.com\/hu\/wp-json\/wp\/v2\/product_tag?post=9939"}],"curies":[{"name":"wp","href":"https:\/\/api.w.org\/{rel}","templated":true}]}}