{"id":9935,"date":"2025-09-28T03:54:30","date_gmt":"2025-09-28T03:54:30","guid":{"rendered":"https:\/\/dersuessestopp.com\/product\/cyan-nanosolvent-ink-100ml\/"},"modified":"2025-09-28T04:09:06","modified_gmt":"2025-09-28T04:09:06","slug":"cian-nanoszolvens-tinta-100ml","status":"publish","type":"product","link":"https:\/\/dersuessestopp.com\/hu\/product\/cyan-nanosolvent-ink-100ml\/","title":{"rendered":"CYAN nanoszolvens tinta 100ml"},"content":{"rendered":"<p>A nanoszolvens tinta olyan tintat\u00edpus, amely 100 nm-n\u00e9l kisebb \u00e1tm\u00e9r\u0151j\u0171 porokkal sz\u00ednezett pigmenteket haszn\u00e1l. Az innovat\u00edv nanotint\u00e1k behatolnak az anyag szerkezet\u00e9be, \u00edgy a nyomtat\u00e1s ellen\u00e1ll\u00f3bb\u00e1 v\u00e1lik a mechanikai \u00e9s k\u00e9miai s\u00e9r\u00fcl\u00e9sekkel szemben. Ugyanakkor a nyomatok term\u00e9szetesek, alkalmazkodnak a hordoz\u00f3 szerkezet\u00e9hez, \u00e9s azzal egy\u00fctt deform\u00e1l\u00f3dnak. A nano-old\u00f3szeres tinta haszn\u00e1lata az UV LED-es nyomtat\u00e1s alternat\u00edv\u00e1ja. Lehet\u0151v\u00e9 teszi t\u00f6bbek k\u00f6z\u00f6tt: gyerty\u00e1kra val\u00f3 nyomtat\u00e1st; paraf\u00e1ra val\u00f3 nyomtat\u00e1st; f\u00e1ra val\u00f3 nyomtat\u00e1st; habos\u00edtott PVC-re val\u00f3 nyomtat\u00e1st ... A nanol\u00fagos nyomtat\u00f3val k\u00e9sz\u00fclt nyomatok nagy tart\u00f3ss\u00e1ga \u00e9s rugalmass\u00e1ga lehet\u0151v\u00e9 teszi a szokatlan term\u00e9kek \u00e9s anyagok jel\u00f6l\u00e9s\u00e9t. A tinta m\u00e9lyen behatol a term\u00e9kbe, \u00e9szrev\u00e9tlen, \u00e9s nem k\u00e9pez r\u00e9teget a nyomat fel\u00fclet\u00e9n. Ennek k\u00f6sz\u00f6nhet\u0151en a nanoszolvens nyomtat\u00e1s minden\u00fctt alkalmaz\u00e1sra tal\u00e1l, ahol az UV LED nyomtat\u00f3k nem elegend\u0151ek. R\u00e1ad\u00e1sul a nanoszolvens tint\u00e1k minim\u00e1lisra cs\u00f6kkentik a nyomtat\u00f3fej \u00e9s a tintarendszer egy\u00e9b alkatr\u00e9szeinek k\u00e1rosod\u00e1s\u00e1nak kock\u00e1zat\u00e1t.<\/p>","protected":false},"excerpt":{"rendered":"<p>Fedezze fel az IMAGO Aquila Aluminium, Falco Aluminium \u00e9s Aquila Nanosolvent nyomtat\u00f3kban haszn\u00e1lt innovat\u00edv CYAN nanoszolvens tint\u00e1t. A fejlett nanotinta-formula nagy pontoss\u00e1got \u00e9s sz\u00ednintenzit\u00e1st biztos\u00edt. A tinta behatol a nedvsz\u00edv\u00f3 anyagokba, behatol azok szerkezet\u00e9be, aminek k\u00f6sz\u00f6nhet\u0151en a nyomtat\u00e1s tart\u00f3s \u00e9s a rugalmas t\u00e1rggyal egy\u00fctt deform\u00e1l\u00f3dik. A tint\u00e1t 100 ml-es flakonokban forgalmazzuk.<\/p>","protected":false},"featured_media":9934,"comment_status":"open","ping_status":"closed","template":"","meta":[],"product_brand":[],"product_cat":[38,97],"product_tag":[],"class_list":{"0":"post-9935","1":"product","2":"type-product","3":"status-publish","4":"has-post-thumbnail","6":"product_cat-imago-food-printers","7":"product_cat-nanosolvent-inks","9":"first","10":"instock","11":"shipping-taxable","12":"purchasable","13":"product-type-simple"},"_links":{"self":[{"href":"https:\/\/dersuessestopp.com\/hu\/wp-json\/wp\/v2\/product\/9935","targetHints":{"allow":["GET"]}}],"collection":[{"href":"https:\/\/dersuessestopp.com\/hu\/wp-json\/wp\/v2\/product"}],"about":[{"href":"https:\/\/dersuessestopp.com\/hu\/wp-json\/wp\/v2\/types\/product"}],"replies":[{"embeddable":true,"href":"https:\/\/dersuessestopp.com\/hu\/wp-json\/wp\/v2\/comments?post=9935"}],"version-history":[{"count":1,"href":"https:\/\/dersuessestopp.com\/hu\/wp-json\/wp\/v2\/product\/9935\/revisions"}],"predecessor-version":[{"id":9963,"href":"https:\/\/dersuessestopp.com\/hu\/wp-json\/wp\/v2\/product\/9935\/revisions\/9963"}],"wp:featuredmedia":[{"embeddable":true,"href":"https:\/\/dersuessestopp.com\/hu\/wp-json\/wp\/v2\/media\/9934"}],"wp:attachment":[{"href":"https:\/\/dersuessestopp.com\/hu\/wp-json\/wp\/v2\/media?parent=9935"}],"wp:term":[{"taxonomy":"product_brand","embeddable":true,"href":"https:\/\/dersuessestopp.com\/hu\/wp-json\/wp\/v2\/product_brand?post=9935"},{"taxonomy":"product_cat","embeddable":true,"href":"https:\/\/dersuessestopp.com\/hu\/wp-json\/wp\/v2\/product_cat?post=9935"},{"taxonomy":"product_tag","embeddable":true,"href":"https:\/\/dersuessestopp.com\/hu\/wp-json\/wp\/v2\/product_tag?post=9935"}],"curies":[{"name":"wp","href":"https:\/\/api.w.org\/{rel}","templated":true}]}}