{"id":9923,"date":"2025-09-28T03:53:29","date_gmt":"2025-09-28T03:53:29","guid":{"rendered":"https:\/\/dersuessestopp.com\/product\/primer-for-metal-100-ml\/"},"modified":"2025-09-28T04:09:07","modified_gmt":"2025-09-28T04:09:07","slug":"alapozo-femhez-100-ml","status":"publish","type":"product","link":"https:\/\/dersuessestopp.com\/hu\/product\/primer-for-metal-100-ml\/","title":{"rendered":"F\u00e9m alapoz\u00f3 100 ml"},"content":{"rendered":"<p>Mik azok a primerek? Az alapoz\u00f3k sz\u00edntelen folyad\u00e9kok, amelyek nem hagynak cs\u00edkokat vagy foltokat a k\u00e9sz term\u00e9ken. Jav\u00edtj\u00e1k az UV LED nyomtat\u00e1s tart\u00f3ss\u00e1g\u00e1t, \u00e9s n\u00f6velik a karcol\u00e1sokkal \u00e9s mechanikai s\u00e9r\u00fcl\u00e9sekkel szembeni ellen\u00e1ll\u00e1st. Az IMAGO UV LED nyomtat\u00f3khoz haszn\u00e1lt PRIMEREK haszn\u00e1lat\u00e1nak el\u0151nyei az alapoz\u00f3 egyszer\u0171 felvitele az \u00fcvegre, m\u0171anyagra vagy f\u00e9mre t\u00f6rt\u00e9n\u0151 nyomtat\u00e1s tart\u00f3ss\u00e1g\u00e1nak n\u00f6vel\u00e9se cs\u00fasz\u00f3s fel\u00fcletekre t\u00f6rt\u00e9n\u0151 nyomtat\u00e1s lehet\u0151s\u00e9ge a nyomtat\u00e1s karcol\u00e1sokkal szembeni ellen\u00e1ll\u00e1s\u00e1nak n\u00f6vel\u00e9se.<\/p>","protected":false},"excerpt":{"rendered":"<p>Gondjai vannak az UV LED nyomtat\u00e1s tart\u00f3ss\u00e1g\u00e1val a term\u00e9k\u00e9n? A speci\u00e1lis alapoz\u00f3k seg\u00edthetnek. Ezek jav\u00edtj\u00e1k a tinta tapad\u00e1s\u00e1t, \u00edgy a term\u00e9k tart\u00f3sabb\u00e1 \u00e9s karc\u00e1ll\u00f3bb\u00e1 v\u00e1lik. Az \u00e1ltalunk k\u00edn\u00e1lt alapoz\u00f3t a f\u00e9mek nyomtat\u00e1s el\u0151tti el\u0151k\u00e9sz\u00edt\u00e9s\u00e9re haszn\u00e1lj\u00e1k. A term\u00e9ket 100 ml-es flakonokban forgalmazzuk.<\/p>","protected":false},"featured_media":9922,"comment_status":"open","ping_status":"closed","template":"","meta":[],"product_brand":[],"product_cat":[86,38],"product_tag":[],"class_list":{"0":"post-9923","1":"product","2":"type-product","3":"status-publish","4":"has-post-thumbnail","6":"product_cat-primers-and-cleaning-fluids","7":"product_cat-imago-food-printers","9":"first","10":"instock","11":"shipping-taxable","12":"purchasable","13":"product-type-simple"},"_links":{"self":[{"href":"https:\/\/dersuessestopp.com\/hu\/wp-json\/wp\/v2\/product\/9923","targetHints":{"allow":["GET"]}}],"collection":[{"href":"https:\/\/dersuessestopp.com\/hu\/wp-json\/wp\/v2\/product"}],"about":[{"href":"https:\/\/dersuessestopp.com\/hu\/wp-json\/wp\/v2\/types\/product"}],"replies":[{"embeddable":true,"href":"https:\/\/dersuessestopp.com\/hu\/wp-json\/wp\/v2\/comments?post=9923"}],"version-history":[{"count":1,"href":"https:\/\/dersuessestopp.com\/hu\/wp-json\/wp\/v2\/product\/9923\/revisions"}],"predecessor-version":[{"id":9969,"href":"https:\/\/dersuessestopp.com\/hu\/wp-json\/wp\/v2\/product\/9923\/revisions\/9969"}],"wp:featuredmedia":[{"embeddable":true,"href":"https:\/\/dersuessestopp.com\/hu\/wp-json\/wp\/v2\/media\/9922"}],"wp:attachment":[{"href":"https:\/\/dersuessestopp.com\/hu\/wp-json\/wp\/v2\/media?parent=9923"}],"wp:term":[{"taxonomy":"product_brand","embeddable":true,"href":"https:\/\/dersuessestopp.com\/hu\/wp-json\/wp\/v2\/product_brand?post=9923"},{"taxonomy":"product_cat","embeddable":true,"href":"https:\/\/dersuessestopp.com\/hu\/wp-json\/wp\/v2\/product_cat?post=9923"},{"taxonomy":"product_tag","embeddable":true,"href":"https:\/\/dersuessestopp.com\/hu\/wp-json\/wp\/v2\/product_tag?post=9923"}],"curies":[{"name":"wp","href":"https:\/\/api.w.org\/{rel}","templated":true}]}}