{"id":9910,"date":"2025-09-28T03:51:47","date_gmt":"2025-09-28T03:51:47","guid":{"rendered":"https:\/\/dersuessestopp.com\/product\/cmyk-white-uv-led-ink-set-5x100ml-or-5x250ml-2\/"},"modified":"2025-09-28T04:09:55","modified_gmt":"2025-09-28T04:09:55","slug":"cmyk-feher-uv-led-tintakeszlet-5x100ml-vagy-5x250ml-2","status":"publish","type":"product","link":"https:\/\/dersuessestopp.com\/hu\/product\/cmyk-white-uv-led-ink-set-5x100ml-or-5x250ml-2\/","title":{"rendered":"CMYK + feh\u00e9r UV LED tintak\u00e9szlet (5x100ml vagy 5x250ml)"},"content":{"rendered":"<p>Az Imago UV LED tinta egy foly\u00e9kony polimer, amely UV LED sug\u00e1rz\u00e1s hat\u00e1s\u00e1ra azonnal megszil\u00e1rdul. Az UV nyomtat\u00f3tinta jellemz\u0151 tulajdons\u00e1ga, hogy ellen\u00e1ll a kop\u00e1snak \u00e9s az id\u0151j\u00e1r\u00e1si k\u00f6r\u00fclm\u00e9nyeknek. Emellett hossz\u00fa id\u0151n kereszt\u00fcl meg\u0151rzi a magas nyomtat\u00e1si min\u0151s\u00e9get. Kiv\u00e9teles tapad\u00e1s\u00e1nak k\u00f6sz\u00f6nhet\u0151en az Imago UV LED tint\u00e1k ide\u00e1lisak k\u00fcl\u00f6nb\u00f6z\u0151 fel\u00fcletekre, p\u00e9ld\u00e1ul f\u00e1ra, m\u0171anyagokra, rekl\u00e1mcikkekre, \u00fcvegpalackokra \u00e9s f\u00e9mdobozokra t\u00f6rt\u00e9n\u0151 nyomtat\u00e1shoz. Rugalmass\u00e1guknak k\u00f6sz\u00f6nhet\u0151en telefonh\u00fcvelyekre vagy palackkupakokra val\u00f3 nyomtat\u00e1shoz is ide\u00e1lisak, kik\u00fcsz\u00f6b\u00f6lve a reped\u00e9s kock\u00e1zat\u00e1t. Az UV-fest\u00e9kek kiv\u00e1l\u00f3an alkalmasak a k\u00f6vetkez\u0151kre val\u00f3 nyomtat\u00e1shoz: fa; m\u0171anyag; prom\u00f3ci\u00f3s t\u00e1rgyak; \u00fcvegpalackok; f\u00e9mdobozok.<\/p>","protected":false},"excerpt":{"rendered":"<p>Rendelje meg a CYAN, MAGENTA, YELLOW, BLACK + WHITE UV LED tint\u00e1kat az AQUILA UV LED nyomtat\u00f3khoz az IMAGO-t\u00f3l. A tint\u00e1kat 100 ml-es vagy 250 ml-es palackokban forgalmazzuk. A k\u00e9szlet 5 sz\u00ednt tartalmaz, egyenk\u00e9nt 100 ml vagy 250 ml. (\u00d6sszesen 500 ml a kisebb palackokn\u00e1l vagy 1250 ml a nagyobb palackokn\u00e1l)<\/p>","protected":false},"featured_media":9908,"comment_status":"open","ping_status":"closed","template":"","meta":[],"product_brand":[],"product_cat":[95,38],"product_tag":[],"class_list":{"0":"post-9910","1":"product","2":"type-product","3":"status-publish","4":"has-post-thumbnail","6":"product_cat-uv-led-inks","7":"product_cat-imago-food-printers","9":"first","10":"outofstock","11":"shipping-taxable","12":"product-type-variable"},"_links":{"self":[{"href":"https:\/\/dersuessestopp.com\/hu\/wp-json\/wp\/v2\/product\/9910","targetHints":{"allow":["GET"]}}],"collection":[{"href":"https:\/\/dersuessestopp.com\/hu\/wp-json\/wp\/v2\/product"}],"about":[{"href":"https:\/\/dersuessestopp.com\/hu\/wp-json\/wp\/v2\/types\/product"}],"replies":[{"embeddable":true,"href":"https:\/\/dersuessestopp.com\/hu\/wp-json\/wp\/v2\/comments?post=9910"}],"version-history":[{"count":1,"href":"https:\/\/dersuessestopp.com\/hu\/wp-json\/wp\/v2\/product\/9910\/revisions"}],"predecessor-version":[{"id":9976,"href":"https:\/\/dersuessestopp.com\/hu\/wp-json\/wp\/v2\/product\/9910\/revisions\/9976"}],"wp:featuredmedia":[{"embeddable":true,"href":"https:\/\/dersuessestopp.com\/hu\/wp-json\/wp\/v2\/media\/9908"}],"wp:attachment":[{"href":"https:\/\/dersuessestopp.com\/hu\/wp-json\/wp\/v2\/media?parent=9910"}],"wp:term":[{"taxonomy":"product_brand","embeddable":true,"href":"https:\/\/dersuessestopp.com\/hu\/wp-json\/wp\/v2\/product_brand?post=9910"},{"taxonomy":"product_cat","embeddable":true,"href":"https:\/\/dersuessestopp.com\/hu\/wp-json\/wp\/v2\/product_cat?post=9910"},{"taxonomy":"product_tag","embeddable":true,"href":"https:\/\/dersuessestopp.com\/hu\/wp-json\/wp\/v2\/product_tag?post=9910"}],"curies":[{"name":"wp","href":"https:\/\/api.w.org\/{rel}","templated":true}]}}