{"id":9904,"date":"2025-09-28T03:49:22","date_gmt":"2025-09-28T03:49:22","guid":{"rendered":"https:\/\/dersuessestopp.com\/product\/vulpes-confectionery-plotter\/"},"modified":"2025-09-28T04:09:55","modified_gmt":"2025-09-28T04:09:55","slug":"vulpes-cukraszdai-plotter","status":"publish","type":"product","link":"https:\/\/dersuessestopp.com\/hu\/product\/vulpes-confectionery-plotter\/","title":{"rendered":"VULPES cukr\u00e1szati plotter"},"content":{"rendered":"<p>VULPES \u00e9lelmiszer plotter A Falco \u00e9lelmiszer-nyomtat\u00f3 f\u00e9nyk\u00e9p\u00e9szeti min\u0151s\u00e9g\u0171 k\u00f6zvetlen nyomtat\u00e1st biztos\u00edt szinte b\u00e1rmilyen \u00e9lelmiszer-alapanyagra. Ez\u00e1ltal s\u00fctem\u00e9nyei, apr\u00f3s\u00fctem\u00e9nyei \u00e9s macaronjai precizit\u00e1sukkal \u00e9s sz\u00ednv\u00e1laszt\u00e9kukkal t\u0171nnek ki. A Falco \u00e9lelmiszer plotterrel eredeti dekor\u00e1ci\u00f3kat k\u00e9sz\u00edthet \u00e9s szem\u00e9lyre szabhatja term\u00e9keit, amelyek megk\u00fcl\u00f6nb\u00f6ztetik cukr\u00e1szd\u00e1ja vagy p\u00e9ks\u00e9ge k\u00edn\u00e1lat\u00e1t. A cukr\u00e1szati nyomtat\u00f3k megk\u00f6nny\u00edtik a term\u00e9kek d\u00edsz\u00edt\u00e9s\u00e9t. Nekik k\u00f6sz\u00f6nhet\u0151en megk\u00fcl\u00f6nb\u00f6ztetheti k\u00edn\u00e1lat\u00e1t, \u00e9s szem\u00e9lyre szabott term\u00e9keket k\u00edn\u00e1lhat v\u00e1s\u00e1rl\u00f3inak k\u00fcl\u00f6nb\u00f6z\u0151 alkalmakra, p\u00e9ld\u00e1ul h\u00fasv\u00e9tra, any\u00e1k napj\u00e1ra vagy kar\u00e1csonyra. Ugyanakkor egy \u00e9lelmiszernyomtat\u00f3val cs\u00f6kkentheti a gy\u00e1rt\u00e1si k\u00f6lts\u00e9geket \u00e9s n\u00f6velheti a k\u00edn\u00e1lt term\u00e9kek \u00e1rr\u00e9s\u00e9t, \u00edgy n\u00f6velve \u00fczleti nyeres\u00e9g\u00e9t! A legmagasabb min\u0151s\u00e9g\u0171 k\u00f6zvetlen \u00e9lelmiszernyomtat\u00e1s a piacon.<br \/>\n A speci\u00e1lisan kiv\u00e1lasztott ehet\u0151 tinta, a megfelel\u0151 nyomtat\u00f3fej \u00e9s a nyomtat\u00e1si szoftver hihetetlen sz\u00ednintenzit\u00e1st \u00e9s fot\u00f3min\u0151s\u00e9get biztos\u00edt a dekor\u00e1ci\u00f3knak, \u00edgy szemet gy\u00f6ny\u00f6rk\u00f6dtet\u0151 tort\u00e1kat, s\u00fctem\u00e9nyeket, csokol\u00e1d\u00e9kat \u00e9s macaronokat k\u00e9sz\u00edthet. A cukr\u00e1szati term\u00e9kek el\u0151\u00e1ll\u00edt\u00e1s\u00e1nak professzion\u00e1lis felgyors\u00edt\u00e1sa.<br \/>\n A Vulpes \u00e9lelmiszernyomtat\u00f3val ak\u00e1r 900 macaron is d\u00edsz\u00edthet\u0151 1 \u00f3ra alatt. Az automatikus magass\u00e1g\u00e9rz\u00e9kel\u00e9s, a vonalz\u00f3val ell\u00e1tott asztal \u00e9s a kieg\u00e9sz\u00edt\u0151 szersz\u00e1mok megk\u00f6nny\u00edtik a munk\u00e1t, \u00e9s tov\u00e1bb r\u00f6vid\u00edtik a dekor\u00e1l\u00e1si folyamatot, a t\u00e1gas tintatart\u00e1lyok pedig hossz\u00fa \u00fczemid\u0151t biztos\u00edtanak az ehet\u0151 tinta \u00fajrat\u00f6lt\u00e9se n\u00e9lk\u00fcl. Kompatibilit\u00e1s a cukr\u00e1szati s\u00fct\u0151lemezform\u00e1tumokkal.<br \/>\n A Vulpes \u00e9telrajzol\u00f3 a szabv\u00e1nyos GN 1\/1 s\u00fct\u0151t\u00e1lca form\u00e1tumhoz igazodik. Az asztalon elhelyezett k\u00f6r\u00f6k lehet\u0151v\u00e9 teszik a szabv\u00e1nyos m\u00e9ret\u0171 s\u00fctem\u00e9nyek gyors elhelyez\u00e9s\u00e9t. Ennek k\u00f6sz\u00f6nhet\u0151en az \u00e9telprinter\u00fcnkkel ak\u00e1r 32 cm \u00e1tm\u00e9r\u0151j\u0171 \u00e9s 15 cm magass\u00e1g\u00fa s\u00fctem\u00e9nyeket is k\u00f6nnyed\u00e9n d\u00edsz\u00edthet. Jelz\u0151rendszerek \u00e9s intuit\u00edv kiszolg\u00e1l\u00e1si m\u00f3d.<br \/>\n A g\u00e9pben haszn\u00e1lt rendszerek lehet\u0151v\u00e9 teszik a k\u00e9sz\u00fcl\u00e9k egyszer\u0171 m\u0171k\u00f6dtet\u00e9s\u00e9t. A jelz\u0151rendszerek t\u00e1j\u00e9koztatj\u00e1k \u00d6nt, ha sz\u00fcks\u00e9ges a tinta \u00fajrat\u00f6lt\u00e9se vagy a hullad\u00e9ktart\u00e1ly ki\u00fcr\u00edt\u00e9se. A Vulp\u00e1k arr\u00f3l is t\u00e1j\u00e9koztatj\u00e1k \u00d6nt, ha a nyomtat\u00e1si feladat befejez\u0151d\u00f6tt. Hat\u00e1s a cukr\u00e1szati v\u00e1llalkoz\u00e1sok fejl\u0151d\u00e9s\u00e9re.<br \/>\n Az \u00e9lelmiszer-rajzol\u00f3k racionaliz\u00e1lj\u00e1k a term\u00e9kdekor\u00e1ci\u00f3t. Lehet\u0151v\u00e9 teszik, hogy megk\u00fcl\u00f6nb\u00f6ztesse k\u00edn\u00e1lat\u00e1t, \u00e9s szem\u00e9lyre szabott term\u00e9keket k\u00edn\u00e1ljon v\u00e1s\u00e1rl\u00f3inak k\u00fcl\u00f6nb\u00f6z\u0151 alkalmakra, p\u00e9ld\u00e1ul kar\u00e1csonyra, Valentin-napra vagy n\u0151napra. Ugyanakkor egy \u00e9lelmiszer-plotterrel cs\u00f6kkentheti a gy\u00e1rt\u00e1si k\u00f6lts\u00e9geket \u00e9s n\u00f6velheti a term\u00e9kek \u00e1rr\u00e9s\u00e9t, ez\u00e1ltal n\u00f6velve \u00fczleti nyeres\u00e9g\u00e9t!<\/p>","protected":false},"excerpt":{"rendered":"<p>A Vulpes cukr\u00e1szati plotter gyakorlatilag b\u00e1rmilyen cukr\u00e1szati hordoz\u00f3ra a legmagasabb min\u0151s\u00e9g\u0171 nyomtat\u00e1st teszi lehet\u0151v\u00e9.<\/p>","protected":false},"featured_media":9903,"comment_status":"open","ping_status":"closed","template":"","meta":[],"product_brand":[],"product_cat":[83,76,38],"product_tag":[],"class_list":{"0":"post-9904","1":"product","2":"type-product","3":"status-publish","4":"has-post-thumbnail","6":"product_cat-devices","7":"product_cat-food-printers","8":"product_cat-imago-food-printers","10":"first","11":"instock","12":"shipping-taxable","13":"purchasable","14":"product-type-simple"},"_links":{"self":[{"href":"https:\/\/dersuessestopp.com\/hu\/wp-json\/wp\/v2\/product\/9904","targetHints":{"allow":["GET"]}}],"collection":[{"href":"https:\/\/dersuessestopp.com\/hu\/wp-json\/wp\/v2\/product"}],"about":[{"href":"https:\/\/dersuessestopp.com\/hu\/wp-json\/wp\/v2\/types\/product"}],"replies":[{"embeddable":true,"href":"https:\/\/dersuessestopp.com\/hu\/wp-json\/wp\/v2\/comments?post=9904"}],"version-history":[{"count":1,"href":"https:\/\/dersuessestopp.com\/hu\/wp-json\/wp\/v2\/product\/9904\/revisions"}],"predecessor-version":[{"id":9979,"href":"https:\/\/dersuessestopp.com\/hu\/wp-json\/wp\/v2\/product\/9904\/revisions\/9979"}],"wp:featuredmedia":[{"embeddable":true,"href":"https:\/\/dersuessestopp.com\/hu\/wp-json\/wp\/v2\/media\/9903"}],"wp:attachment":[{"href":"https:\/\/dersuessestopp.com\/hu\/wp-json\/wp\/v2\/media?parent=9904"}],"wp:term":[{"taxonomy":"product_brand","embeddable":true,"href":"https:\/\/dersuessestopp.com\/hu\/wp-json\/wp\/v2\/product_brand?post=9904"},{"taxonomy":"product_cat","embeddable":true,"href":"https:\/\/dersuessestopp.com\/hu\/wp-json\/wp\/v2\/product_cat?post=9904"},{"taxonomy":"product_tag","embeddable":true,"href":"https:\/\/dersuessestopp.com\/hu\/wp-json\/wp\/v2\/product_tag?post=9904"}],"curies":[{"name":"wp","href":"https:\/\/api.w.org\/{rel}","templated":true}]}}