{"id":9902,"date":"2025-09-28T03:49:13","date_gmt":"2025-09-28T03:49:13","guid":{"rendered":"https:\/\/dersuessestopp.com\/product\/aquila-aluminium-printer\/"},"modified":"2025-09-28T04:09:55","modified_gmt":"2025-09-28T04:09:55","slug":"aquila-aluminium-nyomtato","status":"publish","type":"product","link":"https:\/\/dersuessestopp.com\/hu\/product\/aquila-aluminium-printer\/","title":{"rendered":"AQUILA alum\u00ednium nyomtat\u00f3"},"content":{"rendered":"<p>Az Aquila nyomtat\u00f3 alum\u00edniumhoz digit\u00e1lis nyomtat\u00f3 elox\u00e1lt alum\u00edniumhoz maxim\u00e1lis min\u0151s\u00e9get, pontoss\u00e1got \u00e9s tart\u00f3ss\u00e1got k\u00edn\u00e1l a f\u00e9mre t\u00f6rt\u00e9n\u0151 sz\u00ednes nyomtat\u00e1shoz. Az AQUILA Aluminium lehet\u0151v\u00e9 teszi n\u00e9vt\u00e1bl\u00e1k, rakt\u00e1ri c\u00edmk\u00e9k, \u00e9p\u00fcletfeliratok, valamint oklevelek \u00e9s vez\u00e9rl\u0151panelek k\u00e9sz\u00edt\u00e9s\u00e9t. Takar\u00edtson meg id\u0151t \u00e9s v\u00e1ljon f\u00fcggetlenn\u00e9 a k\u00fcls\u0151 besz\u00e1ll\u00edt\u00f3kt\u00f3l - az AQUILA Aluminium seg\u00edts\u00e9g\u00e9vel ez lehets\u00e9ges. A legmagasabb min\u0151s\u00e9g\u0171 nyomtat\u00e1s elox\u00e1lt alum\u00edniumra Az Aquila Aluminium k\u00e9sz\u00fcl\u00e9k ide\u00e1lis olyan alkalmaz\u00e1sokhoz, ahol fontos a nyomtat\u00e1s min\u0151s\u00e9ge, tart\u00f3ss\u00e1ga \u00e9s a k\u00e9szterm\u00e9kek r\u00f6vid \u00e1tfut\u00e1si ideje. R\u00e1ad\u00e1sul a nyomtat\u00e1s nagyon pontos \u00e9s minden term\u00e9ken megism\u00e9telhet\u0151. Teljes technol\u00f3giai csomag f\u00e9mre t\u00f6rt\u00e9n\u0151 nyomtat\u00e1shoz A nyomatok pontoss\u00e1g\u00e1nak \u00e9s tart\u00f3ss\u00e1g\u00e1nak tov\u00e1bbi n\u00f6vel\u00e9se \u00e9rdek\u00e9ben kifejlesztett\u00fcnk egy technol\u00f3giai csomagot, amely a k\u00f6vetkez\u0151ket tartalmazza: VSG sz\u00edv\u00f3- \u00e9s f\u0171t\u0151felszerel\u00e9s, amely n\u00f6veli a sz\u00edntel\u00edtetts\u00e9get \u00e9s a nyomtat\u00e1si pontoss\u00e1got, valamint TECHNOLOGY TUB - a nyomtatott lapok lez\u00e1r\u00e1s\u00e1val n\u00f6veli a tart\u00f3ss\u00e1got. Akt\u00edv nyomtat\u00e1ssz\u00e1r\u00edt\u00f3 rendszer Az alum\u00ednium nyomtat\u00f3t sz\u00e1r\u00edt\u00f3rendszerrel l\u00e1ttuk el, amely felgyors\u00edtja az old\u00f3szer elp\u00e1rolg\u00e1s\u00e1t. Ez lehet\u0151v\u00e9 teszi a nagyobb sz\u00edntel\u00edtetts\u00e9get \u00e9s a finom r\u00e9szletek, kis bet\u0171t\u00edpusok \u00e9s szimb\u00f3lumok nyomtat\u00e1s\u00e1t. A kis megrendel\u00e9sek teljes\u00edt\u00e9s\u00e9nek \u00e9s a szem\u00e9lyre szab\u00e1snak a k\u00e9pess\u00e9ge Az IMAGO nyomtat\u00f3k praktikus eszk\u00f6z\u00f6k a szem\u00e9lyre szab\u00e1shoz. Az alum\u00edniumhoz val\u00f3 digit\u00e1lis nyomtat\u00f3val k\u00f6nnyen \u00e9s gyorsan teljes\u00edtheti a kis \u00e9s v\u00e1ltozatos megrendel\u00e9seket an\u00e9lk\u00fcl, hogy a nagy\u00fczemi gy\u00e1rt\u00e1s le\u00e1ll\u00e1sa miatt kellene agg\u00f3dnia. A szitanyom\u00e1ssal ellent\u00e9tben az Aquila Alum\u00ednium minden sz\u00ednt egyszerre alkalmaz, \u00edgy gazdag sz\u00ednvil\u00e1g\u00fa mint\u00e1k k\u00e9sz\u00edthet\u0151k. A nyomtat\u00f3 nedvsz\u00edv\u00f3 anyagokra, p\u00e9ld\u00e1ul paraf\u00e1ra vagy f\u00e1ra is nyomtathat. nyomtat\u00f3fej tiszt\u00edt\u00f3folyad\u00e9kkal A nyomtat\u00f3ban haszn\u00e1lt, tiszt\u00edt\u00f3folyad\u00e9k-csatorn\u00e1kkal ell\u00e1tott tintarendszer cs\u00f6kkenti a nyomtat\u00f3fej \u00e9s a k\u00e9sz\u00fcl\u00e9k fogy\u00f3 alkatr\u00e9szeinek elt\u00f6m\u0151d\u00e9s\u00e9vel kapcsolatos probl\u00e9m\u00e1kat.<\/p>","protected":false},"excerpt":{"rendered":"<p>digit\u00e1lis nyomtat\u00f3 elox\u00e1lt alum\u00edniumhoz maxim\u00e1lis min\u0151s\u00e9get, pontoss\u00e1got \u00e9s tart\u00f3ss\u00e1got k\u00edn\u00e1l a f\u00e9mre t\u00f6rt\u00e9n\u0151 sz\u00ednes nyomtat\u00e1shoz. Az AQUILA Alum\u00ednium lehet\u0151v\u00e9 teszi n\u00e9vt\u00e1bl\u00e1k, rakt\u00e1ri c\u00edmk\u00e9k, \u00e9p\u00fcletfeliratok, valamint oklevelek \u00e9s vez\u00e9rl\u0151panelek k\u00e9sz\u00edt\u00e9s\u00e9t.<\/p>","protected":false},"featured_media":9901,"comment_status":"open","ping_status":"closed","template":"","meta":[],"product_brand":[],"product_cat":[83,79,38],"product_tag":[],"class_list":{"0":"post-9902","1":"product","2":"type-product","3":"status-publish","4":"has-post-thumbnail","6":"product_cat-devices","7":"product_cat-printers-for-aluminum","8":"product_cat-imago-food-printers","10":"first","11":"instock","12":"shipping-taxable","13":"purchasable","14":"product-type-simple"},"_links":{"self":[{"href":"https:\/\/dersuessestopp.com\/hu\/wp-json\/wp\/v2\/product\/9902","targetHints":{"allow":["GET"]}}],"collection":[{"href":"https:\/\/dersuessestopp.com\/hu\/wp-json\/wp\/v2\/product"}],"about":[{"href":"https:\/\/dersuessestopp.com\/hu\/wp-json\/wp\/v2\/types\/product"}],"replies":[{"embeddable":true,"href":"https:\/\/dersuessestopp.com\/hu\/wp-json\/wp\/v2\/comments?post=9902"}],"version-history":[{"count":1,"href":"https:\/\/dersuessestopp.com\/hu\/wp-json\/wp\/v2\/product\/9902\/revisions"}],"predecessor-version":[{"id":9980,"href":"https:\/\/dersuessestopp.com\/hu\/wp-json\/wp\/v2\/product\/9902\/revisions\/9980"}],"wp:featuredmedia":[{"embeddable":true,"href":"https:\/\/dersuessestopp.com\/hu\/wp-json\/wp\/v2\/media\/9901"}],"wp:attachment":[{"href":"https:\/\/dersuessestopp.com\/hu\/wp-json\/wp\/v2\/media?parent=9902"}],"wp:term":[{"taxonomy":"product_brand","embeddable":true,"href":"https:\/\/dersuessestopp.com\/hu\/wp-json\/wp\/v2\/product_brand?post=9902"},{"taxonomy":"product_cat","embeddable":true,"href":"https:\/\/dersuessestopp.com\/hu\/wp-json\/wp\/v2\/product_cat?post=9902"},{"taxonomy":"product_tag","embeddable":true,"href":"https:\/\/dersuessestopp.com\/hu\/wp-json\/wp\/v2\/product_tag?post=9902"}],"curies":[{"name":"wp","href":"https:\/\/api.w.org\/{rel}","templated":true}]}}