{"id":9900,"date":"2025-09-28T03:49:05","date_gmt":"2025-09-28T03:49:05","guid":{"rendered":"https:\/\/dersuessestopp.com\/product\/aquila-uv-led-printer\/"},"modified":"2025-09-28T04:09:55","modified_gmt":"2025-09-28T04:09:55","slug":"aquila-uv-led-nyomtato","status":"publish","type":"product","link":"https:\/\/dersuessestopp.com\/hu\/product\/aquila-uv-led-printer\/","title":{"rendered":"AQUILA UV LED nyomtat\u00f3"},"content":{"rendered":"<p>AQUILA UV LED - lengyel kis form\u00e1tum\u00fa UV LED nyomtat\u00f3 Az IMAGO kis form\u00e1tum\u00fa UV LED nyomtat\u00f3j\u00e1val megsz\u00fcnteti a k\u00fcls\u0151 v\u00e1llalkoz\u00f3k sz\u00fcks\u00e9gess\u00e9g\u00e9t, \u00e9s teljes m\u00e9rt\u00e9kben \u00e1tveszi az ir\u00e1ny\u00edt\u00e1st v\u00e1llalkoz\u00e1sa felett. A k\u00e9sz\u00fcl\u00e9k ide\u00e1lis olyan v\u00e1llalatok sz\u00e1m\u00e1ra, amelyek saj\u00e1t m\u00e1rk\u00e1s term\u00e9kek gy\u00e1rt\u00e1s\u00e1t szeretn\u00e9k megkezdeni. Ugyanakkor a nagy\u00fczemi gy\u00e1rt\u00e1sra \u00f6sszpontos\u00edt\u00f3 v\u00e1llalatok lehet\u0151s\u00e9get kapnak az egyedi megrendel\u00e9sek teljes\u00edt\u00e9s\u00e9re \u00e9s a szem\u00e9lyre szab\u00e1s lehet\u0151s\u00e9g\u00e9re. Feh\u00e9r tinta recirkul\u00e1ci\u00f3s \u00e9s kever\u0151rendszer Ezek a saj\u00e1t fejleszt\u00e9s\u0171 megold\u00e1saink, amelyek megakad\u00e1lyozz\u00e1k a feh\u00e9r tinta kisz\u00e1rad\u00e1s\u00e1t a palackokban \u00e9s t\u00f6ml\u0151kben. Emellett a k\u00e9szenl\u00e9ti \u00fczemm\u00f3d lehet\u0151v\u00e9 teszi, hogy a nyomtat\u00f3k hossz\u00fa \u00e1ll\u00e1sid\u0151k alatt is teljes m\u00e9rt\u00e9kben m\u0171k\u00f6d\u0151k\u00e9pesek maradjanak, nagyon alacsony energiafogyaszt\u00e1s mellett. A nyomtat\u00f3rendszer \u00e9lettartam\u00e1t n\u00f6vel\u0151 rendszerek. Az UV LED-es nyomtat\u00f3nkban haszn\u00e1lt porelsz\u00edv\u00f3 rendszer lehet\u0151v\u00e9 teszi, hogy egyenetlen fel\u00fcletekre \u00e9s poros anyagokra nyomtasson an\u00e9lk\u00fcl, hogy agg\u00f3dnia kellene a nyomtat\u00f3rendszer \u00e1llapota miatt. Emellett a fekete munkaasztal megakad\u00e1lyozza, hogy a tinta r\u00e9szecsk\u00e9k megkem\u00e9nyedjenek a nyomtat\u00f3fejen. Megfelel\u0151en kiv\u00e1lasztott UV LED-l\u00e1mpa A k\u00e9sz\u00fcl\u00e9kben haszn\u00e1lt l\u00e9gh\u0171t\u00e9ses UV LED-l\u00e1mpa karbantart\u00e1smentes, \u00e9s m\u0171k\u00f6d\u00e9s k\u00f6zben nem ig\u00e9nyel figyelmet. Az UV LED-l\u00e1mpa megfelel\u0151 teljes\u00edtm\u00e9nybe\u00e1ll\u00edt\u00e1sa lehet\u0151v\u00e9 teszi a h\u0151\u00e9rz\u00e9keny term\u00e9kek nyomtat\u00e1s\u00e1t a term\u00e9k deform\u00e1l\u00f3d\u00e1s\u00e1nak vesz\u00e9lye n\u00e9lk\u00fcl. Kism\u00e9ret\u0171 UV LED nyomtat\u00f3 a szem\u00e9lyre szab\u00e1shoz A kis form\u00e1tum\u00fa k\u00e9sz\u00fcl\u00e9k k\u00e9nyelmes megold\u00e1s, amely j\u00f3l haszn\u00e1lhat\u00f3 a rekl\u00e1m-, turisztikai \u00e9s esk\u00fcv\u0151i ipar\u00e1gakban, valamint a nyomd\u00e1kban. Ezenk\u00edv\u00fcl a vonalz\u00f3val \u00e9s a hozz\u00e1 ill\u0151 szersz\u00e1mokkal ell\u00e1tott asztal biztos\u00edtja a kis m\u00e9ret\u0171 term\u00e9kek k\u00f6nny\u0171 pozicion\u00e1l\u00e1s\u00e1t. Jelz\u0151rendszerek \u00e9s intuit\u00edv szervizm\u00f3d A g\u00e9pben haszn\u00e1lt rendszerek lehet\u0151v\u00e9 teszik a k\u00e9sz\u00fcl\u00e9k egyszer\u0171 kezel\u00e9s\u00e9t. A jelz\u0151rendszerek t\u00e1j\u00e9koztatj\u00e1k \u00d6nt, ha sz\u00fcks\u00e9ges a tinta \u00fajrat\u00f6lt\u00e9se vagy a fogy\u00f3anyagtart\u00e1ly ki\u00fcr\u00edt\u00e9se. Az Aquila UV LED szint\u00e9n t\u00e1j\u00e9koztatja \u00d6nt, ha a nyomtat\u00e1s befejez\u0151d\u00f6tt.<\/p>","protected":false},"excerpt":{"rendered":"<p>Az IMAGO kis form\u00e1tum\u00fa UV LED nyomtat\u00f3j\u00e1val megsz\u00fcnteti a k\u00fcls\u0151 v\u00e1llalkoz\u00f3k ig\u00e9nybev\u00e9tel\u00e9t, \u00e9s teljes m\u00e9rt\u00e9kben \u00e1tveheti az ir\u00e1ny\u00edt\u00e1st v\u00e1llalkoz\u00e1sa felett.<\/p>","protected":false},"featured_media":9899,"comment_status":"open","ping_status":"closed","template":"","meta":[],"product_brand":[],"product_cat":[83,38,77],"product_tag":[],"class_list":{"0":"post-9900","1":"product","2":"type-product","3":"status-publish","4":"has-post-thumbnail","6":"product_cat-devices","7":"product_cat-imago-food-printers","8":"product_cat-uv-led-printers","10":"first","11":"instock","12":"shipping-taxable","13":"purchasable","14":"product-type-simple"},"_links":{"self":[{"href":"https:\/\/dersuessestopp.com\/hu\/wp-json\/wp\/v2\/product\/9900","targetHints":{"allow":["GET"]}}],"collection":[{"href":"https:\/\/dersuessestopp.com\/hu\/wp-json\/wp\/v2\/product"}],"about":[{"href":"https:\/\/dersuessestopp.com\/hu\/wp-json\/wp\/v2\/types\/product"}],"replies":[{"embeddable":true,"href":"https:\/\/dersuessestopp.com\/hu\/wp-json\/wp\/v2\/comments?post=9900"}],"version-history":[{"count":1,"href":"https:\/\/dersuessestopp.com\/hu\/wp-json\/wp\/v2\/product\/9900\/revisions"}],"predecessor-version":[{"id":9981,"href":"https:\/\/dersuessestopp.com\/hu\/wp-json\/wp\/v2\/product\/9900\/revisions\/9981"}],"wp:featuredmedia":[{"embeddable":true,"href":"https:\/\/dersuessestopp.com\/hu\/wp-json\/wp\/v2\/media\/9899"}],"wp:attachment":[{"href":"https:\/\/dersuessestopp.com\/hu\/wp-json\/wp\/v2\/media?parent=9900"}],"wp:term":[{"taxonomy":"product_brand","embeddable":true,"href":"https:\/\/dersuessestopp.com\/hu\/wp-json\/wp\/v2\/product_brand?post=9900"},{"taxonomy":"product_cat","embeddable":true,"href":"https:\/\/dersuessestopp.com\/hu\/wp-json\/wp\/v2\/product_cat?post=9900"},{"taxonomy":"product_tag","embeddable":true,"href":"https:\/\/dersuessestopp.com\/hu\/wp-json\/wp\/v2\/product_tag?post=9900"}],"curies":[{"name":"wp","href":"https:\/\/api.w.org\/{rel}","templated":true}]}}