{"id":9898,"date":"2025-09-28T03:48:57","date_gmt":"2025-09-28T03:48:57","guid":{"rendered":"https:\/\/dersuessestopp.com\/product\/aquila-nanosolvent-printer\/"},"modified":"2025-09-28T04:09:55","modified_gmt":"2025-09-28T04:09:55","slug":"aquila-nanoszolvens-nyomtato","status":"publish","type":"product","link":"https:\/\/dersuessestopp.com\/hu\/product\/aquila-nanosolvent-printer\/","title":{"rendered":"AQUILA nanoszolvens nyomtat\u00f3"},"content":{"rendered":"<p>AQUILA Nanosolvent - prec\u00edz nyomtat\u00e1s nagyon kis tintacseppekkel A nanoprinting technol\u00f3gi\u00e1j\u00fa nyomtat\u00f3k ide\u00e1lisak a neh\u00e9z anyagok speci\u00e1lis jel\u00f6l\u00e9s\u00e9re. A tinta behatol az anyag szerkezet\u00e9be, ami azt jelenti, hogy a grafika alkalmazkodik a hordoz\u00f3 szerkezet\u00e9hez, \u00e9s azzal egy\u00fctt deform\u00e1l\u00f3dik. Digit\u00e1lis nyomtat\u00f3k speci\u00e1lis feladatokhoz. Az AQUILA Nanosolvent digit\u00e1lis nyomtat\u00f3 egy speci\u00e1lis feladatokra sz\u00e1nt eszk\u00f6z. Mindez a por\u00f3zus hordoz\u00f3kba behatol\u00f3 nanoszerkezet\u0171 tint\u00e1k technol\u00f3gi\u00e1j\u00e1nak k\u00f6sz\u00f6nhet\u0151. Ennek eredm\u00e9nyek\u00e9ppen a grafik\u00e1k eszt\u00e9tikusak \u00e9s reag\u00e1lnak minden deform\u00e1ci\u00f3ra. Ugyanakkor a nyomtat\u00e1s tart\u00f3s \u00e9s ellen\u00e1ll a mechanikai s\u00e9r\u00fcl\u00e9seknek.  Ez lehet\u0151v\u00e9 teszi, hogy egyedi kompoz\u00edci\u00f3kat hozzon l\u00e9tre gyerty\u00e1kon, bor\u00edt\u00f3kon vagy poh\u00e1ral\u00e1t\u00e9teken. Kiv\u00e1l\u00f3 min\u0151s\u00e9g\u0171 nyomtat\u00e1s f\u00e1ra, paraf\u00e1ra vagy b\u0151rre. Az AQUILA Nanosolvent k\u00e9sz\u00fcl\u00e9kek 5760 x 1440 dpi felbont\u00e1s\u00fa, kiv\u00e1l\u00f3 min\u0151s\u00e9g\u0171 nyomtat\u00e1st biztos\u00edtanak. Ez garant\u00e1lja a nyomtatott k\u00e9p r\u00e9szletess\u00e9g\u00e9t habos\u00edtott PVC-re, gyerty\u00e1kra, paraf\u00e1ra, b\u0151rre vagy f\u00e1ra. A sz\u00ednm\u00e9lys\u00e9g a v\u00e9gterm\u00e9kek eszt\u00e9tikum\u00e1ban \u00e9s pontoss\u00e1g\u00e1ban mutatkozik meg. Egyszer\u0171 term\u00e9kszem\u00e9lyes\u00edt\u00e9s Az AQUILA Nanosolvent egy kis form\u00e1tum\u00fa digit\u00e1lis nyomtat\u00f3, amely lehet\u0151v\u00e9 teszi a szem\u00e9lyre szabott megrendel\u00e9sek teljes\u00edt\u00e9s\u00e9t. \u00cdgy megk\u00fcl\u00f6nb\u00f6ztetheti term\u00e9keit, \u00e9s alkalmazkodhat a v\u00e1ltoz\u00f3 alkalmakhoz, p\u00e9ld\u00e1ul \u00fcnnepekhez, Valentin-naphoz vagy n\u0151naphoz. A k\u00e9sz\u00fcl\u00e9ket k\u00f6nny\u0171 b\u00e1rmilyen projekthez igaz\u00edtani, \u00e9s a m\u0171k\u00f6dtet\u00e9se, valamint a term\u00e9kek pozicion\u00e1l\u00e1sa nagyon egyszer\u0171. Akt\u00edv nyomdasz\u00e1r\u00edt\u00f3 rendszer Az AQUILA Nanosolvent k\u00e9sz\u00fcl\u00e9k akt\u00edv sz\u00e1r\u00edt\u00f3rendszerrel van felszerelve. Ez felgyors\u00edtja az old\u00f3szer elp\u00e1rolg\u00e1s\u00e1t \u00e9s a tinta behatol\u00e1s\u00e1t a hordoz\u00f3ba. Ez lehet\u0151v\u00e9 teszi a nagyobb sz\u00edntel\u00edtetts\u00e9get \u00e9s a finom r\u00e9szletek, kis bet\u0171t\u00edpusok \u00e9s szimb\u00f3lumok nyomtat\u00e1s\u00e1t. tiszt\u00edt\u00f3folyad\u00e9kkal ell\u00e1tott nyomtat\u00f3fej A nyomtat\u00f3ban haszn\u00e1lt, tiszt\u00edt\u00f3folyad\u00e9k-csatorn\u00e1kkal ell\u00e1tott tintarendszer cs\u00f6kkenti a nyomtat\u00f3fej \u00e9s a k\u00e9sz\u00fcl\u00e9k fogy\u00f3 alkatr\u00e9szeinek elt\u00f6m\u0151d\u00e9s\u00e9vel kapcsolatos probl\u00e9m\u00e1kat.<\/p>","protected":false},"excerpt":{"rendered":"<p>A nanoprinting technol\u00f3gi\u00e1j\u00fa nyomtat\u00f3k ide\u00e1lisak a neh\u00e9z anyagok speci\u00e1lis jel\u00f6l\u00e9s\u00e9re.<\/p>","protected":false},"featured_media":9897,"comment_status":"open","ping_status":"closed","template":"","meta":[],"product_brand":[],"product_cat":[83,38,94],"product_tag":[],"class_list":{"0":"post-9898","1":"product","2":"type-product","3":"status-publish","4":"has-post-thumbnail","6":"product_cat-devices","7":"product_cat-imago-food-printers","8":"product_cat-printers-nanosolvent","10":"first","11":"instock","12":"shipping-taxable","13":"purchasable","14":"product-type-simple"},"_links":{"self":[{"href":"https:\/\/dersuessestopp.com\/hu\/wp-json\/wp\/v2\/product\/9898","targetHints":{"allow":["GET"]}}],"collection":[{"href":"https:\/\/dersuessestopp.com\/hu\/wp-json\/wp\/v2\/product"}],"about":[{"href":"https:\/\/dersuessestopp.com\/hu\/wp-json\/wp\/v2\/types\/product"}],"replies":[{"embeddable":true,"href":"https:\/\/dersuessestopp.com\/hu\/wp-json\/wp\/v2\/comments?post=9898"}],"version-history":[{"count":1,"href":"https:\/\/dersuessestopp.com\/hu\/wp-json\/wp\/v2\/product\/9898\/revisions"}],"predecessor-version":[{"id":9982,"href":"https:\/\/dersuessestopp.com\/hu\/wp-json\/wp\/v2\/product\/9898\/revisions\/9982"}],"wp:featuredmedia":[{"embeddable":true,"href":"https:\/\/dersuessestopp.com\/hu\/wp-json\/wp\/v2\/media\/9897"}],"wp:attachment":[{"href":"https:\/\/dersuessestopp.com\/hu\/wp-json\/wp\/v2\/media?parent=9898"}],"wp:term":[{"taxonomy":"product_brand","embeddable":true,"href":"https:\/\/dersuessestopp.com\/hu\/wp-json\/wp\/v2\/product_brand?post=9898"},{"taxonomy":"product_cat","embeddable":true,"href":"https:\/\/dersuessestopp.com\/hu\/wp-json\/wp\/v2\/product_cat?post=9898"},{"taxonomy":"product_tag","embeddable":true,"href":"https:\/\/dersuessestopp.com\/hu\/wp-json\/wp\/v2\/product_tag?post=9898"}],"curies":[{"name":"wp","href":"https:\/\/api.w.org\/{rel}","templated":true}]}}