{"id":9896,"date":"2025-09-28T03:48:45","date_gmt":"2025-09-28T03:48:45","guid":{"rendered":"https:\/\/dersuessestopp.com\/product\/falco-aluminium-printer\/"},"modified":"2025-09-28T04:09:55","modified_gmt":"2025-09-28T04:09:55","slug":"falco-aluminium-nyomtato","status":"publish","type":"product","link":"https:\/\/dersuessestopp.com\/hu\/product\/falco-aluminium-printer\/","title":{"rendered":"FALCO alum\u00ednium nyomtat\u00f3"},"content":{"rendered":"<p>FALCO Aluminium - elpuszt\u00edthatatlan rakt\u00e1ri c\u00edmk\u00e9k elox\u00e1lt alum\u00edniumb\u00f3l A FALCO Aluminium k\u00e9sz\u00fcl\u00e9k lehet\u0151v\u00e9 teszi az elpuszt\u00edthatatlan rakt\u00e1ri c\u00edmk\u00e9k gy\u00e1rt\u00e1s\u00e1t k\u00f6zvetlen\u00fcl a felhaszn\u00e1l\u00e1s hely\u00e9n. Ez cs\u00f6kkenti a gy\u00e1rt\u00e1si id\u0151t \u00e9s a k\u00f6lts\u00e9geket. Tart\u00f3s rakt\u00e1ri c\u00edmk\u00e9ket keres? Fedezze fel a FALCO Aluminium lehet\u0151s\u00e9geit. Nagy pontoss\u00e1g\u00fa nyomtat\u00e1s elox\u00e1lt alum\u00edniumra A FALCO Aluminium k\u00e9sz\u00fcl\u00e9k ide\u00e1lis olyan alkalmaz\u00e1sokhoz, ahol fontos a nyomtat\u00e1si min\u0151s\u00e9g, a tart\u00f3ss\u00e1g \u00e9s a k\u00e9szterm\u00e9kek r\u00f6vid \u00e1tfut\u00e1si ideje. R\u00e1ad\u00e1sul a nyomtat\u00e1s nagyon pontos \u00e9s minden term\u00e9ken megism\u00e9telhet\u0151. Teljes technol\u00f3giai csomag f\u00e9mre t\u00f6rt\u00e9n\u0151 nyomtat\u00e1shoz A nyomatok pontoss\u00e1g\u00e1nak \u00e9s tart\u00f3ss\u00e1g\u00e1nak tov\u00e1bbi n\u00f6vel\u00e9se \u00e9rdek\u00e9ben kifejlesztett\u00fcnk egy technol\u00f3giai csomagot, amely a k\u00f6vetkez\u0151ket tartalmazza: a FALCO Aluminium k\u00e9sz\u00fcl\u00e9ket \u00e9s a Technology Tub-ot, egy olyan alkalmaz\u00e1st, amely a nyomtatott f\u00e9mlemezek lez\u00e1r\u00e1s\u00e1val n\u00f6veli a tart\u00f3ss\u00e1got. Folyamatos sorozatgy\u00e1rt\u00e1s A Falco Aluminium folyamatos sorozatgy\u00e1rt\u00e1sra k\u00e9sz\u00fclt k\u00f6zvetlen\u00fcl a rakt\u00e1ri c\u00edmk\u00e9k gy\u00e1rt\u00e1si hely\u00e9n. Tart\u00f3s konstrukci\u00f3ja \u00e9s intuit\u00edv szerviz\u00fczemm\u00f3dja r\u00e9v\u00e9n nem kell agg\u00f3dnia a termel\u00e9s le\u00e1ll\u00e1sa miatt! Alacsony k\u00f6lts\u00e9gek \u00e9s egyszer\u0171 logisztika a rakt\u00e1ri c\u00edmk\u00e9k k\u00e9sz\u00edt\u00e9s\u00e9n\u00e9l Az elox\u00e1lt alum\u00edniumra t\u00f6rt\u00e9n\u0151 nyomtat\u00e1si technol\u00f3gia alkalmaz\u00e1sa cs\u00f6kkenti a gy\u00e1rt\u00e1si id\u0151t, cs\u00f6kkenti a k\u00f6lts\u00e9geket, \u00e9s megk\u00f6nny\u00edti a rakt\u00e1ri jel\u00f6l\u00e9sek el\u0151\u00e1ll\u00edt\u00e1s\u00e1nak logisztik\u00e1j\u00e1t az \u00d6n v\u00e1llalat\u00e1n\u00e1l. Egy oper\u00e1tor munkanapja alatt ak\u00e1r 500 c\u00edmke is el\u0151\u00e1ll\u00edthat\u00f3, \u00e9s 1 darab el\u0151\u00e1ll\u00edt\u00e1s\u00e1nak \u00f6sszk\u00f6lts\u00e9ge mind\u00f6ssze 3 PLN! K\u00f6nnyen kezelhet\u0151 \u00e9s probl\u00e9mamentes m\u0171k\u00f6d\u00e9s Az alum\u00ednium nyomtat\u00f3k m\u0171k\u00f6d\u00e9se intuit\u00edv, \u00edgy az alapfok\u00fa betan\u00edt\u00e1s ut\u00e1n minden alkalmazott k\u00e9pes lesz a legmagasabb min\u0151s\u00e9g\u0171 k\u00e9szterm\u00e9k elk\u00e9sz\u00edt\u00e9s\u00e9re. A f\u00e9lautomata tiszt\u00edt\u00f3rendszer n\u00f6veli a nyomtat\u00f3fej \u00e9lettartam\u00e1t, a csepeg\u00e9smentes palackrendszer pedig gyors \u00e9s k\u00e9nyelmes m\u0171k\u00f6d\u00e9st garant\u00e1l.<\/p>","protected":false},"excerpt":{"rendered":"<p>A FALCO Aluminium k\u00e9sz\u00fcl\u00e9k lehet\u0151v\u00e9 teszi az elpuszt\u00edthatatlan rakt\u00e1rc\u00edmk\u00e9k el\u0151\u00e1ll\u00edt\u00e1s\u00e1t k\u00f6zvetlen\u00fcl a felhaszn\u00e1l\u00e1s hely\u00e9n.<\/p>","protected":false},"featured_media":9895,"comment_status":"open","ping_status":"closed","template":"","meta":[],"product_brand":[],"product_cat":[83,79,38],"product_tag":[],"class_list":{"0":"post-9896","1":"product","2":"type-product","3":"status-publish","4":"has-post-thumbnail","6":"product_cat-devices","7":"product_cat-printers-for-aluminum","8":"product_cat-imago-food-printers","10":"first","11":"instock","12":"shipping-taxable","13":"purchasable","14":"product-type-simple"},"_links":{"self":[{"href":"https:\/\/dersuessestopp.com\/hu\/wp-json\/wp\/v2\/product\/9896","targetHints":{"allow":["GET"]}}],"collection":[{"href":"https:\/\/dersuessestopp.com\/hu\/wp-json\/wp\/v2\/product"}],"about":[{"href":"https:\/\/dersuessestopp.com\/hu\/wp-json\/wp\/v2\/types\/product"}],"replies":[{"embeddable":true,"href":"https:\/\/dersuessestopp.com\/hu\/wp-json\/wp\/v2\/comments?post=9896"}],"version-history":[{"count":1,"href":"https:\/\/dersuessestopp.com\/hu\/wp-json\/wp\/v2\/product\/9896\/revisions"}],"predecessor-version":[{"id":9983,"href":"https:\/\/dersuessestopp.com\/hu\/wp-json\/wp\/v2\/product\/9896\/revisions\/9983"}],"wp:featuredmedia":[{"embeddable":true,"href":"https:\/\/dersuessestopp.com\/hu\/wp-json\/wp\/v2\/media\/9895"}],"wp:attachment":[{"href":"https:\/\/dersuessestopp.com\/hu\/wp-json\/wp\/v2\/media?parent=9896"}],"wp:term":[{"taxonomy":"product_brand","embeddable":true,"href":"https:\/\/dersuessestopp.com\/hu\/wp-json\/wp\/v2\/product_brand?post=9896"},{"taxonomy":"product_cat","embeddable":true,"href":"https:\/\/dersuessestopp.com\/hu\/wp-json\/wp\/v2\/product_cat?post=9896"},{"taxonomy":"product_tag","embeddable":true,"href":"https:\/\/dersuessestopp.com\/hu\/wp-json\/wp\/v2\/product_tag?post=9896"}],"curies":[{"name":"wp","href":"https:\/\/api.w.org\/{rel}","templated":true}]}}