{"id":9894,"date":"2025-09-28T03:48:32","date_gmt":"2025-09-28T03:48:32","guid":{"rendered":"https:\/\/dersuessestopp.com\/product\/protective-cover-for-falco-devices\/"},"modified":"2025-09-28T04:09:55","modified_gmt":"2025-09-28T04:09:55","slug":"vedoburkolat-a-falco-keszulekekhez","status":"publish","type":"product","link":"https:\/\/dersuessestopp.com\/hu\/product\/protective-cover-for-falco-devices\/","title":{"rendered":"V\u00e9d\u0151burkolat a FALCO k\u00e9sz\u00fcl\u00e9kekhez"},"content":{"rendered":"","protected":false},"excerpt":{"rendered":"<p>FALCO sorozat\u00fa nyomtat\u00f3kra (FALCO cukr\u00e1sz plotter \u00e9s FALCO Aluminium) szabott v\u00e9d\u0151burkolat.<\/p>","protected":false},"featured_media":9892,"comment_status":"open","ping_status":"closed","template":"","meta":[],"product_brand":[],"product_cat":[93,90,38],"product_tag":[],"class_list":{"0":"post-9894","1":"product","2":"type-product","3":"status-publish","4":"has-post-thumbnail","6":"product_cat-covers","7":"product_cat-printer-accessories","8":"product_cat-imago-food-printers","10":"first","11":"instock","12":"shipping-taxable","13":"purchasable","14":"product-type-simple"},"_links":{"self":[{"href":"https:\/\/dersuessestopp.com\/hu\/wp-json\/wp\/v2\/product\/9894","targetHints":{"allow":["GET"]}}],"collection":[{"href":"https:\/\/dersuessestopp.com\/hu\/wp-json\/wp\/v2\/product"}],"about":[{"href":"https:\/\/dersuessestopp.com\/hu\/wp-json\/wp\/v2\/types\/product"}],"replies":[{"embeddable":true,"href":"https:\/\/dersuessestopp.com\/hu\/wp-json\/wp\/v2\/comments?post=9894"}],"version-history":[{"count":1,"href":"https:\/\/dersuessestopp.com\/hu\/wp-json\/wp\/v2\/product\/9894\/revisions"}],"predecessor-version":[{"id":9985,"href":"https:\/\/dersuessestopp.com\/hu\/wp-json\/wp\/v2\/product\/9894\/revisions\/9985"}],"wp:featuredmedia":[{"embeddable":true,"href":"https:\/\/dersuessestopp.com\/hu\/wp-json\/wp\/v2\/media\/9892"}],"wp:attachment":[{"href":"https:\/\/dersuessestopp.com\/hu\/wp-json\/wp\/v2\/media?parent=9894"}],"wp:term":[{"taxonomy":"product_brand","embeddable":true,"href":"https:\/\/dersuessestopp.com\/hu\/wp-json\/wp\/v2\/product_brand?post=9894"},{"taxonomy":"product_cat","embeddable":true,"href":"https:\/\/dersuessestopp.com\/hu\/wp-json\/wp\/v2\/product_cat?post=9894"},{"taxonomy":"product_tag","embeddable":true,"href":"https:\/\/dersuessestopp.com\/hu\/wp-json\/wp\/v2\/product_tag?post=9894"}],"curies":[{"name":"wp","href":"https:\/\/api.w.org\/{rel}","templated":true}]}}