{"id":9891,"date":"2025-09-28T03:48:30","date_gmt":"2025-09-28T03:48:30","guid":{"rendered":"https:\/\/dersuessestopp.com\/product\/base-die-base-for-positioning-the-upper-part-of-the-die\/"},"modified":"2025-09-28T04:38:56","modified_gmt":"2025-09-28T04:38:56","slug":"a-szerszam-felso-reszenek-elhelyezesere-szolgalo-szerszamalapzat","status":"publish","type":"product","link":"https:\/\/dersuessestopp.com\/hu\/product\/base-die-base-for-positioning-the-upper-part-of-the-die\/","title":{"rendered":"BASE szersz\u00e1m - a szersz\u00e1m fels\u0151 r\u00e9sz\u00e9nek pozicion\u00e1l\u00e1s\u00e1ra szolg\u00e1l\u00f3 b\u00e1zis"},"content":{"rendered":"<p>IMAGO szersz\u00e1mgy\u00e1rt\u00e1s Szersz\u00e1maink a jap\u00e1n Poka-Yoke gy\u00e1rt\u00e1sir\u00e1ny\u00edt\u00e1si rendszer szerint k\u00e9sz\u00fclnek. A szersz\u00e1m k\u00e9t elemb\u0151l \u00e1ll: egy alapb\u00f3l \u00e9s egy levehet\u0151 fels\u0151 r\u00e9szb\u0151l. A term\u00e9keket a fels\u0151 r\u00e9szre helyezik, amely egy adott alakhoz igazodik. A szersz\u00e1m fels\u0151 r\u00e9sze csak egy ir\u00e1nyban poz\u00edcion\u00e1lhat\u00f3, \u00edgy elker\u00fclhet\u0151k a k\u00f6lts\u00e9ges hib\u00e1k \u00e9s a term\u00e9kkorrekci\u00f3kra elvesztegetett id\u0151. Az \u00d6n term\u00e9k\u00e9re szabott szersz\u00e1mok A szersz\u00e1mokat egyedi \u00fcgyf\u00e9lmegrendel\u00e9sre gy\u00e1rtjuk, \u00edgy azok a kiv\u00e1lasztott term\u00e9khez igazodnak. A szersz\u00e1mokat az IMAGO digit\u00e1lis nyomtat\u00f3k munkaasztalaihoz igaz\u00edtjuk. Ez\u00e1ltal gyors \u00e9s egyszer\u0171 a beszerel\u00e9s\u00fck. Minden egyes szersz\u00e1mhoz grafikus f\u00e1jl is k\u00e9sz\u00fcl, amely reproduk\u00e1lja annak alakj\u00e1t. Ez megk\u00f6nny\u00edti a grafik\u00e1k sz\u00e1m\u00edt\u00f3g\u00e9pen t\u00f6rt\u00e9n\u0151 alkalmaz\u00e1s\u00e1t egy t\u00e9telnyi term\u00e9kre. A f\u00e9nyk\u00e9pes k\u00e9pmin\u0151s\u00e9g, a r\u00e9szletekre val\u00f3 odafigyel\u00e9s, a pontoss\u00e1g \u00e9s a nyomtat\u00e1s megism\u00e9telhet\u0151s\u00e9ge megk\u00f6nny\u00edti \u00e9s felgyors\u00edtja a munk\u00e1t az \u00d6n v\u00e1llalat\u00e1n\u00e1l. A t\u00f6meggy\u00e1rt\u00e1s felgyors\u00edt\u00e1sa UV LED nyomtat\u00f3val A matric\u00e1k racionaliz\u00e1lj\u00e1k a munk\u00e1t, \u00e9s jelent\u0151sen cs\u00f6kkentik a term\u00e9kt\u00e9telek \u00e1tfut\u00e1si idej\u00e9t. Megk\u00f6nny\u00edtik a prom\u00f3ci\u00f3s term\u00e9kek, tollak vagy egyedi form\u00e1j\u00fa kism\u00e9ret\u0171 term\u00e9kek elhelyez\u00e9s\u00e9t. Form\u00e1k \u00e9s \u00e9lelmiszer-nyomtat\u00f3k Az UV LED-nyomtat\u00f3khoz hasonl\u00f3an egyedi form\u00e1kat k\u00e9sz\u00edt\u00fcnk az \u00e9lelmiszer-plotterekhez is. Ezek megk\u00f6nny\u00edtik a munk\u00e1t \u00e9s felgyors\u00edtj\u00e1k a dekor\u00e1ci\u00f3s folyamatot. Ez az eszk\u00f6z akkor m\u0171k\u00f6dik a legjobban, ha nagysz\u00e1m\u00fa kism\u00e9ret\u0171 term\u00e9ket nyomtat. Egy \u00f3ra alatt p\u00e9ld\u00e1ul ak\u00e1r 900 macaron is d\u00edsz\u00edthet\u0151. Mind\u00f6ssze egy alapra \u00e9s egy v\u00e1ltoztathat\u00f3 fels\u0151 r\u00e9szre van sz\u00fcks\u00e9ge a term\u00e9k alakj\u00e1ban.<\/p>","protected":false},"excerpt":{"rendered":"<p>Sok kis term\u00e9ket jel\u00f6l meg? Ism\u00e9tl\u0151d\u0151 a gy\u00e1rt\u00e1sa? A szersz\u00e1mok t\u00f6k\u00e9letes megold\u00e1st jelentenek az \u00d6n sz\u00e1m\u00e1ra. Megk\u00f6nny\u00edtik a kis m\u00e9ret\u0171 term\u00e9kek pozicion\u00e1l\u00e1s\u00e1t, kik\u00fcsz\u00f6b\u00f6lik a hibakock\u00e1zatot, \u00e9s felgyors\u00edtj\u00e1k a sorozatgy\u00e1rt\u00e1st.<\/p>","protected":false},"featured_media":9890,"comment_status":"open","ping_status":"closed","template":"","meta":[],"product_brand":[],"product_cat":[92,38],"product_tag":[],"class_list":{"0":"post-9891","1":"product","2":"type-product","3":"status-publish","4":"has-post-thumbnail","6":"product_cat-dies","7":"product_cat-imago-food-printers","9":"first","10":"instock","11":"shipping-taxable","12":"purchasable","13":"product-type-simple"},"_links":{"self":[{"href":"https:\/\/dersuessestopp.com\/hu\/wp-json\/wp\/v2\/product\/9891","targetHints":{"allow":["GET"]}}],"collection":[{"href":"https:\/\/dersuessestopp.com\/hu\/wp-json\/wp\/v2\/product"}],"about":[{"href":"https:\/\/dersuessestopp.com\/hu\/wp-json\/wp\/v2\/types\/product"}],"replies":[{"embeddable":true,"href":"https:\/\/dersuessestopp.com\/hu\/wp-json\/wp\/v2\/comments?post=9891"}],"version-history":[{"count":1,"href":"https:\/\/dersuessestopp.com\/hu\/wp-json\/wp\/v2\/product\/9891\/revisions"}],"predecessor-version":[{"id":9986,"href":"https:\/\/dersuessestopp.com\/hu\/wp-json\/wp\/v2\/product\/9891\/revisions\/9986"}],"wp:featuredmedia":[{"embeddable":true,"href":"https:\/\/dersuessestopp.com\/hu\/wp-json\/wp\/v2\/media\/9890"}],"wp:attachment":[{"href":"https:\/\/dersuessestopp.com\/hu\/wp-json\/wp\/v2\/media?parent=9891"}],"wp:term":[{"taxonomy":"product_brand","embeddable":true,"href":"https:\/\/dersuessestopp.com\/hu\/wp-json\/wp\/v2\/product_brand?post=9891"},{"taxonomy":"product_cat","embeddable":true,"href":"https:\/\/dersuessestopp.com\/hu\/wp-json\/wp\/v2\/product_cat?post=9891"},{"taxonomy":"product_tag","embeddable":true,"href":"https:\/\/dersuessestopp.com\/hu\/wp-json\/wp\/v2\/product_tag?post=9891"}],"curies":[{"name":"wp","href":"https:\/\/api.w.org\/{rel}","templated":true}]}}