{"id":9886,"date":"2025-09-28T03:48:21","date_gmt":"2025-09-28T03:48:21","guid":{"rendered":"https:\/\/dersuessestopp.com\/product\/processing-tank-for-falco-aluminium\/"},"modified":"2025-09-28T04:09:55","modified_gmt":"2025-09-28T04:09:55","slug":"feldolgozo-tartaly-falco-aluminiumhoz","status":"publish","type":"product","link":"https:\/\/dersuessestopp.com\/hu\/product\/processing-tank-for-falco-aluminium\/","title":{"rendered":"Feldolgoz\u00f3 tart\u00e1ly a FALCO Aluminium sz\u00e1m\u00e1ra"},"content":{"rendered":"<p>Nyomtat\u00e1s elox\u00e1lt alum\u00edniumra - el\u0151ny\u00f6k az \u00d6n v\u00e1llalkoz\u00e1sa sz\u00e1m\u00e1ra Az elox\u00e1lt alum\u00edniumra t\u00f6rt\u00e9n\u0151 nyomtat\u00e1s teljes technol\u00f3giai csomagja k\u00f6nnyen kezelhet\u0151 \u00e9s olcs\u00f3n \u00fczemeltethet\u0151. Az alum\u00edniumra t\u00f6rt\u00e9n\u0151 nyomtat\u00e1st nagyon nagy tart\u00f3ss\u00e1g \u00e9s a k\u00fcls\u0151 t\u00e9nyez\u0151kkel szembeni ellen\u00e1ll\u00e1s jellemzi. Egy k\u00e9sz 10 x 15 cm-es lemez 2 perc alatt nyomtathat\u00f3, \u00e9s a teljes k\u00f6lts\u00e9ge mind\u00f6ssze 3 PLN. A legjobb nyomtat\u00e1si min\u0151s\u00e9g \u00e9rdek\u00e9ben javasoljuk egy speci\u00e1lis s\u00f3 haszn\u00e1lat\u00e1t, amely r\u00e1ad\u00e1sul meg\u0151rzi az alum\u00ednium k\u00fcls\u0151 r\u00e9teg\u00e9t.<\/p>","protected":false},"excerpt":{"rendered":"<p>Az elox\u00e1lt alum\u00edniumra t\u00f6rt\u00e9n\u0151 nyomtat\u00e1ssal gyakorlatilag elpuszt\u00edthatatlan mint\u00e1k k\u00e9sz\u00edthet\u0151k rakt\u00e1ri c\u00edmk\u00e9k, inform\u00e1ci\u00f3s t\u00e1bl\u00e1k, vez\u00e9rl\u0151panelek, oklevelek \u00e9s tan\u00fas\u00edtv\u00e1nyok sz\u00e1m\u00e1ra.<\/p>","protected":false},"featured_media":9885,"comment_status":"open","ping_status":"closed","template":"","meta":[],"product_brand":[],"product_cat":[83,82,38],"product_tag":[],"class_list":{"0":"post-9886","1":"product","2":"type-product","3":"status-publish","4":"has-post-thumbnail","6":"product_cat-devices","7":"product_cat-peripheral-devices","8":"product_cat-imago-food-printers","10":"first","11":"instock","12":"shipping-taxable","13":"purchasable","14":"product-type-simple"},"_links":{"self":[{"href":"https:\/\/dersuessestopp.com\/hu\/wp-json\/wp\/v2\/product\/9886","targetHints":{"allow":["GET"]}}],"collection":[{"href":"https:\/\/dersuessestopp.com\/hu\/wp-json\/wp\/v2\/product"}],"about":[{"href":"https:\/\/dersuessestopp.com\/hu\/wp-json\/wp\/v2\/types\/product"}],"replies":[{"embeddable":true,"href":"https:\/\/dersuessestopp.com\/hu\/wp-json\/wp\/v2\/comments?post=9886"}],"version-history":[{"count":1,"href":"https:\/\/dersuessestopp.com\/hu\/wp-json\/wp\/v2\/product\/9886\/revisions"}],"predecessor-version":[{"id":9988,"href":"https:\/\/dersuessestopp.com\/hu\/wp-json\/wp\/v2\/product\/9886\/revisions\/9988"}],"wp:featuredmedia":[{"embeddable":true,"href":"https:\/\/dersuessestopp.com\/hu\/wp-json\/wp\/v2\/media\/9885"}],"wp:attachment":[{"href":"https:\/\/dersuessestopp.com\/hu\/wp-json\/wp\/v2\/media?parent=9886"}],"wp:term":[{"taxonomy":"product_brand","embeddable":true,"href":"https:\/\/dersuessestopp.com\/hu\/wp-json\/wp\/v2\/product_brand?post=9886"},{"taxonomy":"product_cat","embeddable":true,"href":"https:\/\/dersuessestopp.com\/hu\/wp-json\/wp\/v2\/product_cat?post=9886"},{"taxonomy":"product_tag","embeddable":true,"href":"https:\/\/dersuessestopp.com\/hu\/wp-json\/wp\/v2\/product_tag?post=9886"}],"curies":[{"name":"wp","href":"https:\/\/api.w.org\/{rel}","templated":true}]}}