{"id":9884,"date":"2025-09-28T03:48:07","date_gmt":"2025-09-28T03:48:07","guid":{"rendered":"https:\/\/dersuessestopp.com\/product\/acetone-cleaning-fluid-for-removing-uv-led-ink-100-ml\/"},"modified":"2025-09-28T04:09:56","modified_gmt":"2025-09-28T04:09:56","slug":"acetonos-tisztitofolyadek-uv-led-tinta-eltavolitasara-100-ml","status":"publish","type":"product","link":"https:\/\/dersuessestopp.com\/hu\/product\/acetone-cleaning-fluid-for-removing-uv-led-ink-100-ml\/","title":{"rendered":"Aceton - tiszt\u00edt\u00f3folyad\u00e9k az UV LED tinta elt\u00e1vol\u00edt\u00e1s\u00e1hoz - 100 ml"},"content":{"rendered":"","protected":false},"excerpt":{"rendered":"<p>Az aceton egy UV LED-nyomatok elt\u00e1vol\u00edt\u00e1s\u00e1ra tervezett tiszt\u00edt\u00f3folyad\u00e9k. Sz\u00e9lesk\u00f6r\u0171 felhaszn\u00e1l\u00e1si ter\u00fclet. Nem hagy feh\u00e9r maradv\u00e1nyt \u00e9s nagyon gyorsan elp\u00e1rolog.<\/p>","protected":false},"featured_media":9883,"comment_status":"open","ping_status":"closed","template":"","meta":[],"product_brand":[],"product_cat":[38,86],"product_tag":[],"class_list":{"0":"post-9884","1":"product","2":"type-product","3":"status-publish","4":"has-post-thumbnail","6":"product_cat-imago-food-printers","7":"product_cat-primers-and-cleaning-fluids","9":"first","10":"instock","11":"shipping-taxable","12":"purchasable","13":"product-type-simple"},"_links":{"self":[{"href":"https:\/\/dersuessestopp.com\/hu\/wp-json\/wp\/v2\/product\/9884","targetHints":{"allow":["GET"]}}],"collection":[{"href":"https:\/\/dersuessestopp.com\/hu\/wp-json\/wp\/v2\/product"}],"about":[{"href":"https:\/\/dersuessestopp.com\/hu\/wp-json\/wp\/v2\/types\/product"}],"replies":[{"embeddable":true,"href":"https:\/\/dersuessestopp.com\/hu\/wp-json\/wp\/v2\/comments?post=9884"}],"version-history":[{"count":1,"href":"https:\/\/dersuessestopp.com\/hu\/wp-json\/wp\/v2\/product\/9884\/revisions"}],"predecessor-version":[{"id":9990,"href":"https:\/\/dersuessestopp.com\/hu\/wp-json\/wp\/v2\/product\/9884\/revisions\/9990"}],"wp:featuredmedia":[{"embeddable":true,"href":"https:\/\/dersuessestopp.com\/hu\/wp-json\/wp\/v2\/media\/9883"}],"wp:attachment":[{"href":"https:\/\/dersuessestopp.com\/hu\/wp-json\/wp\/v2\/media?parent=9884"}],"wp:term":[{"taxonomy":"product_brand","embeddable":true,"href":"https:\/\/dersuessestopp.com\/hu\/wp-json\/wp\/v2\/product_brand?post=9884"},{"taxonomy":"product_cat","embeddable":true,"href":"https:\/\/dersuessestopp.com\/hu\/wp-json\/wp\/v2\/product_cat?post=9884"},{"taxonomy":"product_tag","embeddable":true,"href":"https:\/\/dersuessestopp.com\/hu\/wp-json\/wp\/v2\/product_tag?post=9884"}],"curies":[{"name":"wp","href":"https:\/\/api.w.org\/{rel}","templated":true}]}}