{"id":9882,"date":"2025-09-28T03:48:01","date_gmt":"2025-09-28T03:48:01","guid":{"rendered":"https:\/\/dersuessestopp.com\/product\/cleaner-solvent-cleaning-fluid-for-aquila-devices\/"},"modified":"2025-09-28T04:09:56","modified_gmt":"2025-09-28T04:09:56","slug":"tisztito-oldoszer-tisztitofolyadek-aquila-eszkozokhoz","status":"publish","type":"product","link":"https:\/\/dersuessestopp.com\/hu\/product\/cleaner-solvent-cleaning-fluid-for-aquila-devices\/","title":{"rendered":"Tiszt\u00edt\u00f3 old\u00f3szer - tiszt\u00edt\u00f3folyad\u00e9k Aquila k\u00e9sz\u00fcl\u00e9kekhez"},"content":{"rendered":"","protected":false},"excerpt":{"rendered":"<p>A Cleaner old\u00f3szer az Aquila Nanosolvent, Aquila Aluminum \u00e9s Aquila UV LED nyomtat\u00f3khoz tervezett tiszt\u00edt\u00f3folyad\u00e9k. Ez egy n\u00e9lk\u00fcl\u00f6zhetetlen anyag, amely t\u00f6k\u00e9letes \u00e1llapotban tartja a k\u00e9sz\u00fcl\u00e9ket, biztos\u00edtva a megb\u00edzhat\u00f3s\u00e1got \u00e9s a kiv\u00e1l\u00f3 nyomtat\u00e1si min\u0151s\u00e9get. UV LED \u00e9s Nanosolvent tint\u00e1kat haszn\u00e1l\u00f3 nyomtat\u00f3k nyomtat\u00f3fejeinek \u00e9s tiszt\u00edt\u00f3\u00e1llom\u00e1sainak tiszt\u00edt\u00e1s\u00e1ra szolg\u00e1l.<\/p>","protected":false},"featured_media":9881,"comment_status":"open","ping_status":"closed","template":"","meta":[],"product_brand":[],"product_cat":[86,38],"product_tag":[],"class_list":{"0":"post-9882","1":"product","2":"type-product","3":"status-publish","4":"has-post-thumbnail","6":"product_cat-primers-and-cleaning-fluids","7":"product_cat-imago-food-printers","9":"first","10":"outofstock","11":"shipping-taxable","12":"product-type-variable"},"_links":{"self":[{"href":"https:\/\/dersuessestopp.com\/hu\/wp-json\/wp\/v2\/product\/9882","targetHints":{"allow":["GET"]}}],"collection":[{"href":"https:\/\/dersuessestopp.com\/hu\/wp-json\/wp\/v2\/product"}],"about":[{"href":"https:\/\/dersuessestopp.com\/hu\/wp-json\/wp\/v2\/types\/product"}],"replies":[{"embeddable":true,"href":"https:\/\/dersuessestopp.com\/hu\/wp-json\/wp\/v2\/comments?post=9882"}],"version-history":[{"count":1,"href":"https:\/\/dersuessestopp.com\/hu\/wp-json\/wp\/v2\/product\/9882\/revisions"}],"predecessor-version":[{"id":9991,"href":"https:\/\/dersuessestopp.com\/hu\/wp-json\/wp\/v2\/product\/9882\/revisions\/9991"}],"wp:featuredmedia":[{"embeddable":true,"href":"https:\/\/dersuessestopp.com\/hu\/wp-json\/wp\/v2\/media\/9881"}],"wp:attachment":[{"href":"https:\/\/dersuessestopp.com\/hu\/wp-json\/wp\/v2\/media?parent=9882"}],"wp:term":[{"taxonomy":"product_brand","embeddable":true,"href":"https:\/\/dersuessestopp.com\/hu\/wp-json\/wp\/v2\/product_brand?post=9882"},{"taxonomy":"product_cat","embeddable":true,"href":"https:\/\/dersuessestopp.com\/hu\/wp-json\/wp\/v2\/product_cat?post=9882"},{"taxonomy":"product_tag","embeddable":true,"href":"https:\/\/dersuessestopp.com\/hu\/wp-json\/wp\/v2\/product_tag?post=9882"}],"curies":[{"name":"wp","href":"https:\/\/api.w.org\/{rel}","templated":true}]}}