{"id":9878,"date":"2025-09-28T03:47:48","date_gmt":"2025-09-28T03:47:48","guid":{"rendered":"https:\/\/dersuessestopp.com\/product\/set-of-cartridges-for-cleaning-fluids-for-the-falco-confectionery-plotter-4-pcs\/"},"modified":"2025-09-28T04:09:56","modified_gmt":"2025-09-28T04:09:56","slug":"tisztitofolyadek-patron-keszlet-a-falco-cukrasz-plotterhez-4-db","status":"publish","type":"product","link":"https:\/\/dersuessestopp.com\/hu\/product\/set-of-cartridges-for-cleaning-fluids-for-the-falco-confectionery-plotter-4-pcs\/","title":{"rendered":"Patronk\u00e9szlet tiszt\u00edt\u00f3folyad\u00e9kokhoz a Falco cukr\u00e1sz plotterhez - 4 db."},"content":{"rendered":"<p>A Falco cukr\u00e1sz plotterhez 4 db \u00fcres patron k\u00e9szletet k\u00edn\u00e1lunk. Ezek az \u00e9lelmiszeriparhoz vannak igaz\u00edtva, \u00e9s IMAGO v\u00edzb\u00e1zis\u00fa tiszt\u00edt\u00f3szerrel val\u00f3 felt\u00f6lt\u00e9sre tervezt\u00e9k \u0151ket. A tiszt\u00edt\u00f3folyad\u00e9kkal ell\u00e1tott patronok seg\u00edtenek az \u00e9dess\u00e9gnyomtat\u00f3 j\u00f3 \u00e1llapotban tart\u00e1s\u00e1ban az \u00e1ll\u00e1sid\u0151 alatt. A patronok nem tartalmaznak tiszt\u00edt\u00f3szert.<\/p>","protected":false},"excerpt":{"rendered":"<p>\u00dcres patronok k\u00e9szlet tiszt\u00edt\u00f3folyad\u00e9kokhoz az IMAGO Falco cukr\u00e1sz plotterhez - 4 db.<\/p>","protected":false},"featured_media":9877,"comment_status":"open","ping_status":"closed","template":"","meta":[],"product_brand":[],"product_cat":[81,76,38,86],"product_tag":[],"class_list":{"0":"post-9878","1":"product","2":"type-product","3":"status-publish","4":"has-post-thumbnail","6":"product_cat-equipment-operation","7":"product_cat-food-printers","8":"product_cat-imago-food-printers","9":"product_cat-primers-and-cleaning-fluids","11":"first","12":"instock","13":"shipping-taxable","14":"purchasable","15":"product-type-simple"},"_links":{"self":[{"href":"https:\/\/dersuessestopp.com\/hu\/wp-json\/wp\/v2\/product\/9878","targetHints":{"allow":["GET"]}}],"collection":[{"href":"https:\/\/dersuessestopp.com\/hu\/wp-json\/wp\/v2\/product"}],"about":[{"href":"https:\/\/dersuessestopp.com\/hu\/wp-json\/wp\/v2\/types\/product"}],"replies":[{"embeddable":true,"href":"https:\/\/dersuessestopp.com\/hu\/wp-json\/wp\/v2\/comments?post=9878"}],"version-history":[{"count":1,"href":"https:\/\/dersuessestopp.com\/hu\/wp-json\/wp\/v2\/product\/9878\/revisions"}],"predecessor-version":[{"id":9993,"href":"https:\/\/dersuessestopp.com\/hu\/wp-json\/wp\/v2\/product\/9878\/revisions\/9993"}],"wp:featuredmedia":[{"embeddable":true,"href":"https:\/\/dersuessestopp.com\/hu\/wp-json\/wp\/v2\/media\/9877"}],"wp:attachment":[{"href":"https:\/\/dersuessestopp.com\/hu\/wp-json\/wp\/v2\/media?parent=9878"}],"wp:term":[{"taxonomy":"product_brand","embeddable":true,"href":"https:\/\/dersuessestopp.com\/hu\/wp-json\/wp\/v2\/product_brand?post=9878"},{"taxonomy":"product_cat","embeddable":true,"href":"https:\/\/dersuessestopp.com\/hu\/wp-json\/wp\/v2\/product_cat?post=9878"},{"taxonomy":"product_tag","embeddable":true,"href":"https:\/\/dersuessestopp.com\/hu\/wp-json\/wp\/v2\/product_tag?post=9878"}],"curies":[{"name":"wp","href":"https:\/\/api.w.org\/{rel}","templated":true}]}}