{"id":9876,"date":"2025-09-28T03:47:45","date_gmt":"2025-09-28T03:47:45","guid":{"rendered":"https:\/\/dersuessestopp.com\/product\/set-of-cartridges-for-cleaning-fluids-for-the-vulpes-confectionery-plotter-6-pcs\/"},"modified":"2025-09-28T04:10:18","modified_gmt":"2025-09-28T04:10:18","slug":"tisztitofolyadek-patron-keszlet-a-vulpes-cukrasz-plotterhez-6-db","status":"publish","type":"product","link":"https:\/\/dersuessestopp.com\/hu\/product\/set-of-cartridges-for-cleaning-fluids-for-the-vulpes-confectionery-plotter-6-pcs\/","title":{"rendered":"Tiszt\u00edt\u00f3folyad\u00e9k patron k\u00e9szlet a Vulpes cukr\u00e1sz plotterhez - 6 db."},"content":{"rendered":"<p>A Vulpes cukr\u00e1szplotterhez 6 db \u00fcres patronb\u00f3l \u00e1ll\u00f3 k\u00e9szletet k\u00edn\u00e1lunk patronos kivitelben. Ezek az \u00e9lelmiszeriparhoz vannak igaz\u00edtva, \u00e9s IMAGO v\u00edztiszt\u00edt\u00f3val val\u00f3 felt\u00f6lt\u00e9sre tervezt\u00e9k \u0151ket. A tiszt\u00edt\u00f3folyad\u00e9kkal ell\u00e1tott patronok lehet\u0151v\u00e9 teszik, hogy cukr\u00e1szati nyomtat\u00f3j\u00e1t j\u00f3 \u00e1llapotban tartsa az \u00e1ll\u00e1sid\u0151 alatt. A patronok nem tartalmaznak tiszt\u00edt\u00f3szert.<\/p>","protected":false},"excerpt":{"rendered":"<p>Kifejezetten IMAGO plotterekhez tervezett tiszt\u00edt\u00f3folyad\u00e9k patronok k\u00e9szlete, 6 db. A patronok garant\u00e1lj\u00e1k a plotter optim\u00e1lis teljes\u00edtm\u00e9ny\u00e9t. A folyad\u00e9kot \u00fagy tervezt\u00e9k, hogy k\u00edm\u00e9letesen kezelje a cukr\u00e1szplotter mechanizmusait, elt\u00e1vol\u00edtva minden szennyez\u0151d\u00e9st a k\u00e1rosod\u00e1s vesz\u00e9lye n\u00e9lk\u00fcl.<\/p>","protected":false},"featured_media":9875,"comment_status":"open","ping_status":"closed","template":"","meta":[],"product_brand":[],"product_cat":[81,76,86,38],"product_tag":[],"class_list":{"0":"post-9876","1":"product","2":"type-product","3":"status-publish","4":"has-post-thumbnail","6":"product_cat-equipment-operation","7":"product_cat-food-printers","8":"product_cat-primers-and-cleaning-fluids","9":"product_cat-imago-food-printers","11":"first","12":"instock","13":"shipping-taxable","14":"purchasable","15":"product-type-simple"},"_links":{"self":[{"href":"https:\/\/dersuessestopp.com\/hu\/wp-json\/wp\/v2\/product\/9876","targetHints":{"allow":["GET"]}}],"collection":[{"href":"https:\/\/dersuessestopp.com\/hu\/wp-json\/wp\/v2\/product"}],"about":[{"href":"https:\/\/dersuessestopp.com\/hu\/wp-json\/wp\/v2\/types\/product"}],"replies":[{"embeddable":true,"href":"https:\/\/dersuessestopp.com\/hu\/wp-json\/wp\/v2\/comments?post=9876"}],"version-history":[{"count":1,"href":"https:\/\/dersuessestopp.com\/hu\/wp-json\/wp\/v2\/product\/9876\/revisions"}],"predecessor-version":[{"id":9994,"href":"https:\/\/dersuessestopp.com\/hu\/wp-json\/wp\/v2\/product\/9876\/revisions\/9994"}],"wp:featuredmedia":[{"embeddable":true,"href":"https:\/\/dersuessestopp.com\/hu\/wp-json\/wp\/v2\/media\/9875"}],"wp:attachment":[{"href":"https:\/\/dersuessestopp.com\/hu\/wp-json\/wp\/v2\/media?parent=9876"}],"wp:term":[{"taxonomy":"product_brand","embeddable":true,"href":"https:\/\/dersuessestopp.com\/hu\/wp-json\/wp\/v2\/product_brand?post=9876"},{"taxonomy":"product_cat","embeddable":true,"href":"https:\/\/dersuessestopp.com\/hu\/wp-json\/wp\/v2\/product_cat?post=9876"},{"taxonomy":"product_tag","embeddable":true,"href":"https:\/\/dersuessestopp.com\/hu\/wp-json\/wp\/v2\/product_tag?post=9876"}],"curies":[{"name":"wp","href":"https:\/\/api.w.org\/{rel}","templated":true}]}}