{"id":9872,"date":"2025-09-28T03:47:31","date_gmt":"2025-09-28T03:47:31","guid":{"rendered":"https:\/\/dersuessestopp.com\/product\/rotor-device-for-printing-on-cylindrical-objects\/"},"modified":"2025-09-28T04:10:18","modified_gmt":"2025-09-28T04:10:18","slug":"hengeres-targyakra-valo-nyomtatasra-szolgalo-rotoros-eszkoz","status":"publish","type":"product","link":"https:\/\/dersuessestopp.com\/hu\/product\/rotor-device-for-printing-on-cylindrical-objects\/","title":{"rendered":"ROTOR - eszk\u00f6z hengeres t\u00e1rgyakra t\u00f6rt\u00e9n\u0151 nyomtat\u00e1shoz"},"content":{"rendered":"<p>A k\u00f6rk\u00f6r\u00f6s nyomtat\u00e1shoz k\u00e9sz\u00fclt Rotor mechanikus modul tart\u00f3s mechanikus kialak\u00edt\u00e1ssal \u00e9s intuit\u00edv be\u00e1ll\u00edt\u00e1si lehet\u0151s\u00e9ggel rendelkezik. A modul az Aquila UV LED-hez vagy Nanosolventhez m\u00e1gneses rendszer seg\u00edts\u00e9g\u00e9vel telep\u00edthet\u0151, aminek k\u00f6sz\u00f6nhet\u0151en a k\u00e9sz\u00fcl\u00e9k teljes m\u00e9rt\u00e9kben kompatibilis az IMAGO nyomtat\u00f3kkal, \u00e9s nem ig\u00e9nyel h\u00e1l\u00f3zati kapcsolatot. A s\u00edk\u00e1gyas digit\u00e1lis nyomtat\u00f3k nyomtat\u00e1si lehet\u0151s\u00e9geinek b\u0151v\u00edt\u00e9se A Rotor lehet\u0151v\u00e9 teszi a s\u00edk\u00e1gyas nyomtat\u00f3k nyomtat\u00e1si lehet\u0151s\u00e9geinek jelent\u0151s b\u0151v\u00edt\u00e9s\u00e9t a legmagasabb min\u0151s\u00e9g \u00e9s pontoss\u00e1g fenntart\u00e1sa mellett. A hengerek t\u00e1vols\u00e1g\u00e1nak be\u00e1ll\u00edt\u00e1sa lehet\u0151v\u00e9 teszi, hogy a modul pontosan a gyertya, palack vagy v\u00e1za \u00e1tm\u00e9r\u0151j\u00e9hez igazodjon. Emellett a r\u00e9szletszint-be\u00e1ll\u00edt\u00f3 funkci\u00f3 lehet\u0151v\u00e9 teszi a k\u00fapos term\u00e9kekre, p\u00e9ld\u00e1ul b\u00f6gr\u00e9kre \u00e9s vizespalackokra t\u00f6rt\u00e9n\u0151 nyomtat\u00e1st.<\/p>","protected":false},"excerpt":{"rendered":"<p>A ROTOR egy modern perif\u00e9ri\u00e1s megold\u00e1s hengeres, k\u00fapos \u00e9s g\u00f6mb alak\u00fa t\u00e1rgyak nyomtat\u00e1s\u00e1hoz az AQUILA UV LED \u00e9s AQUILA Nanosolvent nyomtat\u00f3kon. Seg\u00edts\u00e9g\u00e9vel k\u00f6nnyed\u00e9n nyomtathat gyerty\u00e1kra, \u00fcvegekre, bef\u0151ttes\u00fcvegekre, s\u0151t m\u00e9g kar\u00e1csonyi g\u00f6mb\u00f6kre is!<\/p>","protected":false},"featured_media":9871,"comment_status":"open","ping_status":"closed","template":"","meta":[],"product_brand":[],"product_cat":[82,38],"product_tag":[],"class_list":{"0":"post-9872","1":"product","2":"type-product","3":"status-publish","4":"has-post-thumbnail","6":"product_cat-peripheral-devices","7":"product_cat-imago-food-printers","9":"first","10":"instock","11":"shipping-taxable","12":"purchasable","13":"product-type-simple"},"_links":{"self":[{"href":"https:\/\/dersuessestopp.com\/hu\/wp-json\/wp\/v2\/product\/9872","targetHints":{"allow":["GET"]}}],"collection":[{"href":"https:\/\/dersuessestopp.com\/hu\/wp-json\/wp\/v2\/product"}],"about":[{"href":"https:\/\/dersuessestopp.com\/hu\/wp-json\/wp\/v2\/types\/product"}],"replies":[{"embeddable":true,"href":"https:\/\/dersuessestopp.com\/hu\/wp-json\/wp\/v2\/comments?post=9872"}],"version-history":[{"count":1,"href":"https:\/\/dersuessestopp.com\/hu\/wp-json\/wp\/v2\/product\/9872\/revisions"}],"predecessor-version":[{"id":9996,"href":"https:\/\/dersuessestopp.com\/hu\/wp-json\/wp\/v2\/product\/9872\/revisions\/9996"}],"wp:featuredmedia":[{"embeddable":true,"href":"https:\/\/dersuessestopp.com\/hu\/wp-json\/wp\/v2\/media\/9871"}],"wp:attachment":[{"href":"https:\/\/dersuessestopp.com\/hu\/wp-json\/wp\/v2\/media?parent=9872"}],"wp:term":[{"taxonomy":"product_brand","embeddable":true,"href":"https:\/\/dersuessestopp.com\/hu\/wp-json\/wp\/v2\/product_brand?post=9872"},{"taxonomy":"product_cat","embeddable":true,"href":"https:\/\/dersuessestopp.com\/hu\/wp-json\/wp\/v2\/product_cat?post=9872"},{"taxonomy":"product_tag","embeddable":true,"href":"https:\/\/dersuessestopp.com\/hu\/wp-json\/wp\/v2\/product_tag?post=9872"}],"curies":[{"name":"wp","href":"https:\/\/api.w.org\/{rel}","templated":true}]}}