{"id":9870,"date":"2025-09-28T03:47:27","date_gmt":"2025-09-28T03:47:27","guid":{"rendered":"https:\/\/dersuessestopp.com\/product\/vsg-module-suction-and-heating-attachment\/"},"modified":"2025-09-28T04:10:18","modified_gmt":"2025-09-28T04:10:18","slug":"vsg-modul-szivo-es-futoberendezes","status":"publish","type":"product","link":"https:\/\/dersuessestopp.com\/hu\/product\/vsg-module-suction-and-heating-attachment\/","title":{"rendered":"VSG modul - sz\u00edv\u00f3- \u00e9s f\u0171t\u0151csatlakoz\u00e1s"},"content":{"rendered":"<p>Egyszer\u0171 megold\u00e1s az IMAGO digit\u00e1lis nyomtat\u00f3k t\u00e1mogat\u00e1s\u00e1ra. A k\u00e9sz\u00fcl\u00e9k kialak\u00edt\u00e1sa eszt\u00e9tikus \u00e9s felhaszn\u00e1l\u00f3bar\u00e1t, \u00fczemeltet\u00e9se \u00e9s karbantart\u00e1sa pedig rendk\u00edv\u00fcl gazdas\u00e1gos. Amikor nincs haszn\u00e1latban, a VSG automatikusan kikapcsol, ami hozz\u00e1j\u00e1rul az \u00fczemeltet\u00e9si k\u00f6lts\u00e9gek cs\u00f6kkent\u00e9s\u00e9hez. Az egyes funkci\u00f3k mind\u00f6ssze h\u00e1rom gombbal vez\u00e9relhet\u0151k, \u00edgy a k\u00e9sz\u00fcl\u00e9k k\u00f6nnyen kezelhet\u0151.   Sz\u00edv\u00f3asztal UV LED- \u00e9s nanoszolvens nyomtat\u00f3khoz A VSG modul automatikusan kisim\u00edtja a hordoz\u00f3t nyomtat\u00e1s k\u00f6zben, \u00e9s lehet\u0151v\u00e9 teszi a v\u00e9kony anyagok al\u00e1t\u00e1maszt\u00e1s\u00e1t, n\u00f6velve ezzel a pap\u00edrra, f\u00f3li\u00e1ra, f\u00e9mlemezre, r\u00e9tegelt lemezre \u00e9s sz\u00f6vetre t\u00f6rt\u00e9n\u0151 UV LED-nyomtat\u00e1s pontoss\u00e1g\u00e1t \u00e9s megism\u00e9telhet\u0151s\u00e9g\u00e9t. Ugyanakkor megakad\u00e1lyozza a r\u00e9szletek deform\u00e1l\u00f3d\u00e1s\u00e1t az UV LED-l\u00e1mpa h\u0151 hat\u00e1s\u00e1ra, \u00edgy megk\u00f6nny\u00edti az akrilra, PVC-re \u00e9s m\u00e1s m\u0171anyagokra t\u00f6rt\u00e9n\u0151 nyomtat\u00e1st.    Nagy pontoss\u00e1g\u00fa nyomtat\u00e1s elox\u00e1lt alum\u00edniumra A h\u0151m\u00e9rs\u00e9klet funkci\u00f3 elox\u00e1lt alum\u00ednium lapokra t\u00f6rt\u00e9n\u0151 nyomtat\u00e1skor n\u00f6veli az el\u00e9rhet\u0151 sz\u00edntel\u00edtetts\u00e9get \u00e9s a nyomtat\u00e1si felbont\u00e1st a felesleges fest\u00e9k elp\u00e1rolg\u00e1sa r\u00e9v\u00e9n. Ugyanakkor a v\u00e1kuumasztal n\u00f6veli a nyomtat\u00e1si pontoss\u00e1got a f\u00e9mlemez munkaasztalon val\u00f3 stabiliz\u00e1l\u00e1s\u00e1val.   Nyomtat\u00e1si k\u00e9pess\u00e9gek k\u00e9pl\u00e9keny csokol\u00e1d\u00e9ra A VSG \u00e9lelmiszer-nyomtat\u00f3k eset\u00e9ben n\u00f6veli a csokol\u00e1d\u00e9ra t\u00f6rt\u00e9n\u0151 nyomtat\u00e1s min\u0151s\u00e9g\u00e9t, \u00e9s lehet\u0151v\u00e9 teszi, hogy a nyomtat\u00e1s ut\u00e1n k\u00e9pl\u00e9kenny\u00e9 form\u00e1lhat\u00f3 legyen. A v\u00e1kuumsz\u00edv\u00e1s viszont lehet\u0151v\u00e9 teszi a cukorpap\u00edrra \u00e9s transzferf\u00f3li\u00e1ra t\u00f6rt\u00e9n\u0151 nyomtat\u00e1st.<\/p>","protected":false},"excerpt":{"rendered":"<p>VSG modul - A legnagyobb pontoss\u00e1ggal nyomtathat v\u00e9kony anyagokra. A VSG modul egy univerz\u00e1lis szersz\u00e1m, amely v\u00e1kuumasztallal \u00e9s h\u0151m\u00e9rs\u00e9klet-szab\u00e1lyoz\u00f3 funkci\u00f3val van felszerelve. A modul lehet\u0151v\u00e9 teszi a nyomtat\u00e1st olyan nehezen nyomtathat\u00f3 anyagokra, mint p\u00e9ld\u00e1ul v\u00e9kony hordoz\u00f3k, k\u00f6nnyen deform\u00e1l\u00f3d\u00f3 anyagok \u00e9s olyan anyagok, amelyeken a nyomtat\u00e1si min\u0151s\u00e9g a h\u0151m\u00e9rs\u00e9klett\u0151l f\u00fcgg.<\/p>","protected":false},"featured_media":9869,"comment_status":"open","ping_status":"closed","template":"","meta":[],"product_brand":[],"product_cat":[83,38,82],"product_tag":[],"class_list":{"0":"post-9870","1":"product","2":"type-product","3":"status-publish","4":"has-post-thumbnail","6":"product_cat-devices","7":"product_cat-imago-food-printers","8":"product_cat-peripheral-devices","10":"first","11":"instock","12":"shipping-taxable","13":"purchasable","14":"product-type-simple"},"_links":{"self":[{"href":"https:\/\/dersuessestopp.com\/hu\/wp-json\/wp\/v2\/product\/9870","targetHints":{"allow":["GET"]}}],"collection":[{"href":"https:\/\/dersuessestopp.com\/hu\/wp-json\/wp\/v2\/product"}],"about":[{"href":"https:\/\/dersuessestopp.com\/hu\/wp-json\/wp\/v2\/types\/product"}],"replies":[{"embeddable":true,"href":"https:\/\/dersuessestopp.com\/hu\/wp-json\/wp\/v2\/comments?post=9870"}],"version-history":[{"count":1,"href":"https:\/\/dersuessestopp.com\/hu\/wp-json\/wp\/v2\/product\/9870\/revisions"}],"predecessor-version":[{"id":9997,"href":"https:\/\/dersuessestopp.com\/hu\/wp-json\/wp\/v2\/product\/9870\/revisions\/9997"}],"wp:featuredmedia":[{"embeddable":true,"href":"https:\/\/dersuessestopp.com\/hu\/wp-json\/wp\/v2\/media\/9869"}],"wp:attachment":[{"href":"https:\/\/dersuessestopp.com\/hu\/wp-json\/wp\/v2\/media?parent=9870"}],"wp:term":[{"taxonomy":"product_brand","embeddable":true,"href":"https:\/\/dersuessestopp.com\/hu\/wp-json\/wp\/v2\/product_brand?post=9870"},{"taxonomy":"product_cat","embeddable":true,"href":"https:\/\/dersuessestopp.com\/hu\/wp-json\/wp\/v2\/product_cat?post=9870"},{"taxonomy":"product_tag","embeddable":true,"href":"https:\/\/dersuessestopp.com\/hu\/wp-json\/wp\/v2\/product_tag?post=9870"}],"curies":[{"name":"wp","href":"https:\/\/api.w.org\/{rel}","templated":true}]}}