{"id":9868,"date":"2025-09-28T03:47:24","date_gmt":"2025-09-28T03:47:24","guid":{"rendered":"https:\/\/dersuessestopp.com\/product\/dust-collector-filters-20-pieces\/"},"modified":"2025-09-28T04:10:18","modified_gmt":"2025-09-28T04:10:18","slug":"porlevalaszto-szurok-20-db","status":"publish","type":"product","link":"https:\/\/dersuessestopp.com\/hu\/product\/dust-collector-filters-20-pieces\/","title":{"rendered":"Porlev\u00e1laszt\u00f3 sz\u0171r\u0151k, 20 darab"},"content":{"rendered":"<p>A speci\u00e1lisan tervezett sz\u0171r\u0151k elt\u00e1vol\u00edtj\u00e1k a finom por- \u00e9s szennyez\u0151d\u00e9sr\u00e9szecsk\u00e9ket, megv\u00e9dve az \u00e9rz\u00e9keny g\u00e9palkatr\u00e9szeket. A rendszeres sz\u0171r\u0151csere seg\u00edt fenntartani a g\u00e9p optim\u00e1lis teljes\u00edtm\u00e9ny\u00e9t, ami hosszabb \u00e9lettartamot \u00e9s alacsonyabb karbantart\u00e1si k\u00f6lts\u00e9geket jelent. A nyomtat\u00f3nkban haszn\u00e1lt porelsz\u00edv\u00f3 rendszer lehet\u0151v\u00e9 teszi, hogy egyenetlen fel\u00fcletekre \u00e9s poros anyagokra nyomtasson an\u00e9lk\u00fcl, hogy agg\u00f3dnia kellene a nyomtat\u00f3rendszer \u00e1llapota miatt.  A sz\u0171r\u0151k kompatibilisek az Aquila UV LED nyomtat\u00f3kkal \u00e9s a VULPES cukr\u00e1sz plotterekkel. A k\u00e9sz\u00fcl\u00e9kben l\u00e9v\u0151 sz\u0171r\u0151ket hetente egyszer aj\u00e1nlott kicser\u00e9lni. A porsz\u0171r\u0151k\u00e9szlet nem tartalmaz csipeszeket.<\/p>","protected":false},"excerpt":{"rendered":"<p>Porlev\u00e1laszt\u00f3 sz\u0171r\u0151k, 20 db - kulcsfontoss\u00e1g\u00fa elem a k\u00e9sz\u00fcl\u00e9k belsej\u00e9nek tiszt\u00e1n tart\u00e1s\u00e1hoz \u00e9s a nyomtat\u00f3fej j\u00f3 \u00e1llapotban tart\u00e1s\u00e1hoz.<\/p>","protected":false},"featured_media":9867,"comment_status":"open","ping_status":"closed","template":"","meta":[],"product_brand":[],"product_cat":[91,76,38,77],"product_tag":[],"class_list":{"0":"post-9868","1":"product","2":"type-product","3":"status-publish","4":"has-post-thumbnail","6":"product_cat-device-operation","7":"product_cat-food-printers","8":"product_cat-imago-food-printers","9":"product_cat-uv-led-printers","11":"first","12":"instock","13":"shipping-taxable","14":"purchasable","15":"product-type-simple"},"_links":{"self":[{"href":"https:\/\/dersuessestopp.com\/hu\/wp-json\/wp\/v2\/product\/9868","targetHints":{"allow":["GET"]}}],"collection":[{"href":"https:\/\/dersuessestopp.com\/hu\/wp-json\/wp\/v2\/product"}],"about":[{"href":"https:\/\/dersuessestopp.com\/hu\/wp-json\/wp\/v2\/types\/product"}],"replies":[{"embeddable":true,"href":"https:\/\/dersuessestopp.com\/hu\/wp-json\/wp\/v2\/comments?post=9868"}],"version-history":[{"count":1,"href":"https:\/\/dersuessestopp.com\/hu\/wp-json\/wp\/v2\/product\/9868\/revisions"}],"predecessor-version":[{"id":9998,"href":"https:\/\/dersuessestopp.com\/hu\/wp-json\/wp\/v2\/product\/9868\/revisions\/9998"}],"wp:featuredmedia":[{"embeddable":true,"href":"https:\/\/dersuessestopp.com\/hu\/wp-json\/wp\/v2\/media\/9867"}],"wp:attachment":[{"href":"https:\/\/dersuessestopp.com\/hu\/wp-json\/wp\/v2\/media?parent=9868"}],"wp:term":[{"taxonomy":"product_brand","embeddable":true,"href":"https:\/\/dersuessestopp.com\/hu\/wp-json\/wp\/v2\/product_brand?post=9868"},{"taxonomy":"product_cat","embeddable":true,"href":"https:\/\/dersuessestopp.com\/hu\/wp-json\/wp\/v2\/product_cat?post=9868"},{"taxonomy":"product_tag","embeddable":true,"href":"https:\/\/dersuessestopp.com\/hu\/wp-json\/wp\/v2\/product_tag?post=9868"}],"curies":[{"name":"wp","href":"https:\/\/api.w.org\/{rel}","templated":true}]}}