{"id":9866,"date":"2025-09-28T03:47:22","date_gmt":"2025-09-28T03:47:22","guid":{"rendered":"https:\/\/dersuessestopp.com\/product\/damper-for-aquila-uv-led-printers-1-piece\/"},"modified":"2025-09-28T04:10:19","modified_gmt":"2025-09-28T04:10:19","slug":"csillapito-aquila-uv-led-nyomtatokhoz-1-db","status":"publish","type":"product","link":"https:\/\/dersuessestopp.com\/hu\/product\/damper-for-aquila-uv-led-printers-1-piece\/","title":{"rendered":"Csappanty\u00fa (AQUILA UV LED nyomtat\u00f3khoz) 1 db"},"content":{"rendered":"<p>A csillap\u00edt\u00f3 garant\u00e1lja a fej folyamatos tintaell\u00e1t\u00e1s\u00e1t, kik\u00fcsz\u00f6b\u00f6lve a nyomtat\u00e1s megszakad\u00e1s\u00e1nak kock\u00e1zat\u00e1t \u00e9s biztos\u00edtva a nyomtat\u00f3 zavartalan m\u0171k\u00f6d\u00e9s\u00e9t. A csillap\u00edt\u00f3 belsej\u00e9ben egy \u00e1tfog\u00f3 szelep, sz\u0171r\u0151 \u00e9s membr\u00e1n egys\u00e9g tal\u00e1lhat\u00f3, amely hat\u00e9konyan tiszt\u00edtja \u00e9s szab\u00e1lyozza a tinta\u00e1raml\u00e1st. A csillap\u00edt\u00f3 nem csup\u00e1n egy tart\u00e1ly, hanem egy kulcsfontoss\u00e1g\u00fa alkatr\u00e9sz, amely biztos\u00edtja, hogy a nyomtat\u00f3fej optim\u00e1lis munkak\u00f6r\u00fclm\u00e9nyeket kapjon, ami a nyomatok pontoss\u00e1g\u00e1t \u00e9s tart\u00f3ss\u00e1g\u00e1t jelenti.<\/p>","protected":false},"excerpt":{"rendered":"<p>A csillap\u00edt\u00f3 k\u00f6zvetlen\u00fcl a nyomtat\u00f3fejre szerelt kulcsfontoss\u00e1g\u00fa alkatr\u00e9sz. F\u0151 feladata, hogy biztos\u00edtsa a fej folyamatos tintaell\u00e1t\u00e1s\u00e1t, ami k\u00f6zvetlen\u00fcl a nyomatok min\u0151s\u00e9g\u00e9t \u00e9s stabilit\u00e1s\u00e1t eredm\u00e9nyezi. Az \u00e1r 1 db csillap\u00edt\u00f3ra vonatkozik.<\/p>","protected":false},"featured_media":9838,"comment_status":"open","ping_status":"closed","template":"","meta":[],"product_brand":[],"product_cat":[75,77,38],"product_tag":[],"class_list":{"0":"post-9866","1":"product","2":"type-product","3":"status-publish","4":"has-post-thumbnail","6":"product_cat-operation-of-devices","7":"product_cat-uv-led-printers","8":"product_cat-imago-food-printers","10":"first","11":"instock","12":"shipping-taxable","13":"purchasable","14":"product-type-simple"},"_links":{"self":[{"href":"https:\/\/dersuessestopp.com\/hu\/wp-json\/wp\/v2\/product\/9866","targetHints":{"allow":["GET"]}}],"collection":[{"href":"https:\/\/dersuessestopp.com\/hu\/wp-json\/wp\/v2\/product"}],"about":[{"href":"https:\/\/dersuessestopp.com\/hu\/wp-json\/wp\/v2\/types\/product"}],"replies":[{"embeddable":true,"href":"https:\/\/dersuessestopp.com\/hu\/wp-json\/wp\/v2\/comments?post=9866"}],"version-history":[{"count":1,"href":"https:\/\/dersuessestopp.com\/hu\/wp-json\/wp\/v2\/product\/9866\/revisions"}],"predecessor-version":[{"id":10003,"href":"https:\/\/dersuessestopp.com\/hu\/wp-json\/wp\/v2\/product\/9866\/revisions\/10003"}],"wp:featuredmedia":[{"embeddable":true,"href":"https:\/\/dersuessestopp.com\/hu\/wp-json\/wp\/v2\/media\/9838"}],"wp:attachment":[{"href":"https:\/\/dersuessestopp.com\/hu\/wp-json\/wp\/v2\/media?parent=9866"}],"wp:term":[{"taxonomy":"product_brand","embeddable":true,"href":"https:\/\/dersuessestopp.com\/hu\/wp-json\/wp\/v2\/product_brand?post=9866"},{"taxonomy":"product_cat","embeddable":true,"href":"https:\/\/dersuessestopp.com\/hu\/wp-json\/wp\/v2\/product_cat?post=9866"},{"taxonomy":"product_tag","embeddable":true,"href":"https:\/\/dersuessestopp.com\/hu\/wp-json\/wp\/v2\/product_tag?post=9866"}],"curies":[{"name":"wp","href":"https:\/\/api.w.org\/{rel}","templated":true}]}}