{"id":9865,"date":"2025-09-28T03:47:22","date_gmt":"2025-09-28T03:47:22","guid":{"rendered":"https:\/\/dersuessestopp.com\/product\/ffc-ribbon-set-for-vulpes-and-aquila-class-devices\/"},"modified":"2025-09-28T04:10:19","modified_gmt":"2025-09-28T04:10:19","slug":"ffc-szalagkeszlet-vulpes-es-aquila-osztalyu-keszulekekhez","status":"publish","type":"product","link":"https:\/\/dersuessestopp.com\/hu\/product\/ffc-ribbon-set-for-vulpes-and-aquila-class-devices\/","title":{"rendered":"FFC szalagk\u00e9szlet (VULPES \u00e9s AQUILA oszt\u00e1ly\u00fa k\u00e9sz\u00fcl\u00e9kekhez)"},"content":{"rendered":"","protected":false},"excerpt":{"rendered":"<p>Az FFC szalagk\u00e9szlet p\u00f3tolhatatlan alkatr\u00e9sz, amely az eg\u00e9sz nyomtat\u00e1si folyamat pontoss\u00e1ga \u00e9s megb\u00edzhat\u00f3s\u00e1ga szempontj\u00e1b\u00f3l kulcsfontoss\u00e1g\u00fa.<\/p>","protected":false},"featured_media":9838,"comment_status":"open","ping_status":"closed","template":"","meta":[],"product_brand":[],"product_cat":[84,76,38,85,75,77],"product_tag":[],"class_list":{"0":"post-9865","1":"product","2":"type-product","3":"status-publish","4":"has-post-thumbnail","6":"product_cat-aluminum-printers","7":"product_cat-food-printers","8":"product_cat-imago-food-printers","9":"product_cat-nano-solvent-printers","10":"product_cat-operation-of-devices","11":"product_cat-uv-led-printers","13":"first","14":"instock","15":"shipping-taxable","16":"purchasable","17":"product-type-simple"},"_links":{"self":[{"href":"https:\/\/dersuessestopp.com\/hu\/wp-json\/wp\/v2\/product\/9865","targetHints":{"allow":["GET"]}}],"collection":[{"href":"https:\/\/dersuessestopp.com\/hu\/wp-json\/wp\/v2\/product"}],"about":[{"href":"https:\/\/dersuessestopp.com\/hu\/wp-json\/wp\/v2\/types\/product"}],"replies":[{"embeddable":true,"href":"https:\/\/dersuessestopp.com\/hu\/wp-json\/wp\/v2\/comments?post=9865"}],"version-history":[{"count":1,"href":"https:\/\/dersuessestopp.com\/hu\/wp-json\/wp\/v2\/product\/9865\/revisions"}],"predecessor-version":[{"id":10002,"href":"https:\/\/dersuessestopp.com\/hu\/wp-json\/wp\/v2\/product\/9865\/revisions\/10002"}],"wp:featuredmedia":[{"embeddable":true,"href":"https:\/\/dersuessestopp.com\/hu\/wp-json\/wp\/v2\/media\/9838"}],"wp:attachment":[{"href":"https:\/\/dersuessestopp.com\/hu\/wp-json\/wp\/v2\/media?parent=9865"}],"wp:term":[{"taxonomy":"product_brand","embeddable":true,"href":"https:\/\/dersuessestopp.com\/hu\/wp-json\/wp\/v2\/product_brand?post=9865"},{"taxonomy":"product_cat","embeddable":true,"href":"https:\/\/dersuessestopp.com\/hu\/wp-json\/wp\/v2\/product_cat?post=9865"},{"taxonomy":"product_tag","embeddable":true,"href":"https:\/\/dersuessestopp.com\/hu\/wp-json\/wp\/v2\/product_tag?post=9865"}],"curies":[{"name":"wp","href":"https:\/\/api.w.org\/{rel}","templated":true}]}}