{"id":9863,"date":"2025-09-28T03:47:22","date_gmt":"2025-09-28T03:47:22","guid":{"rendered":"https:\/\/dersuessestopp.com\/product\/x-encoder-belt-for-vulpes-and-aquila-class-devices\/"},"modified":"2025-09-28T04:10:18","modified_gmt":"2025-09-28T04:10:18","slug":"x-kodoloszij-vulpes-es-aquila-osztalyu-keszulekekhez","status":"publish","type":"product","link":"https:\/\/dersuessestopp.com\/hu\/product\/x-encoder-belt-for-vulpes-and-aquila-class-devices\/","title":{"rendered":"X k\u00f3dol\u00f3sz\u00edj (VULPES \u00e9s AQUILA oszt\u00e1ly\u00fa eszk\u00f6z\u00f6kh\u00f6z)"},"content":{"rendered":"<p>\u00c1lland\u00f3 poz\u00edci\u00f3 leolvas\u00e1sa: A k\u00f3dol\u00f3szalag biztos\u00edtja a kocsi\/fej poz\u00edci\u00f3j\u00e1nak folyamatos leolvas\u00e1s\u00e1t, ami elengedhetetlen a nyomtat\u00e1s stabilit\u00e1s\u00e1nak \u00e9s pontoss\u00e1g\u00e1nak fenntart\u00e1s\u00e1hoz. Robusztus fel\u00e9p\u00edt\u00e9s: A tart\u00f3s anyagokb\u00f3l k\u00e9sz\u00fclt k\u00f3dol\u00f3szalagot tart\u00f3ss\u00e1g, kop\u00e1s\u00e1ll\u00f3s\u00e1g \u00e9s hossz\u00fa \u00e9lettartam jellemzi. Kompatibilit\u00e1s az Imago modellekkel: Ez garant\u00e1lja a teljes kompatibilit\u00e1st \u00e9s a m\u0171k\u00f6d\u00e9si hat\u00e9konys\u00e1got.<\/p>","protected":false},"excerpt":{"rendered":"<p>A k\u00f3dol\u00f3szalag a nyomtat\u00e1si rendszer kulcsfontoss\u00e1g\u00fa eleme. Rendk\u00edv\u00fcl fontos alkatr\u00e9sz, amely befoly\u00e1solja a teljes nyomtat\u00e1si folyamat stabilit\u00e1s\u00e1t, pontoss\u00e1g\u00e1t \u00e9s hat\u00e9konys\u00e1g\u00e1t.<\/p>","protected":false},"featured_media":9838,"comment_status":"open","ping_status":"closed","template":"","meta":[],"product_brand":[],"product_cat":[84,76,85,75,77,38],"product_tag":[],"class_list":{"0":"post-9863","1":"product","2":"type-product","3":"status-publish","4":"has-post-thumbnail","6":"product_cat-aluminum-printers","7":"product_cat-food-printers","8":"product_cat-nano-solvent-printers","9":"product_cat-operation-of-devices","10":"product_cat-uv-led-printers","11":"product_cat-imago-food-printers","13":"first","14":"instock","15":"shipping-taxable","16":"purchasable","17":"product-type-simple"},"_links":{"self":[{"href":"https:\/\/dersuessestopp.com\/hu\/wp-json\/wp\/v2\/product\/9863","targetHints":{"allow":["GET"]}}],"collection":[{"href":"https:\/\/dersuessestopp.com\/hu\/wp-json\/wp\/v2\/product"}],"about":[{"href":"https:\/\/dersuessestopp.com\/hu\/wp-json\/wp\/v2\/types\/product"}],"replies":[{"embeddable":true,"href":"https:\/\/dersuessestopp.com\/hu\/wp-json\/wp\/v2\/comments?post=9863"}],"version-history":[{"count":1,"href":"https:\/\/dersuessestopp.com\/hu\/wp-json\/wp\/v2\/product\/9863\/revisions"}],"predecessor-version":[{"id":10000,"href":"https:\/\/dersuessestopp.com\/hu\/wp-json\/wp\/v2\/product\/9863\/revisions\/10000"}],"wp:featuredmedia":[{"embeddable":true,"href":"https:\/\/dersuessestopp.com\/hu\/wp-json\/wp\/v2\/media\/9838"}],"wp:attachment":[{"href":"https:\/\/dersuessestopp.com\/hu\/wp-json\/wp\/v2\/media?parent=9863"}],"wp:term":[{"taxonomy":"product_brand","embeddable":true,"href":"https:\/\/dersuessestopp.com\/hu\/wp-json\/wp\/v2\/product_brand?post=9863"},{"taxonomy":"product_cat","embeddable":true,"href":"https:\/\/dersuessestopp.com\/hu\/wp-json\/wp\/v2\/product_cat?post=9863"},{"taxonomy":"product_tag","embeddable":true,"href":"https:\/\/dersuessestopp.com\/hu\/wp-json\/wp\/v2\/product_tag?post=9863"}],"curies":[{"name":"wp","href":"https:\/\/api.w.org\/{rel}","templated":true}]}}