{"id":9862,"date":"2025-09-28T03:47:22","date_gmt":"2025-09-28T03:47:22","guid":{"rendered":"https:\/\/dersuessestopp.com\/product\/dust-free-sticks-5-pieces\/"},"modified":"2025-09-28T04:10:18","modified_gmt":"2025-09-28T04:10:18","slug":"pormentes-palcikak-5-db","status":"publish","type":"product","link":"https:\/\/dersuessestopp.com\/hu\/product\/dust-free-sticks-5-pieces\/","title":{"rendered":"Pormentes p\u00e1lcik\u00e1k, 5 db"},"content":{"rendered":"<p>Biztons\u00e1gos a nyomtat\u00f3fej sz\u00e1m\u00e1ra: A p\u00e1lcik\u00e1kat kifejezetten \u00fagy tervezt\u00e9k, hogy k\u00edm\u00e9letesek legyenek a nyomtat\u00f3fejhez, \u00edgy minim\u00e1lisra cs\u00f6kkentve a s\u00e9r\u00fcl\u00e9s kock\u00e1zat\u00e1t. Hat\u00e9kony szennyez\u0151d\u00e9selt\u00e1vol\u00edt\u00e1s: A p\u00e1lcik\u00e1k egyedi szerkezete lehet\u0151v\u00e9 teszi a szennyez\u0151d\u00e9sek, p\u00e9ld\u00e1ul a felesleges tinta vagy por hat\u00e9kony elt\u00e1vol\u00edt\u00e1s\u00e1t. Praktikus csomagol\u00e1s: A p\u00e1lcik\u00e1k olyan csomagol\u00e1sban vannak, amely biztos\u00edtja tisztas\u00e1gukat \u00e9s k\u00f6nny\u0171 t\u00e1rol\u00e1sukat, b\u00e1rmikor haszn\u00e1latra k\u00e9szen.<\/p>","protected":false},"excerpt":{"rendered":"<p>A pormentes\u00edt\u0151 p\u00e1lcika n\u00e9lk\u00fcl\u00f6zhetetlen eszk\u00f6z a nyomtat\u00f3fej \u00e9s a kupak pontos \u00e9s hat\u00e9kony tiszt\u00edt\u00e1s\u00e1hoz. Haszn\u00e1latuk seg\u00edt fenntartani a magas nyomtat\u00e1si min\u0151s\u00e9get a szennyez\u0151d\u00e9ssel \u00e9s a nyomtat\u00e1si neh\u00e9zs\u00e9gekkel kapcsolatos potenci\u00e1lis probl\u00e9m\u00e1k kik\u00fcsz\u00f6b\u00f6l\u00e9s\u00e9vel.<\/p>","protected":false},"featured_media":9861,"comment_status":"open","ping_status":"closed","template":"","meta":[],"product_brand":[],"product_cat":[84,76,38,85,75,77],"product_tag":[],"class_list":{"0":"post-9862","1":"product","2":"type-product","3":"status-publish","4":"has-post-thumbnail","6":"product_cat-aluminum-printers","7":"product_cat-food-printers","8":"product_cat-imago-food-printers","9":"product_cat-nano-solvent-printers","10":"product_cat-operation-of-devices","11":"product_cat-uv-led-printers","13":"first","14":"instock","15":"shipping-taxable","16":"purchasable","17":"product-type-simple"},"_links":{"self":[{"href":"https:\/\/dersuessestopp.com\/hu\/wp-json\/wp\/v2\/product\/9862","targetHints":{"allow":["GET"]}}],"collection":[{"href":"https:\/\/dersuessestopp.com\/hu\/wp-json\/wp\/v2\/product"}],"about":[{"href":"https:\/\/dersuessestopp.com\/hu\/wp-json\/wp\/v2\/types\/product"}],"replies":[{"embeddable":true,"href":"https:\/\/dersuessestopp.com\/hu\/wp-json\/wp\/v2\/comments?post=9862"}],"version-history":[{"count":1,"href":"https:\/\/dersuessestopp.com\/hu\/wp-json\/wp\/v2\/product\/9862\/revisions"}],"predecessor-version":[{"id":9999,"href":"https:\/\/dersuessestopp.com\/hu\/wp-json\/wp\/v2\/product\/9862\/revisions\/9999"}],"wp:featuredmedia":[{"embeddable":true,"href":"https:\/\/dersuessestopp.com\/hu\/wp-json\/wp\/v2\/media\/9861"}],"wp:attachment":[{"href":"https:\/\/dersuessestopp.com\/hu\/wp-json\/wp\/v2\/media?parent=9862"}],"wp:term":[{"taxonomy":"product_brand","embeddable":true,"href":"https:\/\/dersuessestopp.com\/hu\/wp-json\/wp\/v2\/product_brand?post=9862"},{"taxonomy":"product_cat","embeddable":true,"href":"https:\/\/dersuessestopp.com\/hu\/wp-json\/wp\/v2\/product_cat?post=9862"},{"taxonomy":"product_tag","embeddable":true,"href":"https:\/\/dersuessestopp.com\/hu\/wp-json\/wp\/v2\/product_tag?post=9862"}],"curies":[{"name":"wp","href":"https:\/\/api.w.org\/{rel}","templated":true}]}}