{"id":9860,"date":"2025-09-28T03:47:18","date_gmt":"2025-09-28T03:47:18","guid":{"rendered":"https:\/\/dersuessestopp.com\/product\/dust-free-cotton-swabs-20-pieces\/"},"modified":"2025-09-28T04:10:19","modified_gmt":"2025-09-28T04:10:19","slug":"pormentes-vattatampon-20-darab","status":"publish","type":"product","link":"https:\/\/dersuessestopp.com\/hu\/product\/dust-free-cotton-swabs-20-pieces\/","title":{"rendered":"Pormentes vattatamponok, 20 darab"},"content":{"rendered":"<p>K\u00edm\u00e9letes \u00e9s biztons\u00e1gos: K\u00edm\u00e9letesek a nyomtat\u00f3fejhez, kik\u00fcsz\u00f6b\u00f6lik a tiszt\u00edt\u00e1si folyamat sor\u00e1n bek\u00f6vetkez\u0151 s\u00e9r\u00fcl\u00e9sek kock\u00e1zat\u00e1t. A szennyez\u0151d\u00e9sek hat\u00e9kony elt\u00e1vol\u00edt\u00e1sa: Egyedi sz\u00e1lszerkezet\u00fcknek k\u00f6sz\u00f6nhet\u0151en a tamponok hat\u00e9konyan elt\u00e1vol\u00edtanak minden szennyez\u0151d\u00e9st, p\u00e9ld\u00e1ul a felesleges tint\u00e1t vagy port. K\u00e9nyelmes csomagol\u00e1s: A tamponok gondosan csomagolva vannak, hogy tiszt\u00e1n \u00e9s k\u00f6nnyen t\u00e1rolhat\u00f3k legyenek, mindig haszn\u00e1latra k\u00e9szen.<\/p>","protected":false},"excerpt":{"rendered":"<p>A pormentes tamponok megb\u00edzhat\u00f3 eszk\u00f6zt jelentenek az Imago nyomtat\u00f3 pontos \u00e9s hat\u00e9kony tiszt\u00edt\u00e1s\u00e1hoz.  Elengedhetetlenek a k\u00e9sz\u00fcl\u00e9k optim\u00e1lis teljes\u00edtm\u00e9ny\u00e9nek fenntart\u00e1s\u00e1hoz.<\/p>","protected":false},"featured_media":9859,"comment_status":"open","ping_status":"closed","template":"","meta":[],"product_brand":[],"product_cat":[84,81,76,38,85,77],"product_tag":[],"class_list":{"0":"post-9860","1":"product","2":"type-product","3":"status-publish","4":"has-post-thumbnail","6":"product_cat-aluminum-printers","7":"product_cat-equipment-operation","8":"product_cat-food-printers","9":"product_cat-imago-food-printers","10":"product_cat-nano-solvent-printers","11":"product_cat-uv-led-printers","13":"first","14":"instock","15":"shipping-taxable","16":"purchasable","17":"product-type-simple"},"_links":{"self":[{"href":"https:\/\/dersuessestopp.com\/hu\/wp-json\/wp\/v2\/product\/9860","targetHints":{"allow":["GET"]}}],"collection":[{"href":"https:\/\/dersuessestopp.com\/hu\/wp-json\/wp\/v2\/product"}],"about":[{"href":"https:\/\/dersuessestopp.com\/hu\/wp-json\/wp\/v2\/types\/product"}],"replies":[{"embeddable":true,"href":"https:\/\/dersuessestopp.com\/hu\/wp-json\/wp\/v2\/comments?post=9860"}],"version-history":[{"count":1,"href":"https:\/\/dersuessestopp.com\/hu\/wp-json\/wp\/v2\/product\/9860\/revisions"}],"predecessor-version":[{"id":10004,"href":"https:\/\/dersuessestopp.com\/hu\/wp-json\/wp\/v2\/product\/9860\/revisions\/10004"}],"wp:featuredmedia":[{"embeddable":true,"href":"https:\/\/dersuessestopp.com\/hu\/wp-json\/wp\/v2\/media\/9859"}],"wp:attachment":[{"href":"https:\/\/dersuessestopp.com\/hu\/wp-json\/wp\/v2\/media?parent=9860"}],"wp:term":[{"taxonomy":"product_brand","embeddable":true,"href":"https:\/\/dersuessestopp.com\/hu\/wp-json\/wp\/v2\/product_brand?post=9860"},{"taxonomy":"product_cat","embeddable":true,"href":"https:\/\/dersuessestopp.com\/hu\/wp-json\/wp\/v2\/product_cat?post=9860"},{"taxonomy":"product_tag","embeddable":true,"href":"https:\/\/dersuessestopp.com\/hu\/wp-json\/wp\/v2\/product_tag?post=9860"}],"curies":[{"name":"wp","href":"https:\/\/api.w.org\/{rel}","templated":true}]}}