{"id":9858,"date":"2025-09-28T03:47:11","date_gmt":"2025-09-28T03:47:11","guid":{"rendered":"https:\/\/dersuessestopp.com\/product\/tweezers\/"},"modified":"2025-09-28T04:10:19","modified_gmt":"2025-09-28T04:10:19","slug":"csipesz","status":"publish","type":"product","link":"https:\/\/dersuessestopp.com\/hu\/product\/tweezers\/","title":{"rendered":"Csipeszek"},"content":{"rendered":"<p>Pontos kivitelez\u00e9s: T\u00f6k\u00e9letes a nyomtat\u00f3k szervizel\u00e9sekor a kis alkatr\u00e9szek manipul\u00e1l\u00e1s\u00e1hoz. Ergonomikus kialak\u00edt\u00e1s: A csipesz k\u00e9nyelmes \u00e9s ergonomikus form\u00e1ja biztos\u00edtja a k\u00e9nyelmes haszn\u00e1latot, m\u00e9g hosszabb haszn\u00e1lat sor\u00e1n is. Tart\u00f3s anyagok: A felhaszn\u00e1lt anyagok garant\u00e1lj\u00e1k a tart\u00f3ss\u00e1got \u00e9s a s\u00e9r\u00fcl\u00e9sekkel szembeni ellen\u00e1ll\u00e1st, ami azt jelenti, hogy a csipesz sz\u00e1mos feladat sor\u00e1n j\u00f3 szolg\u00e1latot tesz.<\/p>","protected":false},"excerpt":{"rendered":"<p>A csipeszek az IMAGO nyomtat\u00f3 szervizk\u00e9szlet\u00e9nek kicsi, de rendk\u00edv\u00fcl fontos r\u00e9sz\u00e9t k\u00e9pezik.<\/p>","protected":false},"featured_media":9857,"comment_status":"open","ping_status":"closed","template":"","meta":[],"product_brand":[],"product_cat":[84,76,38,85,75,77],"product_tag":[],"class_list":{"0":"post-9858","1":"product","2":"type-product","3":"status-publish","4":"has-post-thumbnail","6":"product_cat-aluminum-printers","7":"product_cat-food-printers","8":"product_cat-imago-food-printers","9":"product_cat-nano-solvent-printers","10":"product_cat-operation-of-devices","11":"product_cat-uv-led-printers","13":"first","14":"instock","15":"shipping-taxable","16":"purchasable","17":"product-type-simple"},"_links":{"self":[{"href":"https:\/\/dersuessestopp.com\/hu\/wp-json\/wp\/v2\/product\/9858","targetHints":{"allow":["GET"]}}],"collection":[{"href":"https:\/\/dersuessestopp.com\/hu\/wp-json\/wp\/v2\/product"}],"about":[{"href":"https:\/\/dersuessestopp.com\/hu\/wp-json\/wp\/v2\/types\/product"}],"replies":[{"embeddable":true,"href":"https:\/\/dersuessestopp.com\/hu\/wp-json\/wp\/v2\/comments?post=9858"}],"version-history":[{"count":1,"href":"https:\/\/dersuessestopp.com\/hu\/wp-json\/wp\/v2\/product\/9858\/revisions"}],"predecessor-version":[{"id":10005,"href":"https:\/\/dersuessestopp.com\/hu\/wp-json\/wp\/v2\/product\/9858\/revisions\/10005"}],"wp:featuredmedia":[{"embeddable":true,"href":"https:\/\/dersuessestopp.com\/hu\/wp-json\/wp\/v2\/media\/9857"}],"wp:attachment":[{"href":"https:\/\/dersuessestopp.com\/hu\/wp-json\/wp\/v2\/media?parent=9858"}],"wp:term":[{"taxonomy":"product_brand","embeddable":true,"href":"https:\/\/dersuessestopp.com\/hu\/wp-json\/wp\/v2\/product_brand?post=9858"},{"taxonomy":"product_cat","embeddable":true,"href":"https:\/\/dersuessestopp.com\/hu\/wp-json\/wp\/v2\/product_cat?post=9858"},{"taxonomy":"product_tag","embeddable":true,"href":"https:\/\/dersuessestopp.com\/hu\/wp-json\/wp\/v2\/product_tag?post=9858"}],"curies":[{"name":"wp","href":"https:\/\/api.w.org\/{rel}","templated":true}]}}